{"id":7566,"date":"2025-03-15T11:47:28","date_gmt":"2025-03-15T10:47:28","guid":{"rendered":"https:\/\/www.algaia.com\/?page_id=7566"},"modified":"2025-05-25T17:08:47","modified_gmt":"2025-05-25T15:08:47","slug":"lannilis","status":"publish","type":"page","link":"https:\/\/www.algaia.com\/index.php\/lannilis\/","title":{"rendered":"Lannilis"},"content":{"rendered":"<p>[et_pb_section fb_built=\u00a0\u00bb1&Prime; fullwidth=\u00a0\u00bbon\u00a0\u00bb _builder_version=\u00a0\u00bb4.27.4&Prime; background_image=\u00a0\u00bbhttps:\/\/www.algaia.com\/wp-content\/uploads\/2025\/03\/Bandeau-Lannilis.jpg\u00a0\u00bb custom_padding=\u00a0\u00bb53px|0px|78px|0px|false|false\u00a0\u00bb global_colors_info=\u00a0\u00bb{}\u00a0\u00bb][et_pb_fullwidth_header subhead=\u00a0\u00bbLANNILIS\u00a0\u00bb _builder_version=\u00a0\u00bb4.27.4&Prime; title_font=\u00a0\u00bb||||||||\u00a0\u00bb title_text_align=\u00a0\u00bbcenter\u00a0\u00bb content_font=\u00a0\u00bb|600|||||||\u00a0\u00bb content_text_align=\u00a0\u00bbcenter\u00a0\u00bb content_font_size=\u00a0\u00bb30px\u00a0\u00bb subhead_font=\u00a0\u00bb||||||||\u00a0\u00bb subhead_text_align=\u00a0\u00bbcenter\u00a0\u00bb subhead_font_size=\u00a0\u00bb24px\u00a0\u00bb background_color=\u00a0\u00bbrgba(126,190,197,0)\u00a0\u00bb global_colors_info=\u00a0\u00bb{}\u00a0\u00bb]<\/p>\n<p>UNIT\u00c9 DE PRODUCTION<\/p>\n<p>[\/et_pb_fullwidth_header][\/et_pb_section][et_pb_section fb_built=\u00a0\u00bb1&Prime; _builder_version=\u00a0\u00bb4.16&Prime; custom_padding=\u00a0\u00bb0|0px|0|0px|false|false\u00a0\u00bb global_colors_info=\u00a0\u00bb{}\u00a0\u00bb][et_pb_row column_structure=\u00a0\u00bb1_3,1_3,1_3&Prime; _builder_version=\u00a0\u00bb4.16&Prime; custom_padding=\u00a0\u00bb47px|0px|1px|0px|false|false\u00a0\u00bb global_colors_info=\u00a0\u00bb{}\u00a0\u00bb][et_pb_column type=\u00a0\u00bb1_3&Prime; _builder_version=\u00a0\u00bb4.16&Prime; custom_padding=\u00a0\u00bb|||\u00a0\u00bb global_colors_info=\u00a0\u00bb{}\u00a0\u00bb custom_padding__hover=\u00a0\u00bb|||\u00a0\u00bb][et_pb_image src=\u00a0\u00bbhttps:\/\/www.algaia.com\/wp-content\/uploads\/2021\/11\/Mer-iroise.jpg\u00a0\u00bb title_text=\u00a0\u00bbMer iroise\u00a0\u00bb _builder_version=\u00a0\u00bb4.27.4&Prime; _module_preset=\u00a0\u00bbdefault\u00a0\u00bb global_colors_info=\u00a0\u00bb{}\u00a0\u00bb][\/et_pb_image][\/et_pb_column][et_pb_column type=\u00a0\u00bb1_3&Prime; _builder_version=\u00a0\u00bb4.16&Prime; custom_padding=\u00a0\u00bb|||\u00a0\u00bb global_colors_info=\u00a0\u00bb{}\u00a0\u00bb custom_padding__hover=\u00a0\u00bb|||\u00a0\u00bb][et_pb_text _builder_version=\u00a0\u00bb4.27.4&Prime; text_font_size=\u00a0\u00bb17px\u00a0\u00bb hover_enabled=\u00a0\u00bb0&Prime; global_colors_info=\u00a0\u00bb{}\u00a0\u00bb sticky_enabled=\u00a0\u00bb0&Prime;]<\/p>\n<p>Situ\u00e9e \u00e0 Lannilis et comprenant 75 collaborateurs, l&rsquo;unit\u00e9 de production d&rsquo;Algaia est au c\u0153ur de l&rsquo;industrie des biotechnologies marines et se consacre \u00e0 la valorisation des algues brunes issues de la mer d&rsquo;Iroise, afin de proposer des extraits d&rsquo;algues pour de multiples secteurs d&rsquo;activit\u00e9 :<\/p>\n<ul>\n<li>VIVAPUR\u00ae Alginates pour les secteurs de l\u2019alimentation humaine et animale ainsi que pour les applications techniques et industrielles<\/li>\n<li>VIVASTAR\u00ae Alginates pour les cosm\u00e9tiques, les produits de soin et les produits d\u2019entretien de la maison,<\/li>\n<li>VIVAPHARM\u00ae Alginates pour les produits pour dispositifs m\u00e9dicaux<\/li>\n<li>ALGANACT\u00ae Agri-ingr\u00e9dients pour une agriculture responsable<\/li>\n<\/ul>\n<p>&nbsp;<\/p>\n<p>[\/et_pb_text][\/et_pb_column][et_pb_column type=\u00a0\u00bb1_3&Prime; _builder_version=\u00a0\u00bb4.16&Prime; custom_padding=\u00a0\u00bb|||\u00a0\u00bb global_colors_info=\u00a0\u00bb{}\u00a0\u00bb custom_padding__hover=\u00a0\u00bb|||\u00a0\u00bb][et_pb_image src=\u00a0\u00bbhttps:\/\/www.algaia.com\/wp-content\/uploads\/2021\/10\/Capture-de\u0301cran-2021-10-20-a\u0300-11.26.33.png\u00a0\u00bb title_text=\u00a0\u00bbMacro-algues-formule verte\u00a0\u00bb _builder_version=\u00a0\u00bb4.27.4&Prime; _module_preset=\u00a0\u00bbdefault\u00a0\u00bb global_colors_info=\u00a0\u00bb{}\u00a0\u00bb][\/et_pb_image][\/et_pb_column][\/et_pb_row][et_pb_row _builder_version=\u00a0\u00bb4.27.4&Prime; _module_preset=\u00a0\u00bbdefault\u00a0\u00bb global_colors_info=\u00a0\u00bb{}\u00a0\u00bb][et_pb_column type=\u00a0\u00bb4_4&Prime; _builder_version=\u00a0\u00bb4.27.4&Prime; _module_preset=\u00a0\u00bbdefault\u00a0\u00bb global_colors_info=\u00a0\u00bb{}\u00a0\u00bb][et_pb_text _builder_version=\u00a0\u00bb4.27.4&Prime; _module_preset=\u00a0\u00bbdefault\u00a0\u00bb text_font_size=\u00a0\u00bb17px\u00a0\u00bb global_colors_info=\u00a0\u00bb{}\u00a0\u00bb]<\/p>\n<h3 data-start=\"361\" data-end=\"393\"><span style=\"color: #20838e;\"><strong data-start=\"361\" data-end=\"393\">Une localisation strat\u00e9gique<\/strong><\/span><\/h3>\n<p data-start=\"395\" data-end=\"739\">L&rsquo;usine de Lannilis b\u00e9n\u00e9ficie d&rsquo;une position privil\u00e9gi\u00e9e, \u00e0 proximit\u00e9 imm\u00e9diate de l&rsquo;un des plus vastes champs naturels d&rsquo;algues brunes d&rsquo;Europe. Cette situation permet une transformation rapide des algues fra\u00eeches, r\u00e9colt\u00e9es localement par les go\u00e9moniers, garantissant ainsi des produits de haute qualit\u00e9.<\/p>\n<p>[\/et_pb_text][\/et_pb_column][\/et_pb_row][\/et_pb_section][et_pb_section fb_built=\u00a0\u00bb1&Prime; _builder_version=\u00a0\u00bb4.16&Prime; custom_padding=\u00a0\u00bb14px|0px|32px|0px|false|false\u00a0\u00bb global_colors_info=\u00a0\u00bb{}\u00a0\u00bb][et_pb_row column_structure=\u00a0\u00bb2_5,3_5&Prime; _builder_version=\u00a0\u00bb4.16&Prime; custom_padding=\u00a0\u00bb18px|0px|0|0px|false|false\u00a0\u00bb global_colors_info=\u00a0\u00bb{}\u00a0\u00bb][et_pb_column type=\u00a0\u00bb2_5&Prime; _builder_version=\u00a0\u00bb4.16&Prime; custom_padding=\u00a0\u00bb|||\u00a0\u00bb global_colors_info=\u00a0\u00bb{}\u00a0\u00bb custom_padding__hover=\u00a0\u00bb|||\u00a0\u00bb][et_pb_gallery gallery_ids=\u00a0\u00bb7574,7059,5509,4308,3317,3326,3338,3328,3234,2331&Prime; fullwidth=\u00a0\u00bbon\u00a0\u00bb _builder_version=\u00a0\u00bb4.27.4&Prime; module_alignment=\u00a0\u00bbcenter\u00a0\u00bb auto=\u00a0\u00bbon\u00a0\u00bb global_colors_info=\u00a0\u00bb{}\u00a0\u00bb][\/et_pb_gallery][\/et_pb_column][et_pb_column type=\u00a0\u00bb3_5&Prime; _builder_version=\u00a0\u00bb4.16&Prime; custom_padding=\u00a0\u00bb|||\u00a0\u00bb global_colors_info=\u00a0\u00bb{}\u00a0\u00bb custom_padding__hover=\u00a0\u00bb|||\u00a0\u00bb][et_pb_text _builder_version=\u00a0\u00bb4.27.4&Prime; text_font=\u00a0\u00bb||||||||\u00a0\u00bb text_font_size=\u00a0\u00bb17px\u00a0\u00bb header_font=\u00a0\u00bbrenogare||||||||\u00a0\u00bb header_text_color=\u00a0\u00bb#aadb24&Prime; header_2_font=\u00a0\u00bb||||||||\u00a0\u00bb header_2_text_color=\u00a0\u00bb#aadb24&Prime; header_2_font_size=\u00a0\u00bb22px\u00a0\u00bb header_3_font_size=\u00a0\u00bb26px\u00a0\u00bb global_colors_info=\u00a0\u00bb{}\u00a0\u00bb]<\/p>\n<h3>ENGAGEMENT ENVERS L&rsquo;INNOVATION ET L&rsquo;ENVIRONNEMENT<\/h3>\n<p data-start=\"741\" data-end=\"794\">\n<p data-start=\"796\" data-end=\"1235\">Algaia place l&rsquo;innovation au c\u0153ur de ses activit\u00e9s. L&rsquo;entreprise d\u00e9veloppe continuellement des technologies d&rsquo;extraction respectueuses de l&rsquo;environnement, visant \u00e0 valoriser pleinement la ressource algale tout en minimisant son empreinte \u00e9cologique. Cette approche s&rsquo;inscrit dans une d\u00e9marche de d\u00e9veloppement durable, en \u00e9troite collaboration avec les communaut\u00e9s locales et les autorit\u00e9s r\u00e9gionales. <span class=\"\" data-state=\"delayed-open\" aria-describedby=\"radix-:r25:\"><\/span><\/p>\n<div class=\"relative inline-flex items-center\"><\/div>\n<p>[\/et_pb_text][\/et_pb_column][\/et_pb_row][\/et_pb_section]<\/p>\n","protected":false},"excerpt":{"rendered":"<p>UNIT\u00c9 DE PRODUCTIONSitu\u00e9e \u00e0 Lannilis et comprenant 75 collaborateurs, l&rsquo;unit\u00e9 de production d&rsquo;Algaia est au c\u0153ur de l&rsquo;industrie des biotechnologies marines et se consacre \u00e0 la valorisation des algues brunes [&hellip;]<\/p>\n","protected":false},"author":1,"featured_media":0,"parent":0,"menu_order":0,"comment_status":"closed","ping_status":"closed","template":"","meta":{"_et_pb_use_builder":"on","_et_pb_old_content":"","_et_gb_content_width":"","_exactmetrics_skip_tracking":false,"_exactmetrics_sitenote_active":false,"_exactmetrics_sitenote_note":"","_exactmetrics_sitenote_category":0,"footnotes":""},"class_list":["post-7566","page","type-page","status-publish","hentry"],"yoast_head":"<!-- This site is optimized with the Yoast SEO plugin v27.6 - https:\/\/yoast.com\/product\/yoast-seo-wordpress\/ -->\n<title>Lannilis &#8226; Algaia<\/title>\n<meta name=\"robots\" content=\"index, follow, max-snippet:-1, max-image-preview:large, max-video-preview:-1\" \/>\n<link rel=\"canonical\" href=\"https:\/\/www.algaia.com\/index.php\/lannilis\/\" \/>\n<meta property=\"og:locale\" content=\"fr_FR\" \/>\n<meta property=\"og:type\" content=\"article\" \/>\n<meta property=\"og:title\" content=\"Lannilis &#8226; Algaia\" \/>\n<meta property=\"og:description\" content=\"UNIT\u00c9 DE PRODUCTIONSitu\u00e9e \u00e0 Lannilis et comprenant 75 collaborateurs, l&#039;unit\u00e9 de production d&#039;Algaia est au c\u0153ur de l&#039;industrie des biotechnologies marines et se consacre \u00e0 la valorisation des algues brunes [&hellip;]\" \/>\n<meta property=\"og:url\" content=\"https:\/\/www.algaia.com\/index.php\/lannilis\/\" \/>\n<meta property=\"og:site_name\" content=\"Algaia\" \/>\n<meta property=\"article:modified_time\" content=\"2025-05-25T15:08:47+00:00\" \/>\n<meta property=\"og:image\" content=\"https:\/\/www.algaia.com\/wp-content\/uploads\/2019\/02\/Algues-brunes2-1024x681.jpg\" \/>\n\t<meta property=\"og:image:width\" content=\"1024\" \/>\n\t<meta property=\"og:image:height\" content=\"681\" \/>\n\t<meta property=\"og:image:type\" content=\"image\/jpeg\" \/>\n<meta name=\"twitter:card\" content=\"summary_large_image\" \/>\n<meta name=\"twitter:label1\" content=\"Dur\u00e9e de lecture estim\u00e9e\" \/>\n\t<meta name=\"twitter:data1\" content=\"3 minutes\" \/>\n<script type=\"application\/ld+json\" class=\"yoast-schema-graph\">{\"@context\":\"https:\\\/\\\/schema.org\",\"@graph\":[{\"@type\":\"WebPage\",\"@id\":\"https:\\\/\\\/www.algaia.com\\\/index.php\\\/lannilis\\\/\",\"url\":\"https:\\\/\\\/www.algaia.com\\\/index.php\\\/lannilis\\\/\",\"name\":\"Lannilis &#8226; Algaia\",\"isPartOf\":{\"@id\":\"https:\\\/\\\/www.algaia.com\\\/#website\"},\"datePublished\":\"2025-03-15T10:47:28+00:00\",\"dateModified\":\"2025-05-25T15:08:47+00:00\",\"breadcrumb\":{\"@id\":\"https:\\\/\\\/www.algaia.com\\\/index.php\\\/lannilis\\\/#breadcrumb\"},\"inLanguage\":\"fr-FR\",\"potentialAction\":[{\"@type\":\"ReadAction\",\"target\":[\"https:\\\/\\\/www.algaia.com\\\/index.php\\\/lannilis\\\/\"]}]},{\"@type\":\"BreadcrumbList\",\"@id\":\"https:\\\/\\\/www.algaia.com\\\/index.php\\\/lannilis\\\/#breadcrumb\",\"itemListElement\":[{\"@type\":\"ListItem\",\"position\":1,\"name\":\"Home\",\"item\":\"https:\\\/\\\/www.algaia.com\\\/\"},{\"@type\":\"ListItem\",\"position\":2,\"name\":\"Lannilis\"}]},{\"@type\":\"WebSite\",\"@id\":\"https:\\\/\\\/www.algaia.com\\\/#website\",\"url\":\"https:\\\/\\\/www.algaia.com\\\/\",\"name\":\"Algaia\",\"description\":\"Your Algae Partner\",\"publisher\":{\"@id\":\"https:\\\/\\\/www.algaia.com\\\/#organization\"},\"potentialAction\":[{\"@type\":\"SearchAction\",\"target\":{\"@type\":\"EntryPoint\",\"urlTemplate\":\"https:\\\/\\\/www.algaia.com\\\/?s={search_term_string}\"},\"query-input\":{\"@type\":\"PropertyValueSpecification\",\"valueRequired\":true,\"valueName\":\"search_term_string\"}}],\"inLanguage\":\"fr-FR\"},{\"@type\":\"Organization\",\"@id\":\"https:\\\/\\\/www.algaia.com\\\/#organization\",\"name\":\"algaia\",\"url\":\"https:\\\/\\\/www.algaia.com\\\/\",\"logo\":{\"@type\":\"ImageObject\",\"inLanguage\":\"fr-FR\",\"@id\":\"https:\\\/\\\/www.algaia.com\\\/#\\\/schema\\\/logo\\\/image\\\/\",\"url\":\"https:\\\/\\\/www.algaia.com\\\/wp-content\\\/uploads\\\/2019\\\/03\\\/news.jpg\",\"contentUrl\":\"https:\\\/\\\/www.algaia.com\\\/wp-content\\\/uploads\\\/2019\\\/03\\\/news.jpg\",\"width\":358,\"height\":251,\"caption\":\"algaia\"},\"image\":{\"@id\":\"https:\\\/\\\/www.algaia.com\\\/#\\\/schema\\\/logo\\\/image\\\/\"},\"sameAs\":[\"https:\\\/\\\/www.linkedin.com\\\/company\\\/algaia\\\/\"]}]}<\/script>\n<!-- \/ Yoast SEO plugin. -->","yoast_head_json":{"title":"Lannilis &#8226; Algaia","robots":{"index":"index","follow":"follow","max-snippet":"max-snippet:-1","max-image-preview":"max-image-preview:large","max-video-preview":"max-video-preview:-1"},"canonical":"https:\/\/www.algaia.com\/index.php\/lannilis\/","og_locale":"fr_FR","og_type":"article","og_title":"Lannilis &#8226; Algaia","og_description":"UNIT\u00c9 DE PRODUCTIONSitu\u00e9e \u00e0 Lannilis et comprenant 75 collaborateurs, l'unit\u00e9 de production d'Algaia est au c\u0153ur de l'industrie des biotechnologies marines et se consacre \u00e0 la valorisation des algues brunes [&hellip;]","og_url":"https:\/\/www.algaia.com\/index.php\/lannilis\/","og_site_name":"Algaia","article_modified_time":"2025-05-25T15:08:47+00:00","og_image":[{"width":1024,"height":681,"url":"https:\/\/www.algaia.com\/wp-content\/uploads\/2019\/02\/Algues-brunes2-1024x681.jpg","type":"image\/jpeg"}],"twitter_card":"summary_large_image","twitter_misc":{"Dur\u00e9e de lecture estim\u00e9e":"3 minutes"},"schema":{"@context":"https:\/\/schema.org","@graph":[{"@type":"WebPage","@id":"https:\/\/www.algaia.com\/index.php\/lannilis\/","url":"https:\/\/www.algaia.com\/index.php\/lannilis\/","name":"Lannilis &#8226; Algaia","isPartOf":{"@id":"https:\/\/www.algaia.com\/#website"},"datePublished":"2025-03-15T10:47:28+00:00","dateModified":"2025-05-25T15:08:47+00:00","breadcrumb":{"@id":"https:\/\/www.algaia.com\/index.php\/lannilis\/#breadcrumb"},"inLanguage":"fr-FR","potentialAction":[{"@type":"ReadAction","target":["https:\/\/www.algaia.com\/index.php\/lannilis\/"]}]},{"@type":"BreadcrumbList","@id":"https:\/\/www.algaia.com\/index.php\/lannilis\/#breadcrumb","itemListElement":[{"@type":"ListItem","position":1,"name":"Home","item":"https:\/\/www.algaia.com\/"},{"@type":"ListItem","position":2,"name":"Lannilis"}]},{"@type":"WebSite","@id":"https:\/\/www.algaia.com\/#website","url":"https:\/\/www.algaia.com\/","name":"Algaia","description":"Your Algae Partner","publisher":{"@id":"https:\/\/www.algaia.com\/#organization"},"potentialAction":[{"@type":"SearchAction","target":{"@type":"EntryPoint","urlTemplate":"https:\/\/www.algaia.com\/?s={search_term_string}"},"query-input":{"@type":"PropertyValueSpecification","valueRequired":true,"valueName":"search_term_string"}}],"inLanguage":"fr-FR"},{"@type":"Organization","@id":"https:\/\/www.algaia.com\/#organization","name":"algaia","url":"https:\/\/www.algaia.com\/","logo":{"@type":"ImageObject","inLanguage":"fr-FR","@id":"https:\/\/www.algaia.com\/#\/schema\/logo\/image\/","url":"https:\/\/www.algaia.com\/wp-content\/uploads\/2019\/03\/news.jpg","contentUrl":"https:\/\/www.algaia.com\/wp-content\/uploads\/2019\/03\/news.jpg","width":358,"height":251,"caption":"algaia"},"image":{"@id":"https:\/\/www.algaia.com\/#\/schema\/logo\/image\/"},"sameAs":["https:\/\/www.linkedin.com\/company\/algaia\/"]}]}},"_links":{"self":[{"href":"https:\/\/www.algaia.com\/index.php\/wp-json\/wp\/v2\/pages\/7566","targetHints":{"allow":["GET"]}}],"collection":[{"href":"https:\/\/www.algaia.com\/index.php\/wp-json\/wp\/v2\/pages"}],"about":[{"href":"https:\/\/www.algaia.com\/index.php\/wp-json\/wp\/v2\/types\/page"}],"author":[{"embeddable":true,"href":"https:\/\/www.algaia.com\/index.php\/wp-json\/wp\/v2\/users\/1"}],"replies":[{"embeddable":true,"href":"https:\/\/www.algaia.com\/index.php\/wp-json\/wp\/v2\/comments?post=7566"}],"version-history":[{"count":8,"href":"https:\/\/www.algaia.com\/index.php\/wp-json\/wp\/v2\/pages\/7566\/revisions"}],"predecessor-version":[{"id":7945,"href":"https:\/\/www.algaia.com\/index.php\/wp-json\/wp\/v2\/pages\/7566\/revisions\/7945"}],"wp:attachment":[{"href":"https:\/\/www.algaia.com\/index.php\/wp-json\/wp\/v2\/media?parent=7566"}],"curies":[{"name":"wp","href":"https:\/\/api.w.org\/{rel}","templated":true}]}}