{"id":3616,"date":"2021-08-09T15:23:55","date_gmt":"2021-08-09T13:23:55","guid":{"rendered":"https:\/\/www.algaia.com\/index.php\/pour-les-acheteurs-dalgues\/"},"modified":"2022-10-28T11:11:58","modified_gmt":"2022-10-28T09:11:58","slug":"pour-les-acheteurs-dalgues","status":"publish","type":"page","link":"https:\/\/www.algaia.com\/index.php\/pour-les-acheteurs-dalgues\/","title":{"rendered":"Pour les acheteurs d&rsquo;Algues"},"content":{"rendered":"<p>[et_pb_section fb_built=\u00a0\u00bb1&Prime; fullwidth=\u00a0\u00bbon\u00a0\u00bb _builder_version=\u00a0\u00bb4.16&Prime; background_image=\u00a0\u00bbhttps:\/\/www.algaia.com\/wp-content\/uploads\/2019\/02\/Man-looking-at-cakes-123rf-12812664_l.jpg\u00a0\u00bb custom_padding=\u00a0\u00bb0px|0px|49px|0px|false|false\u00a0\u00bb global_colors_info=\u00a0\u00bb{}\u00a0\u00bb][et_pb_fullwidth_header _builder_version=\u00a0\u00bb4.17.4&Prime; title_font=\u00a0\u00bb||||||||\u00a0\u00bb title_text_align=\u00a0\u00bbcenter\u00a0\u00bb content_font=\u00a0\u00bb|600|||||||\u00a0\u00bb content_text_align=\u00a0\u00bbcenter\u00a0\u00bb content_font_size=\u00a0\u00bb30px\u00a0\u00bb subhead_font=\u00a0\u00bb||||||||\u00a0\u00bb subhead_text_align=\u00a0\u00bbcenter\u00a0\u00bb background_color=\u00a0\u00bbrgba(126,190,197,0)\u00a0\u00bb hover_enabled=\u00a0\u00bb0&Prime; global_colors_info=\u00a0\u00bb{}\u00a0\u00bb subhead=\u00a0\u00bbPRODUITS\u00a0\u00bb sticky_enabled=\u00a0\u00bb0&Prime;]<\/p>\n<p>POUR L&rsquo;INDUSTRIE ALIMENTAIRE<\/p>\n<p>[\/et_pb_fullwidth_header][\/et_pb_section][et_pb_section fb_built=\u00a0\u00bb1&Prime; _builder_version=\u00a0\u00bb4.16&Prime; custom_padding=\u00a0\u00bb36px|0px|11px|0px|false|false\u00a0\u00bb global_colors_info=\u00a0\u00bb{}\u00a0\u00bb][et_pb_row column_structure=\u00a0\u00bb2_3,1_3&Prime; _builder_version=\u00a0\u00bb4.16&Prime; custom_padding=\u00a0\u00bb0|0px|0|0px|false|false\u00a0\u00bb global_colors_info=\u00a0\u00bb{}\u00a0\u00bb][et_pb_column type=\u00a0\u00bb2_3&Prime; _builder_version=\u00a0\u00bb4.16&Prime; custom_padding=\u00a0\u00bb|||\u00a0\u00bb global_colors_info=\u00a0\u00bb{}\u00a0\u00bb custom_padding__hover=\u00a0\u00bb|||\u00a0\u00bb][et_pb_text _builder_version=\u00a0\u00bb4.17.4&Prime; header_font=\u00a0\u00bb||||||||\u00a0\u00bb header_4_font=\u00a0\u00bb||||||||\u00a0\u00bb header_4_text_color=\u00a0\u00bb#aadb24&Prime; global_colors_info=\u00a0\u00bb{}\u00a0\u00bb]<\/p>\n<p>Les clients utilisant des extraits d&rsquo;algues sont confront\u00e9s \u00e0 de nombreux d\u00e9fis pour trouver le bon produit ou obtenir un approvisionnement fiable.\u00a0 Nous fournissons des extraits d&rsquo;algues, fabriqu\u00e9s dans notre usine de Lanillis en Bretagne ou par notre partenaire au Chili, et un accompagnement en mati\u00e8re de formulation\u00a0 pour r\u00e9pondre \u00e0 vos exigences.<\/p>\n<h4><strong>Stabilit\u00e9 de la formulation, \u00e9volution de la bioactivit\u00e9<\/strong><\/h4>\n<p>Si votre d\u00e9veloppement commercial est bas\u00e9 sur des all\u00e9gations et des bioactivit\u00e9s sp\u00e9cifiques, une bonne compr\u00e9hension de la bioactivit\u00e9 du produit pendant la dur\u00e9e de conservation est indispensable. De plus, la compatibilit\u00e9 de l&rsquo;extrait avec d&rsquo;autres ingr\u00e9dients de votre produit doit \u00eatre int\u00e9gr\u00e9e. Nous sommes \u00e0 m\u00eame de vous accompagner pour d\u00e9finir les dosages optimaux pour votre appplication.<\/p>\n<p>Nous pouvons \u00e9galement \u00e9tudier la stabilit\u00e9 de la fonctionnalit\u00e9 des principes actifs dans des recettes complexes et leur \u00e9volution dans le temps.<\/p>\n<h4><strong>Contraintes r\u00e9glementaires et l\u00e9gales<\/strong><\/h4>\n<p>Notre \u00e9quipe est en mesure de fournir un support dans le traitement des r\u00e9clamations et des dossiers d&rsquo;all\u00e9gations. Si le cadre r\u00e9glementaire est assez diff\u00e9rent d&rsquo;un secteur \u00e0 l&rsquo;autre, la n\u00e9cessit\u00e9 d&rsquo;une analyse et d&rsquo;une caract\u00e9risation ad\u00e9quate est critique. La fonctionnalit\u00e9 du produit d\u00e9pend souvent de la formulation et de la composition du produit. Notre \u00e9quipe est reconnue comme un solide vivier d&rsquo;experts en analyses d&rsquo;algues et fournit les connaissances et la cr\u00e9dibilit\u00e9 n\u00e9cessaires \u00e0 la mise en place de dossiers r\u00e9glementaires sp\u00e9cifiques.<\/p>\n<p>[\/et_pb_text][\/et_pb_column][et_pb_column type=\u00a0\u00bb1_3&Prime; _builder_version=\u00a0\u00bb4.16&Prime; custom_padding=\u00a0\u00bb|||\u00a0\u00bb global_colors_info=\u00a0\u00bb{}\u00a0\u00bb custom_padding__hover=\u00a0\u00bb|||\u00a0\u00bb][et_pb_image src=\u00a0\u00bbhttps:\/\/www.algaia.com\/wp-content\/uploads\/2019\/02\/Saint-Lo\u0302-1-1.jpg\u00a0\u00bb align_tablet=\u00a0\u00bbcenter\u00a0\u00bb align_phone=\u00a0\u00bbcenter\u00a0\u00bb align_last_edited=\u00a0\u00bbon|desktop\u00a0\u00bb _builder_version=\u00a0\u00bb4.16&Prime; global_colors_info=\u00a0\u00bb{}\u00a0\u00bb][\/et_pb_image][\/et_pb_column][\/et_pb_row][\/et_pb_section][et_pb_section fb_built=\u00a0\u00bb1&Prime; _builder_version=\u00a0\u00bb4.16&Prime; custom_padding=\u00a0\u00bb14px|0px|0|0px|false|false\u00a0\u00bb global_colors_info=\u00a0\u00bb{}\u00a0\u00bb][et_pb_row column_structure=\u00a0\u00bb1_2,1_2&Prime; _builder_version=\u00a0\u00bb4.16&Prime; custom_padding=\u00a0\u00bb5px|0px|27px|0px|false|false\u00a0\u00bb global_colors_info=\u00a0\u00bb{}\u00a0\u00bb][et_pb_column type=\u00a0\u00bb1_2&Prime; _builder_version=\u00a0\u00bb4.16&Prime; custom_padding=\u00a0\u00bb|||\u00a0\u00bb global_colors_info=\u00a0\u00bb{}\u00a0\u00bb custom_padding__hover=\u00a0\u00bb|||\u00a0\u00bb][et_pb_cta title=\u00a0\u00bbNos recettes\u00a0\u00bb button_url=\u00a0\u00bbhttps:\/\/www.algaia.com\/fr\/index.php\/recettes-concepts\/\u00a0\u00bb url_new_window=\u00a0\u00bbon\u00a0\u00bb button_text=\u00a0\u00bbAcc\u00e9dez \u00e0 notre biblioth\u00e8que de recettes\u00a0\u00bb _builder_version=\u00a0\u00bb4.17.4&Prime; header_font=\u00a0\u00bbrenogare|700|||||||\u00a0\u00bb header_font_size=\u00a0\u00bb25px\u00a0\u00bb body_font=\u00a0\u00bb|600|||||||\u00a0\u00bb body_font_size=\u00a0\u00bb17px\u00a0\u00bb background_image=\u00a0\u00bbhttps:\/\/www.algaia.com\/wp-content\/uploads\/2022\/10\/Vegan-burger-web.jpg\u00a0\u00bb animation_style=\u00a0\u00bbzoom\u00a0\u00bb global_colors_info=\u00a0\u00bb{}\u00a0\u00bb]<\/p>\n<p>Nous aimons partager notre savoir-faire<br \/>en mati\u00e8re de formulation.<\/p>\n<p>[\/et_pb_cta][\/et_pb_column][et_pb_column type=\u00a0\u00bb1_2&Prime; _builder_version=\u00a0\u00bb4.16&Prime; custom_padding=\u00a0\u00bb|||\u00a0\u00bb global_colors_info=\u00a0\u00bb{}\u00a0\u00bb custom_padding__hover=\u00a0\u00bb|||\u00a0\u00bb][et_pb_cta title=\u00a0\u00bbBesoin d&rsquo;aide pour votre application ?\u00a0\u00bb button_url=\u00a0\u00bbhttps:\/\/www.algaia.com\/index.php\/contact\/?lang=fr\u00a0\u00bb url_new_window=\u00a0\u00bbon\u00a0\u00bb button_text=\u00a0\u00bbContactez-nous d\u00e8s aujourd&rsquo;hui\u00a0\u00bb _builder_version=\u00a0\u00bb4.16&Prime; header_font=\u00a0\u00bbrenogare|700|||||||\u00a0\u00bb header_font_size=\u00a0\u00bb25px\u00a0\u00bb body_font=\u00a0\u00bb|600|||||||\u00a0\u00bb body_font_size=\u00a0\u00bb17px\u00a0\u00bb background_image=\u00a0\u00bbhttps:\/\/www.algaia.com\/wp-content\/uploads\/2019\/02\/IMG_4868.jpg\u00a0\u00bb animation_style=\u00a0\u00bbzoom\u00a0\u00bb global_colors_info=\u00a0\u00bb{}\u00a0\u00bb]<\/p>\n<p>Appelez nos experts pour plus d&rsquo;informations ou une assistance technique.<\/p>\n<p>[\/et_pb_cta][\/et_pb_column][\/et_pb_row][\/et_pb_section]<\/p>\n","protected":false},"excerpt":{"rendered":"<p>POUR L&rsquo;INDUSTRIE ALIMENTAIRELes clients utilisant des extraits d&rsquo;algues sont confront\u00e9s \u00e0 de nombreux d\u00e9fis pour trouver le bon produit ou obtenir un approvisionnement fiable.\u00a0 Nous fournissons des extraits d&rsquo;algues, fabriqu\u00e9s [&hellip;]<\/p>\n","protected":false},"author":1,"featured_media":0,"parent":0,"menu_order":0,"comment_status":"closed","ping_status":"closed","template":"","meta":{"_et_pb_use_builder":"on","_et_pb_old_content":"","_et_gb_content_width":"","_exactmetrics_skip_tracking":false,"_exactmetrics_sitenote_active":false,"_exactmetrics_sitenote_note":"","_exactmetrics_sitenote_category":0,"footnotes":""},"class_list":["post-3616","page","type-page","status-publish","hentry"],"yoast_head":"<!-- This site is optimized with the Yoast SEO plugin v27.4 - https:\/\/yoast.com\/product\/yoast-seo-wordpress\/ -->\n<title>Pour les acheteurs d&#039;Algues &#8226; Algaia<\/title>\n<meta name=\"robots\" content=\"index, follow, max-snippet:-1, max-image-preview:large, max-video-preview:-1\" \/>\n<link rel=\"canonical\" href=\"https:\/\/www.algaia.com\/index.php\/pour-les-acheteurs-dalgues\/\" \/>\n<meta property=\"og:locale\" content=\"fr_FR\" \/>\n<meta property=\"og:type\" content=\"article\" \/>\n<meta property=\"og:title\" content=\"Pour les acheteurs d&#039;Algues &#8226; Algaia\" \/>\n<meta property=\"og:description\" content=\"POUR L&#039;INDUSTRIE ALIMENTAIRELes clients utilisant des extraits d&#039;algues sont confront\u00e9s \u00e0 de nombreux d\u00e9fis pour trouver le bon produit ou obtenir un approvisionnement fiable.\u00a0 Nous fournissons des extraits d&#039;algues, fabriqu\u00e9s [&hellip;]\" \/>\n<meta property=\"og:url\" content=\"https:\/\/www.algaia.com\/index.php\/pour-les-acheteurs-dalgues\/\" \/>\n<meta property=\"og:site_name\" content=\"Algaia\" \/>\n<meta property=\"article:modified_time\" content=\"2022-10-28T09:11:58+00:00\" \/>\n<meta property=\"og:image\" content=\"https:\/\/www.algaia.com\/wp-content\/uploads\/2019\/02\/Algues-brunes2-1024x681.jpg\" \/>\n\t<meta property=\"og:image:width\" content=\"1024\" \/>\n\t<meta property=\"og:image:height\" content=\"681\" \/>\n\t<meta property=\"og:image:type\" content=\"image\/jpeg\" \/>\n<meta name=\"twitter:card\" content=\"summary_large_image\" \/>\n<meta name=\"twitter:label1\" content=\"Dur\u00e9e de lecture estim\u00e9e\" \/>\n\t<meta name=\"twitter:data1\" content=\"3 minutes\" \/>\n<script type=\"application\/ld+json\" class=\"yoast-schema-graph\">{\"@context\":\"https:\\\/\\\/schema.org\",\"@graph\":[{\"@type\":\"WebPage\",\"@id\":\"https:\\\/\\\/www.algaia.com\\\/index.php\\\/pour-les-acheteurs-dalgues\\\/\",\"url\":\"https:\\\/\\\/www.algaia.com\\\/index.php\\\/pour-les-acheteurs-dalgues\\\/\",\"name\":\"Pour les acheteurs d'Algues &#8226; Algaia\",\"isPartOf\":{\"@id\":\"https:\\\/\\\/www.algaia.com\\\/#website\"},\"datePublished\":\"2021-08-09T13:23:55+00:00\",\"dateModified\":\"2022-10-28T09:11:58+00:00\",\"breadcrumb\":{\"@id\":\"https:\\\/\\\/www.algaia.com\\\/index.php\\\/pour-les-acheteurs-dalgues\\\/#breadcrumb\"},\"inLanguage\":\"fr-FR\",\"potentialAction\":[{\"@type\":\"ReadAction\",\"target\":[\"https:\\\/\\\/www.algaia.com\\\/index.php\\\/pour-les-acheteurs-dalgues\\\/\"]}]},{\"@type\":\"BreadcrumbList\",\"@id\":\"https:\\\/\\\/www.algaia.com\\\/index.php\\\/pour-les-acheteurs-dalgues\\\/#breadcrumb\",\"itemListElement\":[{\"@type\":\"ListItem\",\"position\":1,\"name\":\"Home\",\"item\":\"https:\\\/\\\/www.algaia.com\\\/\"},{\"@type\":\"ListItem\",\"position\":2,\"name\":\"Pour les acheteurs d&rsquo;Algues\"}]},{\"@type\":\"WebSite\",\"@id\":\"https:\\\/\\\/www.algaia.com\\\/#website\",\"url\":\"https:\\\/\\\/www.algaia.com\\\/\",\"name\":\"Algaia\",\"description\":\"Your Algae Partner\",\"publisher\":{\"@id\":\"https:\\\/\\\/www.algaia.com\\\/#organization\"},\"potentialAction\":[{\"@type\":\"SearchAction\",\"target\":{\"@type\":\"EntryPoint\",\"urlTemplate\":\"https:\\\/\\\/www.algaia.com\\\/?s={search_term_string}\"},\"query-input\":{\"@type\":\"PropertyValueSpecification\",\"valueRequired\":true,\"valueName\":\"search_term_string\"}}],\"inLanguage\":\"fr-FR\"},{\"@type\":\"Organization\",\"@id\":\"https:\\\/\\\/www.algaia.com\\\/#organization\",\"name\":\"algaia\",\"url\":\"https:\\\/\\\/www.algaia.com\\\/\",\"logo\":{\"@type\":\"ImageObject\",\"inLanguage\":\"fr-FR\",\"@id\":\"https:\\\/\\\/www.algaia.com\\\/#\\\/schema\\\/logo\\\/image\\\/\",\"url\":\"https:\\\/\\\/www.algaia.com\\\/wp-content\\\/uploads\\\/2019\\\/03\\\/news.jpg\",\"contentUrl\":\"https:\\\/\\\/www.algaia.com\\\/wp-content\\\/uploads\\\/2019\\\/03\\\/news.jpg\",\"width\":358,\"height\":251,\"caption\":\"algaia\"},\"image\":{\"@id\":\"https:\\\/\\\/www.algaia.com\\\/#\\\/schema\\\/logo\\\/image\\\/\"},\"sameAs\":[\"https:\\\/\\\/www.linkedin.com\\\/company\\\/algaia\\\/\"]}]}<\/script>\n<!-- \/ Yoast SEO plugin. -->","yoast_head_json":{"title":"Pour les acheteurs d'Algues &#8226; Algaia","robots":{"index":"index","follow":"follow","max-snippet":"max-snippet:-1","max-image-preview":"max-image-preview:large","max-video-preview":"max-video-preview:-1"},"canonical":"https:\/\/www.algaia.com\/index.php\/pour-les-acheteurs-dalgues\/","og_locale":"fr_FR","og_type":"article","og_title":"Pour les acheteurs d'Algues &#8226; Algaia","og_description":"POUR L'INDUSTRIE ALIMENTAIRELes clients utilisant des extraits d'algues sont confront\u00e9s \u00e0 de nombreux d\u00e9fis pour trouver le bon produit ou obtenir un approvisionnement fiable.\u00a0 Nous fournissons des extraits d'algues, fabriqu\u00e9s [&hellip;]","og_url":"https:\/\/www.algaia.com\/index.php\/pour-les-acheteurs-dalgues\/","og_site_name":"Algaia","article_modified_time":"2022-10-28T09:11:58+00:00","og_image":[{"width":1024,"height":681,"url":"https:\/\/www.algaia.com\/wp-content\/uploads\/2019\/02\/Algues-brunes2-1024x681.jpg","type":"image\/jpeg"}],"twitter_card":"summary_large_image","twitter_misc":{"Dur\u00e9e de lecture estim\u00e9e":"3 minutes"},"schema":{"@context":"https:\/\/schema.org","@graph":[{"@type":"WebPage","@id":"https:\/\/www.algaia.com\/index.php\/pour-les-acheteurs-dalgues\/","url":"https:\/\/www.algaia.com\/index.php\/pour-les-acheteurs-dalgues\/","name":"Pour les acheteurs d'Algues &#8226; Algaia","isPartOf":{"@id":"https:\/\/www.algaia.com\/#website"},"datePublished":"2021-08-09T13:23:55+00:00","dateModified":"2022-10-28T09:11:58+00:00","breadcrumb":{"@id":"https:\/\/www.algaia.com\/index.php\/pour-les-acheteurs-dalgues\/#breadcrumb"},"inLanguage":"fr-FR","potentialAction":[{"@type":"ReadAction","target":["https:\/\/www.algaia.com\/index.php\/pour-les-acheteurs-dalgues\/"]}]},{"@type":"BreadcrumbList","@id":"https:\/\/www.algaia.com\/index.php\/pour-les-acheteurs-dalgues\/#breadcrumb","itemListElement":[{"@type":"ListItem","position":1,"name":"Home","item":"https:\/\/www.algaia.com\/"},{"@type":"ListItem","position":2,"name":"Pour les acheteurs d&rsquo;Algues"}]},{"@type":"WebSite","@id":"https:\/\/www.algaia.com\/#website","url":"https:\/\/www.algaia.com\/","name":"Algaia","description":"Your Algae Partner","publisher":{"@id":"https:\/\/www.algaia.com\/#organization"},"potentialAction":[{"@type":"SearchAction","target":{"@type":"EntryPoint","urlTemplate":"https:\/\/www.algaia.com\/?s={search_term_string}"},"query-input":{"@type":"PropertyValueSpecification","valueRequired":true,"valueName":"search_term_string"}}],"inLanguage":"fr-FR"},{"@type":"Organization","@id":"https:\/\/www.algaia.com\/#organization","name":"algaia","url":"https:\/\/www.algaia.com\/","logo":{"@type":"ImageObject","inLanguage":"fr-FR","@id":"https:\/\/www.algaia.com\/#\/schema\/logo\/image\/","url":"https:\/\/www.algaia.com\/wp-content\/uploads\/2019\/03\/news.jpg","contentUrl":"https:\/\/www.algaia.com\/wp-content\/uploads\/2019\/03\/news.jpg","width":358,"height":251,"caption":"algaia"},"image":{"@id":"https:\/\/www.algaia.com\/#\/schema\/logo\/image\/"},"sameAs":["https:\/\/www.linkedin.com\/company\/algaia\/"]}]}},"_links":{"self":[{"href":"https:\/\/www.algaia.com\/index.php\/wp-json\/wp\/v2\/pages\/3616","targetHints":{"allow":["GET"]}}],"collection":[{"href":"https:\/\/www.algaia.com\/index.php\/wp-json\/wp\/v2\/pages"}],"about":[{"href":"https:\/\/www.algaia.com\/index.php\/wp-json\/wp\/v2\/types\/page"}],"author":[{"embeddable":true,"href":"https:\/\/www.algaia.com\/index.php\/wp-json\/wp\/v2\/users\/1"}],"replies":[{"embeddable":true,"href":"https:\/\/www.algaia.com\/index.php\/wp-json\/wp\/v2\/comments?post=3616"}],"version-history":[{"count":5,"href":"https:\/\/www.algaia.com\/index.php\/wp-json\/wp\/v2\/pages\/3616\/revisions"}],"predecessor-version":[{"id":5434,"href":"https:\/\/www.algaia.com\/index.php\/wp-json\/wp\/v2\/pages\/3616\/revisions\/5434"}],"wp:attachment":[{"href":"https:\/\/www.algaia.com\/index.php\/wp-json\/wp\/v2\/media?parent=3616"}],"curies":[{"name":"wp","href":"https:\/\/api.w.org\/{rel}","templated":true}]}}