{"id":3610,"date":"2021-08-09T14:58:37","date_gmt":"2021-08-09T12:58:37","guid":{"rendered":"https:\/\/www.algaia.com\/index.php\/analyses-biochimiques\/"},"modified":"2025-03-17T09:40:39","modified_gmt":"2025-03-17T08:40:39","slug":"analyses-biochimiques","status":"publish","type":"page","link":"https:\/\/www.algaia.com\/index.php\/analyses-biochimiques\/","title":{"rendered":"Analyses biochimiques"},"content":{"rendered":"<p>[et_pb_section fb_built=\u00a0\u00bb1&Prime; fullwidth=\u00a0\u00bbon\u00a0\u00bb _builder_version=\u00a0\u00bb4.27.4&Prime; background_image=\u00a0\u00bbhttps:\/\/www.algaia.com\/wp-content\/uploads\/2019\/02\/louis-reed-747388-unsplash.jpg\u00a0\u00bb custom_padding=\u00a0\u00bb53px|0px|78px|0px|false|false\u00a0\u00bb hover_enabled=\u00a0\u00bb0&Prime; global_colors_info=\u00a0\u00bb{}\u00a0\u00bb sticky_enabled=\u00a0\u00bb0&Prime;][et_pb_fullwidth_header subhead=\u00a0\u00bbANALYSES\u00a0\u00bb _builder_version=\u00a0\u00bb4.27.4&Prime; title_font=\u00a0\u00bb||||||||\u00a0\u00bb title_text_align=\u00a0\u00bbcenter\u00a0\u00bb content_font=\u00a0\u00bb|600|||||||\u00a0\u00bb content_text_align=\u00a0\u00bbcenter\u00a0\u00bb content_font_size=\u00a0\u00bb30px\u00a0\u00bb subhead_font=\u00a0\u00bb||||||||\u00a0\u00bb subhead_text_align=\u00a0\u00bbcenter\u00a0\u00bb background_color=\u00a0\u00bbrgba(126,190,197,0)\u00a0\u00bb hover_enabled=\u00a0\u00bb0&Prime; global_colors_info=\u00a0\u00bb{}\u00a0\u00bb subhead_font_size=\u00a0\u00bb21px\u00a0\u00bb sticky_enabled=\u00a0\u00bb0&Prime;]<\/p>\n<p>BIOCHIMIQUES<\/p>\n<p>[\/et_pb_fullwidth_header][\/et_pb_section][et_pb_section fb_built=\u00a0\u00bb1&Prime; _builder_version=\u00a0\u00bb4.16&Prime; custom_padding=\u00a0\u00bb18px|0px|11px|0px|false|false\u00a0\u00bb global_colors_info=\u00a0\u00bb{}\u00a0\u00bb][et_pb_row column_structure=\u00a0\u00bb2_3,1_3&Prime; _builder_version=\u00a0\u00bb4.16&Prime; custom_padding=\u00a0\u00bb0|0px|0|0px|false|false\u00a0\u00bb global_colors_info=\u00a0\u00bb{}\u00a0\u00bb][et_pb_column type=\u00a0\u00bb2_3&Prime; _builder_version=\u00a0\u00bb4.16&Prime; custom_padding=\u00a0\u00bb|||\u00a0\u00bb global_colors_info=\u00a0\u00bb{}\u00a0\u00bb custom_padding__hover=\u00a0\u00bb|||\u00a0\u00bb][et_pb_text _builder_version=\u00a0\u00bb4.27.4&Prime; hover_enabled=\u00a0\u00bb0&Prime; global_colors_info=\u00a0\u00bb{}\u00a0\u00bb text_font_size=\u00a0\u00bb17px\u00a0\u00bb sticky_enabled=\u00a0\u00bb0&Prime;]<\/p>\n<p>Les macro- et les micro-algues contiennent des compos\u00e9s sp\u00e9cifiques qui ne se trouvent pas dans d&rsquo;autres v\u00e9g\u00e9taux. Par cons\u00e9quent, l&rsquo;identification et la quantification de ces compos\u00e9s n\u00e9cessitent une connaissance approfondie des biomasses algales. Les meilleurs standards, une pr\u00e9paration optimis\u00e9e des \u00e9chantillons et des conditions analytiques sp\u00e9cifiques sont n\u00e9cessaires pour de telles analyses. Par ailleurs, le respect des r\u00e9glementations requiert de plus en plus la description d\u00e9taill\u00e9e de la composition des produits commercialis\u00e9s.<\/p>\n<p>Avec plus de 20 ans d&rsquo;exp\u00e9rience dans l&rsquo;industrie des algues et les analyses d&rsquo;algues, notre \u00e9quipe a d\u00e9velopp\u00e9 des proc\u00e9dures sur mesure des extraits (de l&rsquo;analyse proximale aux d\u00e9tails de la composition des polym\u00e8res, aux tailles\u2026) afin de vous proposer le bilan le meilleur et le plus pr\u00e9cis de votre biomasse ou de vos extraits algaux.<\/p>\n<p>Nous sommes en capacit\u00e9 d&rsquo;analyser :<\/p>\n<ul>\n<li>les saccharides (depuis les monosaccharides aux polysaccharides, de l&rsquo;identification, la quantification \u00e0 la caract\u00e9risation)<\/li>\n<li>les lipides (Om\u00e9ga 3, Om\u00e9ga 6, Phospholipides etc\u2026)<\/li>\n<li>les prot\u00e9ines (acides amin\u00e9s, analyse de poids mol\u00e9culaire etc..)<\/li>\n<li>Les compos\u00e9s ph\u00e9noliques<\/li>\n<li>Les pigments (Chlorophylle, Fucoxanthine, Astaxanthine, Phycocyanine\u2026)<\/li>\n<li>Les vitamines (Tocoph\u00e9rol, Acide Folique, Acide Ascorbique\u2026)<\/li>\n<li>Les polyamines (Spermin, Spermidine, Putrecin\u2026)<\/li>\n<li>Les sels (Calcium, Magn\u00e9sium, Phosphore\u2026)<\/li>\n<li>Les m\u00e9taux lourds (Arsenic, Cuivre, Plomb\u2026)<\/li>\n<li>La Caract\u00e9risation g\u00e9n\u00e9tique<\/li>\n<\/ul>\n<p>[\/et_pb_text][\/et_pb_column][et_pb_column type=\u00a0\u00bb1_3&Prime; _builder_version=\u00a0\u00bb4.16&Prime; custom_padding=\u00a0\u00bb|||\u00a0\u00bb global_colors_info=\u00a0\u00bb{}\u00a0\u00bb custom_padding__hover=\u00a0\u00bb|||\u00a0\u00bb][et_pb_cta title=\u00a0\u00bbBesoin d&rsquo;aide pour votre travail d&rsquo;analyse ?\u00a0\u00bb button_url=\u00a0\u00bbmailto:services@algaia.com\u00a0\u00bb url_new_window=\u00a0\u00bbon\u00a0\u00bb button_text=\u00a0\u00bbContactez-nous d\u00e8s aujourd&rsquo;hui\u00a0\u00bb _builder_version=\u00a0\u00bb4.27.4&Prime; header_font=\u00a0\u00bb&#8211;et_global_body_font|700|||||||\u00a0\u00bb header_font_size=\u00a0\u00bb32px\u00a0\u00bb body_font=\u00a0\u00bb|600|||||||\u00a0\u00bb body_font_size=\u00a0\u00bb17px\u00a0\u00bb background_image=\u00a0\u00bbhttps:\/\/www.algaia.com\/wp-content\/uploads\/2019\/02\/IMG_4908.jpg\u00a0\u00bb animation_style=\u00a0\u00bbzoom\u00a0\u00bb link_option_url=\u00a0\u00bbmailto:services@algaia.com\u00a0\u00bb link_option_url_new_window=\u00a0\u00bbon\u00a0\u00bb hover_enabled=\u00a0\u00bb0&Prime; text_shadow_style=\u00a0\u00bbpreset1&Prime; global_colors_info=\u00a0\u00bb{}\u00a0\u00bb custom_button=\u00a0\u00bbon\u00a0\u00bb button_text_size=\u00a0\u00bb21px\u00a0\u00bb sticky_enabled=\u00a0\u00bb0&Prime;]<\/p>\n<p>Appelez nos experts pour plus d&rsquo;informations, ou une assistance technique<\/p>\n<p>[\/et_pb_cta][\/et_pb_column][\/et_pb_row][\/et_pb_section][et_pb_section fb_built=\u00a0\u00bb1&Prime; _builder_version=\u00a0\u00bb4.16&Prime; custom_padding=\u00a0\u00bb14px|0px|32px|0px|false|false\u00a0\u00bb global_colors_info=\u00a0\u00bb{}\u00a0\u00bb][et_pb_row column_structure=\u00a0\u00bb1_3,1_3,1_3&Prime; _builder_version=\u00a0\u00bb4.16&Prime; custom_padding=\u00a0\u00bb5px|0px|27px|0px|false|false\u00a0\u00bb global_colors_info=\u00a0\u00bb{}\u00a0\u00bb][et_pb_column type=\u00a0\u00bb1_3&Prime; _builder_version=\u00a0\u00bb4.16&Prime; custom_padding=\u00a0\u00bb|||\u00a0\u00bb global_colors_info=\u00a0\u00bb{}\u00a0\u00bb custom_padding__hover=\u00a0\u00bb|||\u00a0\u00bb][et_pb_blurb title=\u00a0\u00bbPour les producteurs d&rsquo;algues\u00a0\u00bb url=\u00a0\u00bbhttps:\/\/www.algaia.com\/index.php\/pour-les-producteurs-dalgues\/?lang=fr\u00a0\u00bb url_new_window=\u00a0\u00bbon\u00a0\u00bb image=\u00a0\u00bbhttps:\/\/www.algaia.com\/wp-content\/uploads\/2025\/03\/Cultures-dalgues.jpg\u00a0\u00bb _builder_version=\u00a0\u00bb4.27.4&Prime; header_font=\u00a0\u00bb&#8211;et_global_body_font||||||||\u00a0\u00bb header_text_color=\u00a0\u00bb#aadb24&Prime; link_option_url=\u00a0\u00bbhttps:\/\/www.algaia.com\/index.php\/pour-les-producteurs-dalgues\/?lang=fr\u00a0\u00bb link_option_url_new_window=\u00a0\u00bbon\u00a0\u00bb hover_enabled=\u00a0\u00bb0&Prime; global_colors_info=\u00a0\u00bb{}\u00a0\u00bb title_text=\u00a0\u00bbCultures d&rsquo;algues\u00a0\u00bb sticky_enabled=\u00a0\u00bb0&Prime;]<\/p>\n<ul>\n<li>Optimiser les conditions de culture<\/li>\n<li>Assurer un contr\u00f4le qualit\u00e9 de pointe<\/li>\n<li>Comprendre les activit\u00e9s biologiques<br \/><a href=\"https:\/\/www.algaia.com\/index.php\/pour-les-producteurs-dalgues\/?lang=fr\">PLUS D&rsquo;INFORMATIONS<\/a><\/li>\n<\/ul>\n<p>&nbsp;<\/p>\n<p>[\/et_pb_blurb][\/et_pb_column][et_pb_column type=\u00a0\u00bb1_3&Prime; _builder_version=\u00a0\u00bb4.16&Prime; custom_padding=\u00a0\u00bb|||\u00a0\u00bb global_colors_info=\u00a0\u00bb{}\u00a0\u00bb custom_padding__hover=\u00a0\u00bb|||\u00a0\u00bb][et_pb_blurb title=\u00a0\u00bbPour les transformateurs d&rsquo;algues\u00a0\u00bb url=\u00a0\u00bbhttps:\/\/www.algaia.com\/index.php\/for-algae-processors\/\u00a0\u00bb url_new_window=\u00a0\u00bbon\u00a0\u00bb image=\u00a0\u00bbhttps:\/\/www.algaia.com\/wp-content\/uploads\/2019\/02\/Algaia-Lannilis-production-web-1.jpg\u00a0\u00bb _builder_version=\u00a0\u00bb4.27.4&Prime; header_font=\u00a0\u00bb&#8211;et_global_body_font||||||||\u00a0\u00bb header_text_color=\u00a0\u00bb#aadb24&Prime; link_option_url=\u00a0\u00bbhttps:\/\/www.algaia.com\/index.php\/for-algae-processors\/\u00a0\u00bb link_option_url_new_window=\u00a0\u00bbon\u00a0\u00bb hover_enabled=\u00a0\u00bb0&Prime; global_colors_info=\u00a0\u00bb{}\u00a0\u00bb sticky_enabled=\u00a0\u00bb0&Prime;]<\/p>\n<ul>\n<li>Optimiser votre approvisionnement<\/li>\n<li>Am\u00e9liorer votre process de production<\/li>\n<li>Valoriser vos co-produits<br \/><a href=\"https:\/\/www.algaia.com\/index.php\/pour-les-transformateurs-dalgues\/?lang=fr\">PLUS D&rsquo;INFORMATIONS<\/a><\/li>\n<\/ul>\n<p>&nbsp;<\/p>\n<p>[\/et_pb_blurb][\/et_pb_column][et_pb_column type=\u00a0\u00bb1_3&Prime; _builder_version=\u00a0\u00bb4.16&Prime; custom_padding=\u00a0\u00bb|||\u00a0\u00bb global_colors_info=\u00a0\u00bb{}\u00a0\u00bb custom_padding__hover=\u00a0\u00bb|||\u00a0\u00bb][et_pb_blurb title=\u00a0\u00bbPour les acheteurs de produits \u00e0 base d&rsquo;algues\u00a0\u00bb url=\u00a0\u00bbhttps:\/\/www.algaia.com\/index.php\/for-algal-seaweed-customers\/\u00a0\u00bb url_new_window=\u00a0\u00bbon\u00a0\u00bb image=\u00a0\u00bbhttps:\/\/www.algaia.com\/wp-content\/uploads\/2023\/11\/3.jpg\u00a0\u00bb _builder_version=\u00a0\u00bb4.27.4&Prime; header_font=\u00a0\u00bb&#8211;et_global_body_font||||||||\u00a0\u00bb header_text_color=\u00a0\u00bb#aadb24&Prime; link_option_url=\u00a0\u00bbhttps:\/\/www.algaia.com\/index.php\/for-algal-seaweed-customers\/\u00a0\u00bb link_option_url_new_window=\u00a0\u00bbon\u00a0\u00bb hover_enabled=\u00a0\u00bb0&Prime; global_colors_info=\u00a0\u00bb{}\u00a0\u00bb title_text=\u00a0\u00bb3&Prime; sticky_enabled=\u00a0\u00bb0&Prime;]<\/p>\n<ul>\n<li>Stabiliser vos formulations<\/li>\n<li>Faire \u00e9voluer votre bioactivit\u00e9<\/li>\n<li>Int\u00e9grer les contraintes r\u00e9glementaires ou l\u00e9gales<br \/><a href=\"https:\/\/www.algaia.com\/index.php\/pour-les-acheteurs-dalgues\/?lang=fr\">PLUS D&rsquo;INFORMATIONS<\/a><\/li>\n<\/ul>\n<p>&nbsp;<\/p>\n<p>[\/et_pb_blurb][\/et_pb_column][\/et_pb_row][\/et_pb_section]<\/p>\n","protected":false},"excerpt":{"rendered":"<p>BIOCHIMIQUESLes macro- et les micro-algues contiennent des compos\u00e9s sp\u00e9cifiques qui ne se trouvent pas dans d&rsquo;autres v\u00e9g\u00e9taux. Par cons\u00e9quent, l&rsquo;identification et la quantification de ces compos\u00e9s n\u00e9cessitent une connaissance approfondie [&hellip;]<\/p>\n","protected":false},"author":1,"featured_media":0,"parent":0,"menu_order":0,"comment_status":"closed","ping_status":"closed","template":"","meta":{"_et_pb_use_builder":"on","_et_pb_old_content":"","_et_gb_content_width":"","_exactmetrics_skip_tracking":false,"_exactmetrics_sitenote_active":false,"_exactmetrics_sitenote_note":"","_exactmetrics_sitenote_category":0,"footnotes":""},"class_list":["post-3610","page","type-page","status-publish","hentry"],"yoast_head":"<!-- This site is optimized with the Yoast SEO plugin v27.5 - https:\/\/yoast.com\/product\/yoast-seo-wordpress\/ -->\n<title>Analyses biochimiques &#8226; Algaia<\/title>\n<meta name=\"robots\" content=\"index, follow, max-snippet:-1, max-image-preview:large, max-video-preview:-1\" \/>\n<link rel=\"canonical\" href=\"https:\/\/www.algaia.com\/index.php\/analyses-biochimiques\/\" \/>\n<meta property=\"og:locale\" content=\"fr_FR\" \/>\n<meta property=\"og:type\" content=\"article\" \/>\n<meta property=\"og:title\" content=\"Analyses biochimiques &#8226; Algaia\" \/>\n<meta property=\"og:description\" content=\"BIOCHIMIQUESLes macro- et les micro-algues contiennent des compos\u00e9s sp\u00e9cifiques qui ne se trouvent pas dans d&#039;autres v\u00e9g\u00e9taux. Par cons\u00e9quent, l&#039;identification et la quantification de ces compos\u00e9s n\u00e9cessitent une connaissance approfondie [&hellip;]\" \/>\n<meta property=\"og:url\" content=\"https:\/\/www.algaia.com\/index.php\/analyses-biochimiques\/\" \/>\n<meta property=\"og:site_name\" content=\"Algaia\" \/>\n<meta property=\"article:modified_time\" content=\"2025-03-17T08:40:39+00:00\" \/>\n<meta property=\"og:image\" content=\"https:\/\/www.algaia.com\/wp-content\/uploads\/2019\/02\/Algues-brunes2-1024x681.jpg\" \/>\n\t<meta property=\"og:image:width\" content=\"1024\" \/>\n\t<meta property=\"og:image:height\" content=\"681\" \/>\n\t<meta property=\"og:image:type\" content=\"image\/jpeg\" \/>\n<meta name=\"twitter:card\" content=\"summary_large_image\" \/>\n<meta name=\"twitter:label1\" content=\"Dur\u00e9e de lecture estim\u00e9e\" \/>\n\t<meta name=\"twitter:data1\" content=\"4 minutes\" \/>\n<script type=\"application\/ld+json\" class=\"yoast-schema-graph\">{\"@context\":\"https:\\\/\\\/schema.org\",\"@graph\":[{\"@type\":\"WebPage\",\"@id\":\"https:\\\/\\\/www.algaia.com\\\/index.php\\\/analyses-biochimiques\\\/\",\"url\":\"https:\\\/\\\/www.algaia.com\\\/index.php\\\/analyses-biochimiques\\\/\",\"name\":\"Analyses biochimiques &#8226; Algaia\",\"isPartOf\":{\"@id\":\"https:\\\/\\\/www.algaia.com\\\/#website\"},\"datePublished\":\"2021-08-09T12:58:37+00:00\",\"dateModified\":\"2025-03-17T08:40:39+00:00\",\"breadcrumb\":{\"@id\":\"https:\\\/\\\/www.algaia.com\\\/index.php\\\/analyses-biochimiques\\\/#breadcrumb\"},\"inLanguage\":\"fr-FR\",\"potentialAction\":[{\"@type\":\"ReadAction\",\"target\":[\"https:\\\/\\\/www.algaia.com\\\/index.php\\\/analyses-biochimiques\\\/\"]}]},{\"@type\":\"BreadcrumbList\",\"@id\":\"https:\\\/\\\/www.algaia.com\\\/index.php\\\/analyses-biochimiques\\\/#breadcrumb\",\"itemListElement\":[{\"@type\":\"ListItem\",\"position\":1,\"name\":\"Home\",\"item\":\"https:\\\/\\\/www.algaia.com\\\/\"},{\"@type\":\"ListItem\",\"position\":2,\"name\":\"Analyses biochimiques\"}]},{\"@type\":\"WebSite\",\"@id\":\"https:\\\/\\\/www.algaia.com\\\/#website\",\"url\":\"https:\\\/\\\/www.algaia.com\\\/\",\"name\":\"Algaia\",\"description\":\"Your Algae Partner\",\"publisher\":{\"@id\":\"https:\\\/\\\/www.algaia.com\\\/#organization\"},\"potentialAction\":[{\"@type\":\"SearchAction\",\"target\":{\"@type\":\"EntryPoint\",\"urlTemplate\":\"https:\\\/\\\/www.algaia.com\\\/?s={search_term_string}\"},\"query-input\":{\"@type\":\"PropertyValueSpecification\",\"valueRequired\":true,\"valueName\":\"search_term_string\"}}],\"inLanguage\":\"fr-FR\"},{\"@type\":\"Organization\",\"@id\":\"https:\\\/\\\/www.algaia.com\\\/#organization\",\"name\":\"algaia\",\"url\":\"https:\\\/\\\/www.algaia.com\\\/\",\"logo\":{\"@type\":\"ImageObject\",\"inLanguage\":\"fr-FR\",\"@id\":\"https:\\\/\\\/www.algaia.com\\\/#\\\/schema\\\/logo\\\/image\\\/\",\"url\":\"https:\\\/\\\/www.algaia.com\\\/wp-content\\\/uploads\\\/2019\\\/03\\\/news.jpg\",\"contentUrl\":\"https:\\\/\\\/www.algaia.com\\\/wp-content\\\/uploads\\\/2019\\\/03\\\/news.jpg\",\"width\":358,\"height\":251,\"caption\":\"algaia\"},\"image\":{\"@id\":\"https:\\\/\\\/www.algaia.com\\\/#\\\/schema\\\/logo\\\/image\\\/\"},\"sameAs\":[\"https:\\\/\\\/www.linkedin.com\\\/company\\\/algaia\\\/\"]}]}<\/script>\n<!-- \/ Yoast SEO plugin. -->","yoast_head_json":{"title":"Analyses biochimiques &#8226; Algaia","robots":{"index":"index","follow":"follow","max-snippet":"max-snippet:-1","max-image-preview":"max-image-preview:large","max-video-preview":"max-video-preview:-1"},"canonical":"https:\/\/www.algaia.com\/index.php\/analyses-biochimiques\/","og_locale":"fr_FR","og_type":"article","og_title":"Analyses biochimiques &#8226; Algaia","og_description":"BIOCHIMIQUESLes macro- et les micro-algues contiennent des compos\u00e9s sp\u00e9cifiques qui ne se trouvent pas dans d'autres v\u00e9g\u00e9taux. Par cons\u00e9quent, l'identification et la quantification de ces compos\u00e9s n\u00e9cessitent une connaissance approfondie [&hellip;]","og_url":"https:\/\/www.algaia.com\/index.php\/analyses-biochimiques\/","og_site_name":"Algaia","article_modified_time":"2025-03-17T08:40:39+00:00","og_image":[{"width":1024,"height":681,"url":"https:\/\/www.algaia.com\/wp-content\/uploads\/2019\/02\/Algues-brunes2-1024x681.jpg","type":"image\/jpeg"}],"twitter_card":"summary_large_image","twitter_misc":{"Dur\u00e9e de lecture estim\u00e9e":"4 minutes"},"schema":{"@context":"https:\/\/schema.org","@graph":[{"@type":"WebPage","@id":"https:\/\/www.algaia.com\/index.php\/analyses-biochimiques\/","url":"https:\/\/www.algaia.com\/index.php\/analyses-biochimiques\/","name":"Analyses biochimiques &#8226; Algaia","isPartOf":{"@id":"https:\/\/www.algaia.com\/#website"},"datePublished":"2021-08-09T12:58:37+00:00","dateModified":"2025-03-17T08:40:39+00:00","breadcrumb":{"@id":"https:\/\/www.algaia.com\/index.php\/analyses-biochimiques\/#breadcrumb"},"inLanguage":"fr-FR","potentialAction":[{"@type":"ReadAction","target":["https:\/\/www.algaia.com\/index.php\/analyses-biochimiques\/"]}]},{"@type":"BreadcrumbList","@id":"https:\/\/www.algaia.com\/index.php\/analyses-biochimiques\/#breadcrumb","itemListElement":[{"@type":"ListItem","position":1,"name":"Home","item":"https:\/\/www.algaia.com\/"},{"@type":"ListItem","position":2,"name":"Analyses biochimiques"}]},{"@type":"WebSite","@id":"https:\/\/www.algaia.com\/#website","url":"https:\/\/www.algaia.com\/","name":"Algaia","description":"Your Algae Partner","publisher":{"@id":"https:\/\/www.algaia.com\/#organization"},"potentialAction":[{"@type":"SearchAction","target":{"@type":"EntryPoint","urlTemplate":"https:\/\/www.algaia.com\/?s={search_term_string}"},"query-input":{"@type":"PropertyValueSpecification","valueRequired":true,"valueName":"search_term_string"}}],"inLanguage":"fr-FR"},{"@type":"Organization","@id":"https:\/\/www.algaia.com\/#organization","name":"algaia","url":"https:\/\/www.algaia.com\/","logo":{"@type":"ImageObject","inLanguage":"fr-FR","@id":"https:\/\/www.algaia.com\/#\/schema\/logo\/image\/","url":"https:\/\/www.algaia.com\/wp-content\/uploads\/2019\/03\/news.jpg","contentUrl":"https:\/\/www.algaia.com\/wp-content\/uploads\/2019\/03\/news.jpg","width":358,"height":251,"caption":"algaia"},"image":{"@id":"https:\/\/www.algaia.com\/#\/schema\/logo\/image\/"},"sameAs":["https:\/\/www.linkedin.com\/company\/algaia\/"]}]}},"_links":{"self":[{"href":"https:\/\/www.algaia.com\/index.php\/wp-json\/wp\/v2\/pages\/3610","targetHints":{"allow":["GET"]}}],"collection":[{"href":"https:\/\/www.algaia.com\/index.php\/wp-json\/wp\/v2\/pages"}],"about":[{"href":"https:\/\/www.algaia.com\/index.php\/wp-json\/wp\/v2\/types\/page"}],"author":[{"embeddable":true,"href":"https:\/\/www.algaia.com\/index.php\/wp-json\/wp\/v2\/users\/1"}],"replies":[{"embeddable":true,"href":"https:\/\/www.algaia.com\/index.php\/wp-json\/wp\/v2\/comments?post=3610"}],"version-history":[{"count":9,"href":"https:\/\/www.algaia.com\/index.php\/wp-json\/wp\/v2\/pages\/3610\/revisions"}],"predecessor-version":[{"id":7708,"href":"https:\/\/www.algaia.com\/index.php\/wp-json\/wp\/v2\/pages\/3610\/revisions\/7708"}],"wp:attachment":[{"href":"https:\/\/www.algaia.com\/index.php\/wp-json\/wp\/v2\/media?parent=3610"}],"curies":[{"name":"wp","href":"https:\/\/api.w.org\/{rel}","templated":true}]}}