{"id":3603,"date":"2021-08-09T14:42:00","date_gmt":"2021-08-09T12:42:00","guid":{"rendered":"https:\/\/www.algaia.com\/index.php\/mentions-legales\/"},"modified":"2021-08-09T14:42:01","modified_gmt":"2021-08-09T12:42:01","slug":"mentions-legales","status":"publish","type":"page","link":"https:\/\/www.algaia.com\/index.php\/mentions-legales\/","title":{"rendered":"Mentions l\u00e9gales"},"content":{"rendered":"<p>[et_pb_section fb_built=\u00a0\u00bb1&Prime; admin_label=\u00a0\u00bbsection\u00a0\u00bb _builder_version=\u00a0\u00bb3.0.47&Prime;][et_pb_row admin_label=\u00a0\u00bbrow\u00a0\u00bb _builder_version=\u00a0\u00bb3.21&Prime; background_size=\u00a0\u00bbinitial\u00a0\u00bb background_position=\u00a0\u00bbtop_left\u00a0\u00bb background_repeat=\u00a0\u00bbrepeat\u00a0\u00bb][et_pb_column type=\u00a0\u00bb4_4&Prime; _builder_version=\u00a0\u00bb3.0.47&Prime;][et_pb_text admin_label=\u00a0\u00bbText\u00a0\u00bb _builder_version=\u00a0\u00bb3.0.74&Prime; background_size=\u00a0\u00bbinitial\u00a0\u00bb background_position=\u00a0\u00bbtop_left\u00a0\u00bb background_repeat=\u00a0\u00bbrepeat\u00a0\u00bb]<\/p>\n<p><strong>POLITIQUE DE CONFIDENTIALIT\u00c9<\/strong><\/p>\n<p>La pr\u00e9sente Politique de confidentialit\u00e9 pr\u00e9cise comment Algaia utilise et prot\u00e8ge les informations que vous lui transmettez, le cas \u00e9ch\u00e9ant, lorsque vous utilisez ce site accessible \u00e0 partir de l&rsquo;URL suivante : www.algaia.com (ci-apr\u00e8s le \u00ab Site \u00bb).<\/p>\n<p>Conform\u00e9ment \u00e0 la loi Informatique et Libert\u00e9s, Algaia traite les informations nominatives demand\u00e9es au Client dans le cadre de la vente afin de lui fournir le produit demand\u00e9 et d&rsquo;en effectuer la facturation.<\/p>\n<p>Le Site est \u00e9dit\u00e9 par Algaia, sise ZI Menez Bras, 29870 Lannilis, France. T\u00e9l :+33 (0)2 98 04 00 27, email : cbo@algaia.com<br \/>RCS Brest N\u00b0478 080 146<br \/>Responsable de la publication : Nathalie Brosse<br \/>La reproduction ou la repr\u00e9sentation, de tout ou partie des pages, des donn\u00e9es ou de tout autre \u00e9l\u00e9ment composant le site, ou sur quelque support que ce soit, est interdite sauf autorisation de l&rsquo;\u00e9diteur.<\/p>\n<p>Le site est h\u00e9berg\u00e9 par OVH, 2 rue Kellermann BP 80157 59053 Roubaix cedex 1, France, t\u00e9l +33972101007<\/p>\n<p>&nbsp;<\/p>\n<ol>\n<li>Identit\u00e9 du responsable du contr\u00f4le des donn\u00e9es<\/li>\n<\/ol>\n<p>Le responsable du contr\u00f4le des donn\u00e9es est Franck Roussel : franck.roussel@algaia.com<\/p>\n<p><strong>2. Quelles donn\u00e9es sont collect\u00e9es ?<\/strong><br \/>En fonction de la mani\u00e8re dont vous interagissez avec Algaia et de la finalit\u00e9 de cette interaction, Algaia peut collecter les Donn\u00e9es suivantes :<\/p>\n<p>2.1 Donn\u00e9es relatives \u00e0 votre identit\u00e9 : comprennent vos nom, pr\u00e9nom, adresse e-mail, adresse postale, num\u00e9ro de t\u00e9l\u00e9phone, raison sociale et site internet de votre soci\u00e9t\u00e9.<\/p>\n<p>2.2 Donn\u00e9es relatives \u00e0 la navigation : indiquent celles concernant la mani\u00e8re dont l&rsquo;Utilisateur navigue sur le Site. Les donn\u00e9es peuvent inclure l&rsquo;adresse IP, la r\u00e9solution de l&rsquo;\u00e9cran, le navigateur utilis\u00e9, le temps de navigation, l&rsquo;historique des recherches, le syst\u00e8me d&rsquo;exploitation utilis\u00e9, la langue et les pages consult\u00e9es.<\/p>\n<p>2.3 Donn\u00e9es issues des formulaires de contact : Pr\u00e9nom, nom, soci\u00e9t\u00e9, adresse email.<\/p>\n<p>2.4 Donn\u00e9es de r\u00e9seaux sociaux : lorsque vous interagissez avec les fonctionnalit\u00e9s de r\u00e9seaux sociaux.<\/p>\n<p><strong>3. Comment vos Donn\u00e9es sont-elles collect\u00e9es ?<\/strong><br \/>3.1. Selon la mani\u00e8re dont vous interagissez avec Algaia, cette derni\u00e8re peut collecter vos Donn\u00e9es comme d\u00e9crit ci-dessous.<\/p>\n<p>3.2. Algaia collecte vos Donn\u00e9es directement aupr\u00e8s de vous lorsque, notamment, vous remplissez un formulaire de contact, ou que vous contactez Algaia (par exemple en envoyant un e-mail).<\/p>\n<p>3.3. Algaia collecte indirectement vos Donn\u00e9es lorsque vous naviguez sur les Sites \u00e0 l&rsquo;aide de cookies et de balises dans les conditions d\u00e9finies ci-dessus.<\/p>\n<p>3.4. Lorsque vous fournissez des Donn\u00e9es \u00e0 Algaia, il est de votre responsabilit\u00e9 de vous assurer qu&rsquo;elles sont exactes et compl\u00e8tes. Sinon, vous devez les mettre \u00e0 jour.<\/p>\n<p><strong>4. \u00c0 qui s&rsquo;adressent vos donn\u00e9es ?<\/strong><br \/>4.1 Algaia, en tant que responsable des fichiers, s&rsquo;engage \u00e0 ne pas affecter les Donn\u00e9es \u00e0 une finalit\u00e9 diff\u00e9rente de celle pr\u00e9vue lors de leur collecte ou \u00e0 les transf\u00e9rer \u00e0 des tiers sauf dans les cas o\u00f9 il existe une obligation l\u00e9gale. De m\u00eame, il s&rsquo;engage \u00e0 traiter les donn\u00e9es du Client de mani\u00e8re confidentielle et \u00e0 appliquer les mesures techniques, organisationnelles et de s\u00e9curit\u00e9 n\u00e9cessaires pour emp\u00eacher leur traitement ou leur acc\u00e8s non autoris\u00e9.<\/p>\n<p>Algaia ne vend ni ne loue vos donn\u00e9es personnelles \u00e0 des tiers en aucun cas.<\/p>\n<p><strong>5. Comment vos Donn\u00e9es sont-elles prot\u00e9g\u00e9es ?<\/strong><br \/>Algaia prend toutes les pr\u00e9cautions n\u00e9cessaires pour pr\u00e9server la s\u00e9curit\u00e9 et la confidentialit\u00e9 de vos Donn\u00e9es, notamment pour \u00e9viter qu&rsquo;elles ne soient d\u00e9form\u00e9es, endommag\u00e9es, divulgu\u00e9es et que des tiers non autoris\u00e9s y aient acc\u00e8s.<\/p>\n<p>Toutes vos donn\u00e9es sont crypt\u00e9es \u00e0 l&rsquo;aide d&rsquo;un certificat SSL.<\/p>\n<p><strong>6. Quels sont vos droits ?<\/strong><br \/>Le Client a le droit d&rsquo;obtenir la confirmation qu&rsquo;Algaia traite ses donn\u00e9es personnelles. Par cons\u00e9quent, le Client a le droit d&rsquo;acc\u00e9der \u00e0 ses donn\u00e9es personnelles, de rectifier des donn\u00e9es inexactes ou de demander leur suppression lorsque les donn\u00e9es ne sont plus n\u00e9cessaires, et ce en \u00e9crivant au responsable indiqu\u00e9 ci-dessous :<\/p>\n<p>Contr\u00f4leur : Franck Roussel, <br \/>Email : franck.roussel@algaia.com<\/p>\n<p><strong>7. Combien de temps conservons-nous vos Donn\u00e9es ?<\/strong><br \/>Les donn\u00e9es fournies seront conserv\u00e9es tant que la relation commerciale sera maintenue ou pendant les ann\u00e9es n\u00e9cessaires au respect des obligations l\u00e9gales.<\/p>\n<p>Les donn\u00e9es collect\u00e9es par le biais des formulaires de contact pr\u00e9sents sur ce site le sont \u00e0 des fins de prospection commerciale. Les informations recueillies sont enregistr\u00e9es dans un fichier informatique par Algaia. Ils sont destin\u00e9s \u00e0 la Direction Marketing d&rsquo;Algaia.<\/p>\n<p><strong>8. Cookies<\/strong><br \/>Vous \u00eates inform\u00e9 que lors de vos visites sur le Site, un ou plusieurs Cookies peuvent \u00eatre install\u00e9s sur votre terminal.<\/p>\n<p>8.1 Qu&rsquo;est-ce qu&rsquo;un cookie ?<\/p>\n<p>Aux fins de la pr\u00e9sente Politique, le Cookie d\u00e9signe toutes formes d&rsquo;acc\u00e8s et d&rsquo;enregistrement d&rsquo;informations sur votre terminal et notamment les informations transmises par les Sites et stock\u00e9es par votre navigateur sur un espace d\u00e9di\u00e9 du disque dur dudit terminal.<\/p>\n<p>8.2 Pourquoi et comment les cookies sont-ils utilis\u00e9s ?<\/p>\n<p>8.2.1. La Soci\u00e9t\u00e9 utilise des cookies pour :<\/p>\n<p>Assurer le fonctionnement et optimiser les performances des Sites,<br \/>Adaptez les Sites \u00e0 vos pr\u00e9f\u00e9rences. Par exemple, le Site s&rsquo;adapte aux pr\u00e9f\u00e9rences d&rsquo;affichage de votre terminal notamment en tenant compte de la langue utilis\u00e9e ou de la r\u00e9solution d&rsquo;affichage.<br \/>Faciliter votre navigation, notamment en \u00e9vitant d&rsquo;avoir \u00e0 ressaisir des informations \u00e0 chaque visite sur les Sites,<br \/>Pour mesurer l&rsquo;audience des Sites et des communications qui vous sont adress\u00e9es,<br \/>D\u00e9velopper l&rsquo;interactivit\u00e9 des Sites.<\/p>\n<p>8.3 Quels types de cookies sont utilis\u00e9s ?<\/p>\n<p>8.3.1 Cookies techniques<br \/>Les Cookies techniques sont destin\u00e9s \u00e0 faciliter la navigation sur le Site, \u00e0 permettre et am\u00e9liorer le fonctionnement des Sites ainsi que l&rsquo;acc\u00e8s aux diff\u00e9rentes fonctionnalit\u00e9s des Sites.<\/p>\n<p>Vous \u00eates inform\u00e9 que si vous choisissez de d\u00e9sactiver ces Cookies techniques, l&rsquo;acc\u00e8s \u00e0 nos services peut \u00eatre alt\u00e9r\u00e9. Dans ce cadre, la responsabilit\u00e9 d&rsquo;Algaia ne saurait \u00eatre engag\u00e9e \u00e0 quelque titre que ce soit.<\/p>\n<p>8.3.2. Cookies de mesure d&rsquo;audience<\/p>\n<p>Les Cookies de mesure d&rsquo;audience mesurent le nombre de visites sur les Sites et les communications qui vous sont envoy\u00e9es (contenu, th\u00e8mes, temps pass\u00e9, navigateur utilis\u00e9, etc.).<\/p>\n<p>Vous \u00eates inform\u00e9 que ces Cookies de Mesure d&rsquo;Audience peuvent, le cas \u00e9ch\u00e9ant, \u00eatre d\u00e9pos\u00e9s sur les Sites par des tiers pour le compte de la Soci\u00e9t\u00e9.<\/p>\n<p>8.3.3. Cookies tiers li\u00e9s aux boutons de partage des r\u00e9seaux sociaux (Cookies tiers des r\u00e9seaux sociaux)<\/p>\n<p>Les Cookies tiers des r\u00e9seaux sociaux permettent de partager le contenu du Site avec des tiers. C&rsquo;est notamment le cas des boutons \u00ab partager \u00bb ou \u00ab j&rsquo;aime \u00bb provenant de tiers tels que Facebook ou Twitter. Algaia ne contr\u00f4le pas ces Cookies Tiers issus des r\u00e9seaux sociaux et Donn\u00e9es collect\u00e9es via les soci\u00e9t\u00e9s g\u00e9rant ces r\u00e9seaux sociaux.<\/p>\n<p>Si vous ne souhaitez pas que les soci\u00e9t\u00e9s gestionnaires des r\u00e9seaux sociaux associent les donn\u00e9es collect\u00e9es via nos Sites au compte que vous d\u00e9tenez, vous devez au pr\u00e9alable vous d\u00e9connecter du r\u00e9seau social.<\/p>\n<p>Les utilisateurs sont invit\u00e9s \u00e0 consulter les politiques de protection des donn\u00e9es personnelles des soci\u00e9t\u00e9s gestionnaires des r\u00e9seaux sociaux concern\u00e9s.<\/p>\n<p>8.4 Quelle est la dur\u00e9e de conservation des Cookies ?<\/p>\n<p>Conform\u00e9ment aux principes de la protection des donn\u00e9es, vous \u00eates inform\u00e9 que les Cookies sont conserv\u00e9s pendant la dur\u00e9e strictement n\u00e9cessaire aux finalit\u00e9s pour lesquelles ils sont utilis\u00e9s et dans les limites d\u00e9finies par l&rsquo;autorit\u00e9 de protection comp\u00e9tente.<\/p>\n<p>8.5 Comment g\u00e9rer le d\u00e9p\u00f4t et la lecture des Cookies ?<\/p>\n<p>8.5.1. Vous \u00eates inform\u00e9 que vous pouvez modifier les param\u00e8tres de notre navigateur concernant les cookies pour d\u00e9sactiver tout ou partie des cookies :<\/p>\n<p>Pour Internet Explorer : ouvrez le menu \u00ab Outils \u00bb et s\u00e9lectionnez \u00ab Options Internet \u00bb ; cliquez sur l&rsquo;onglet \u00ab\u00a0Confidentialit\u00e9\u00a0\u00bb puis sur l&rsquo;onglet \u00ab\u00a0Avanc\u00e9\u00a0\u00bb choisissez le niveau souhait\u00e9 ou suivez ce lien : http:\/\/windows.microsoft.com\/en-US\/windows-vista\/Block-or-allow-cookies<br \/>Pour Firefox\u2122 : ouvrez le menu \u00ab Outils \u00bb, puis s\u00e9lectionnez \u00ab Options \u00bb ; cliquez sur l&rsquo;onglet \u00ab Confidentialit\u00e9 \u00bb puis choisissez les options souhait\u00e9es ou suivez ce lien : http:\/\/support.mozilla.org\/en\/kb\/Activate%20and%20d%C3%A9sactiver%20les%20cookies<br \/>Pour Chrome\u2122 : Ouvrez le menu de configuration (logo cl\u00e9 \u00e0 molette) et s\u00e9lectionnez \u00ab Options \u00bb ; cliquez sur \u00ab\u00a0Options avanc\u00e9es\u00a0\u00bb, puis dans la section \u00ab\u00a0Confidentialit\u00e9\u00a0\u00bb, cliquez sur \u00ab\u00a0Param\u00e8tres de contenu\u00a0\u00bb et choisissez les options souhait\u00e9es ou suivez ce lien\u00a0: http:\/\/support.google.com\/chrome\/bin\/answer.py?hl= fr&amp;hlrm=fr&amp;answer=95647<br \/>Pour Opera\u2122 : Ouvrez le menu \u00ab Outils \u00bb ou \u00ab Param\u00e8tres \u00bb et s\u00e9lectionnez \u00ab Supprimer les donn\u00e9es priv\u00e9es \u00bb ; cliquez sur l&rsquo;onglet \u00ab Options d\u00e9taill\u00e9es \u00bb, puis choisissez les options souhait\u00e9es ou suivez ce lien : http:\/\/help.opera.com\/Windows\/10.20\/en\/cookies.html<br \/>Pour Safari\u2122 : https:\/\/support.apple.com\/kb\/PH21411?viewlocale=en_US&amp;locale=en_US<\/p>\n<p>8.5.2. Les principales soci\u00e9t\u00e9s de gestion de r\u00e9seaux sociaux disposent \u00e9galement de pages d\u00e9di\u00e9es aux cookies comme pr\u00e9sent\u00e9 ci-dessous :<\/p>\n<p>Pour Facebook : https:\/\/www.facebook.com\/policies\/cookies<br \/>Pour Twitter : https:\/\/support.twitter.com\/articles\/2011379-twitter-provides-support-the-deactivation-of-suivi-dnt#<br \/>Pour LinkedIn : http:\/\/www.linkedin.com\/legal\/cookie-policy<br \/>Pour Google : https:\/\/support.google.com\/accounts\/answer\/61416?hl=fr<br \/>Pour YouTube, vous pouvez trouver de l&rsquo;aide pour supprimer les cookies du navigateur Google Chrome en cliquant sur le lien suivant : https:\/\/support.google.com\/youtube\/answer\/32050?hl=fr mais aussi la politique compl\u00e8te des cookies de la suite lien : https:\/\/www.google.com\/intl\/en\/policies\/technologies\/cookies\/<br \/>Concernant les r\u00e9seaux sociaux, l&rsquo;Utilisateur doit suivre les \u00e9tapes sp\u00e9cifiques au r\u00e9seau social concern\u00e9 pour d\u00e9sactiver les cookies<\/p>\n<p>Contenu int\u00e9gr\u00e9 d&rsquo;autres sites<\/p>\n<p>Les articles de ce site peuvent inclure des contenus int\u00e9gr\u00e9s (par exemple des vid\u00e9os, images, articles\u2026). Le contenu int\u00e9gr\u00e9 \u00e0 partir d&rsquo;autres sites se comporte de la m\u00eame mani\u00e8re que si le visiteur se rendait sur cet autre site.<\/p>\n<p>Ces sites internet peuvent collecter des donn\u00e9es vous concernant, utiliser des cookies, embarquer des outils de tra\u00e7age tiers, suivre vos interactions avec ces contenus embarqu\u00e9s si vous avez un compte connect\u00e9 sur leur site internet.<\/p>\n<p>[\/et_pb_text][\/et_pb_column][\/et_pb_row][\/et_pb_section]<\/p>\n","protected":false},"excerpt":{"rendered":"<p>POLITIQUE DE CONFIDENTIALIT\u00c9 La pr\u00e9sente Politique de confidentialit\u00e9 pr\u00e9cise comment Algaia utilise et prot\u00e8ge les informations que vous lui transmettez, le cas \u00e9ch\u00e9ant, lorsque vous utilisez ce site accessible \u00e0 [&hellip;]<\/p>\n","protected":false},"author":1,"featured_media":0,"parent":0,"menu_order":0,"comment_status":"closed","ping_status":"closed","template":"","meta":{"_et_pb_use_builder":"on","_et_pb_old_content":"","_et_gb_content_width":"","_exactmetrics_skip_tracking":false,"_exactmetrics_sitenote_active":false,"_exactmetrics_sitenote_note":"","_exactmetrics_sitenote_category":0,"footnotes":""},"class_list":["post-3603","page","type-page","status-publish","hentry"],"yoast_head":"<!-- This site is optimized with the Yoast SEO plugin v27.6 - https:\/\/yoast.com\/product\/yoast-seo-wordpress\/ -->\n<title>Mentions l\u00e9gales &#8226; Algaia<\/title>\n<meta name=\"robots\" content=\"index, follow, max-snippet:-1, max-image-preview:large, max-video-preview:-1\" \/>\n<link rel=\"canonical\" href=\"https:\/\/www.algaia.com\/index.php\/mentions-legales\/\" \/>\n<meta property=\"og:locale\" content=\"fr_FR\" \/>\n<meta property=\"og:type\" content=\"article\" \/>\n<meta property=\"og:title\" content=\"Mentions l\u00e9gales &#8226; Algaia\" \/>\n<meta property=\"og:description\" content=\"POLITIQUE DE CONFIDENTIALIT\u00c9 La pr\u00e9sente Politique de confidentialit\u00e9 pr\u00e9cise comment Algaia utilise et prot\u00e8ge les informations que vous lui transmettez, le cas \u00e9ch\u00e9ant, lorsque vous utilisez ce site accessible \u00e0 [&hellip;]\" \/>\n<meta property=\"og:url\" content=\"https:\/\/www.algaia.com\/index.php\/mentions-legales\/\" \/>\n<meta property=\"og:site_name\" content=\"Algaia\" \/>\n<meta property=\"article:modified_time\" content=\"2021-08-09T12:42:01+00:00\" \/>\n<meta property=\"og:image\" content=\"https:\/\/www.algaia.com\/wp-content\/uploads\/2019\/02\/Algues-brunes2-1024x681.jpg\" \/>\n\t<meta property=\"og:image:width\" content=\"1024\" \/>\n\t<meta property=\"og:image:height\" content=\"681\" \/>\n\t<meta property=\"og:image:type\" content=\"image\/jpeg\" \/>\n<meta name=\"twitter:card\" content=\"summary_large_image\" \/>\n<meta name=\"twitter:label1\" content=\"Dur\u00e9e de lecture estim\u00e9e\" \/>\n\t<meta name=\"twitter:data1\" content=\"9 minutes\" \/>\n<script type=\"application\/ld+json\" class=\"yoast-schema-graph\">{\"@context\":\"https:\\\/\\\/schema.org\",\"@graph\":[{\"@type\":\"WebPage\",\"@id\":\"https:\\\/\\\/www.algaia.com\\\/index.php\\\/mentions-legales\\\/\",\"url\":\"https:\\\/\\\/www.algaia.com\\\/index.php\\\/mentions-legales\\\/\",\"name\":\"Mentions l\u00e9gales &#8226; Algaia\",\"isPartOf\":{\"@id\":\"https:\\\/\\\/www.algaia.com\\\/#website\"},\"datePublished\":\"2021-08-09T12:42:00+00:00\",\"dateModified\":\"2021-08-09T12:42:01+00:00\",\"breadcrumb\":{\"@id\":\"https:\\\/\\\/www.algaia.com\\\/index.php\\\/mentions-legales\\\/#breadcrumb\"},\"inLanguage\":\"fr-FR\",\"potentialAction\":[{\"@type\":\"ReadAction\",\"target\":[\"https:\\\/\\\/www.algaia.com\\\/index.php\\\/mentions-legales\\\/\"]}]},{\"@type\":\"BreadcrumbList\",\"@id\":\"https:\\\/\\\/www.algaia.com\\\/index.php\\\/mentions-legales\\\/#breadcrumb\",\"itemListElement\":[{\"@type\":\"ListItem\",\"position\":1,\"name\":\"Home\",\"item\":\"https:\\\/\\\/www.algaia.com\\\/\"},{\"@type\":\"ListItem\",\"position\":2,\"name\":\"Mentions l\u00e9gales\"}]},{\"@type\":\"WebSite\",\"@id\":\"https:\\\/\\\/www.algaia.com\\\/#website\",\"url\":\"https:\\\/\\\/www.algaia.com\\\/\",\"name\":\"Algaia\",\"description\":\"Your Algae Partner\",\"publisher\":{\"@id\":\"https:\\\/\\\/www.algaia.com\\\/#organization\"},\"potentialAction\":[{\"@type\":\"SearchAction\",\"target\":{\"@type\":\"EntryPoint\",\"urlTemplate\":\"https:\\\/\\\/www.algaia.com\\\/?s={search_term_string}\"},\"query-input\":{\"@type\":\"PropertyValueSpecification\",\"valueRequired\":true,\"valueName\":\"search_term_string\"}}],\"inLanguage\":\"fr-FR\"},{\"@type\":\"Organization\",\"@id\":\"https:\\\/\\\/www.algaia.com\\\/#organization\",\"name\":\"algaia\",\"url\":\"https:\\\/\\\/www.algaia.com\\\/\",\"logo\":{\"@type\":\"ImageObject\",\"inLanguage\":\"fr-FR\",\"@id\":\"https:\\\/\\\/www.algaia.com\\\/#\\\/schema\\\/logo\\\/image\\\/\",\"url\":\"https:\\\/\\\/www.algaia.com\\\/wp-content\\\/uploads\\\/2019\\\/03\\\/news.jpg\",\"contentUrl\":\"https:\\\/\\\/www.algaia.com\\\/wp-content\\\/uploads\\\/2019\\\/03\\\/news.jpg\",\"width\":358,\"height\":251,\"caption\":\"algaia\"},\"image\":{\"@id\":\"https:\\\/\\\/www.algaia.com\\\/#\\\/schema\\\/logo\\\/image\\\/\"},\"sameAs\":[\"https:\\\/\\\/www.linkedin.com\\\/company\\\/algaia\\\/\"]}]}<\/script>\n<!-- \/ Yoast SEO plugin. -->","yoast_head_json":{"title":"Mentions l\u00e9gales &#8226; Algaia","robots":{"index":"index","follow":"follow","max-snippet":"max-snippet:-1","max-image-preview":"max-image-preview:large","max-video-preview":"max-video-preview:-1"},"canonical":"https:\/\/www.algaia.com\/index.php\/mentions-legales\/","og_locale":"fr_FR","og_type":"article","og_title":"Mentions l\u00e9gales &#8226; Algaia","og_description":"POLITIQUE DE CONFIDENTIALIT\u00c9 La pr\u00e9sente Politique de confidentialit\u00e9 pr\u00e9cise comment Algaia utilise et prot\u00e8ge les informations que vous lui transmettez, le cas \u00e9ch\u00e9ant, lorsque vous utilisez ce site accessible \u00e0 [&hellip;]","og_url":"https:\/\/www.algaia.com\/index.php\/mentions-legales\/","og_site_name":"Algaia","article_modified_time":"2021-08-09T12:42:01+00:00","og_image":[{"width":1024,"height":681,"url":"https:\/\/www.algaia.com\/wp-content\/uploads\/2019\/02\/Algues-brunes2-1024x681.jpg","type":"image\/jpeg"}],"twitter_card":"summary_large_image","twitter_misc":{"Dur\u00e9e de lecture estim\u00e9e":"9 minutes"},"schema":{"@context":"https:\/\/schema.org","@graph":[{"@type":"WebPage","@id":"https:\/\/www.algaia.com\/index.php\/mentions-legales\/","url":"https:\/\/www.algaia.com\/index.php\/mentions-legales\/","name":"Mentions l\u00e9gales &#8226; Algaia","isPartOf":{"@id":"https:\/\/www.algaia.com\/#website"},"datePublished":"2021-08-09T12:42:00+00:00","dateModified":"2021-08-09T12:42:01+00:00","breadcrumb":{"@id":"https:\/\/www.algaia.com\/index.php\/mentions-legales\/#breadcrumb"},"inLanguage":"fr-FR","potentialAction":[{"@type":"ReadAction","target":["https:\/\/www.algaia.com\/index.php\/mentions-legales\/"]}]},{"@type":"BreadcrumbList","@id":"https:\/\/www.algaia.com\/index.php\/mentions-legales\/#breadcrumb","itemListElement":[{"@type":"ListItem","position":1,"name":"Home","item":"https:\/\/www.algaia.com\/"},{"@type":"ListItem","position":2,"name":"Mentions l\u00e9gales"}]},{"@type":"WebSite","@id":"https:\/\/www.algaia.com\/#website","url":"https:\/\/www.algaia.com\/","name":"Algaia","description":"Your Algae Partner","publisher":{"@id":"https:\/\/www.algaia.com\/#organization"},"potentialAction":[{"@type":"SearchAction","target":{"@type":"EntryPoint","urlTemplate":"https:\/\/www.algaia.com\/?s={search_term_string}"},"query-input":{"@type":"PropertyValueSpecification","valueRequired":true,"valueName":"search_term_string"}}],"inLanguage":"fr-FR"},{"@type":"Organization","@id":"https:\/\/www.algaia.com\/#organization","name":"algaia","url":"https:\/\/www.algaia.com\/","logo":{"@type":"ImageObject","inLanguage":"fr-FR","@id":"https:\/\/www.algaia.com\/#\/schema\/logo\/image\/","url":"https:\/\/www.algaia.com\/wp-content\/uploads\/2019\/03\/news.jpg","contentUrl":"https:\/\/www.algaia.com\/wp-content\/uploads\/2019\/03\/news.jpg","width":358,"height":251,"caption":"algaia"},"image":{"@id":"https:\/\/www.algaia.com\/#\/schema\/logo\/image\/"},"sameAs":["https:\/\/www.linkedin.com\/company\/algaia\/"]}]}},"_links":{"self":[{"href":"https:\/\/www.algaia.com\/index.php\/wp-json\/wp\/v2\/pages\/3603","targetHints":{"allow":["GET"]}}],"collection":[{"href":"https:\/\/www.algaia.com\/index.php\/wp-json\/wp\/v2\/pages"}],"about":[{"href":"https:\/\/www.algaia.com\/index.php\/wp-json\/wp\/v2\/types\/page"}],"author":[{"embeddable":true,"href":"https:\/\/www.algaia.com\/index.php\/wp-json\/wp\/v2\/users\/1"}],"replies":[{"embeddable":true,"href":"https:\/\/www.algaia.com\/index.php\/wp-json\/wp\/v2\/comments?post=3603"}],"version-history":[{"count":2,"href":"https:\/\/www.algaia.com\/index.php\/wp-json\/wp\/v2\/pages\/3603\/revisions"}],"predecessor-version":[{"id":3605,"href":"https:\/\/www.algaia.com\/index.php\/wp-json\/wp\/v2\/pages\/3603\/revisions\/3605"}],"wp:attachment":[{"href":"https:\/\/www.algaia.com\/index.php\/wp-json\/wp\/v2\/media?parent=3603"}],"curies":[{"name":"wp","href":"https:\/\/api.w.org\/{rel}","templated":true}]}}