{"id":3600,"date":"2021-08-09T14:26:35","date_gmt":"2021-08-09T12:26:35","guid":{"rendered":"https:\/\/www.algaia.com\/index.php\/pour-les-producteurs-dalgues\/"},"modified":"2025-03-17T09:14:35","modified_gmt":"2025-03-17T08:14:35","slug":"pour-les-producteurs-dalgues","status":"publish","type":"page","link":"https:\/\/www.algaia.com\/index.php\/pour-les-producteurs-dalgues\/","title":{"rendered":"Pour les producteurs d&rsquo;algues"},"content":{"rendered":"<p>[et_pb_section fb_built=\u00a0\u00bb1&Prime; fullwidth=\u00a0\u00bbon\u00a0\u00bb _builder_version=\u00a0\u00bb4.27.4&Prime; background_image=\u00a0\u00bbhttps:\/\/www.algaia.com\/wp-content\/uploads\/2019\/02\/kelp_fackler-bandeau-web.jpg\u00a0\u00bb custom_padding=\u00a0\u00bb53px|0px|78px|0px|false|false\u00a0\u00bb hover_enabled=\u00a0\u00bb0&Prime; global_colors_info=\u00a0\u00bb{}\u00a0\u00bb sticky_enabled=\u00a0\u00bb0&Prime;][et_pb_fullwidth_header subhead=\u00a0\u00bbPOUR\u00a0\u00bb _builder_version=\u00a0\u00bb4.16&Prime; title_font=\u00a0\u00bb||||||||\u00a0\u00bb title_text_align=\u00a0\u00bbcenter\u00a0\u00bb content_font=\u00a0\u00bb|600|||||||\u00a0\u00bb content_text_align=\u00a0\u00bbcenter\u00a0\u00bb content_font_size=\u00a0\u00bb30px\u00a0\u00bb subhead_font=\u00a0\u00bb||||||||\u00a0\u00bb subhead_text_align=\u00a0\u00bbcenter\u00a0\u00bb background_color=\u00a0\u00bbrgba(126,190,197,0)\u00a0\u00bb global_colors_info=\u00a0\u00bb{}\u00a0\u00bb]<\/p>\n<p>LES PRODUCTEURS D&rsquo;ALGUES<\/p>\n<p>[\/et_pb_fullwidth_header][\/et_pb_section][et_pb_section fb_built=\u00a0\u00bb1&Prime; _builder_version=\u00a0\u00bb4.16&Prime; custom_padding=\u00a0\u00bb0|0px|0|0px|false|false\u00a0\u00bb global_colors_info=\u00a0\u00bb{}\u00a0\u00bb][\/et_pb_section][et_pb_section fb_built=\u00a0\u00bb1&Prime; _builder_version=\u00a0\u00bb4.16&Prime; custom_padding=\u00a0\u00bb18px|0px|11px|0px|false|false\u00a0\u00bb global_colors_info=\u00a0\u00bb{}\u00a0\u00bb][et_pb_row _builder_version=\u00a0\u00bb4.16&Prime; custom_padding=\u00a0\u00bb0|0px|10px|0px|false|false\u00a0\u00bb global_colors_info=\u00a0\u00bb{}\u00a0\u00bb column_structure=\u00a0\u00bb2_3,1_3&Prime;][et_pb_column type=\u00a0\u00bb2_3&Prime; _builder_version=\u00a0\u00bb4.16&Prime; custom_padding=\u00a0\u00bb|||\u00a0\u00bb global_colors_info=\u00a0\u00bb{}\u00a0\u00bb custom_padding__hover=\u00a0\u00bb|||\u00a0\u00bb][et_pb_text _builder_version=\u00a0\u00bb4.27.4&Prime; header_font=\u00a0\u00bb||||||||\u00a0\u00bb header_4_font=\u00a0\u00bb||||||||\u00a0\u00bb header_4_text_color=\u00a0\u00bb#aadb24&Prime; hover_enabled=\u00a0\u00bb0&Prime; global_colors_info=\u00a0\u00bb{}\u00a0\u00bb text_font_size=\u00a0\u00bb17px\u00a0\u00bb sticky_enabled=\u00a0\u00bb0&Prime;]<\/p>\n<div class=\" \t\t\t\t\t\t\tbloc  \t\t\t\t\t\t\t\t\t\t\t\t\t\t odd \t\t\t\t\t\t\t\t\t\t\t\t\t\">\n<div class=\"row\">\n<div class=\"md12\">\n<p>Nous proposons des prestations de R&amp;D \u00e0 un large \u00e9ventail d&rsquo;acteurs de la fili\u00e8re algale :<\/p>\n<p>La qualit\u00e9 des mati\u00e8res premi\u00e8res (macro ou micro algues) est \u00e9videmment un \u00e9l\u00e9ment-cl\u00e9 influen\u00e7ant la qualit\u00e9, la fonctionnalit\u00e9 ou le co\u00fbt de fabrication pour ceux qui transforment les algues en produits sp\u00e9cifiques.<\/p>\n<h4><strong>Optimiser les conditions de culture :<\/strong><\/h4>\n<p>R\u00e9colter des algues sauvages, utiliser des mati\u00e8res premi\u00e8res fra\u00eeches de la mer, isoler des \u00e9piphytes, cultiver des algues \u00e0 l&rsquo;\u00e9tat sauvage ou en bacs sont des d\u00e9fis que notre \u00e9quipe peut vous aider \u00e0 surmonter. Comprendre la composition des algues, l&rsquo;effet de la saisonnalit\u00e9, la variabilit\u00e9 naturelle individuelle, les avantages de zones de culture sp\u00e9cifiques sont des \u00e9l\u00e9ments pour lesquels nous avons des d\u00e9cennies d&rsquo;exp\u00e9rience professionnelle.<br \/>Nous pouvons vous aider \u00e0 analyser et \u00e0 d\u00e9velopper, en coordination avec votre organisation, les meilleures pratiques qui maximiseront le rendement de votre entreprise.<\/p>\n<\/div>\n<\/div>\n<\/div>\n<p>[\/et_pb_text][\/et_pb_column][et_pb_column type=\u00a0\u00bb1_3&Prime; _builder_version=\u00a0\u00bb4.16&Prime; custom_padding=\u00a0\u00bb|||\u00a0\u00bb global_colors_info=\u00a0\u00bb{}\u00a0\u00bb custom_padding__hover=\u00a0\u00bb|||\u00a0\u00bb][et_pb_image src=\u00a0\u00bbhttps:\/\/www.algaia.com\/wp-content\/uploads\/2019\/01\/Capture-d\u2019e\u0301cran-2019-01-17-a\u0300-17.14.00.png\u00a0\u00bb align_tablet=\u00a0\u00bbcenter\u00a0\u00bb align_last_edited=\u00a0\u00bbon|desktop\u00a0\u00bb _builder_version=\u00a0\u00bb4.16&Prime; global_colors_info=\u00a0\u00bb{}\u00a0\u00bb align_phone=\u00a0\u00bbcenter\u00a0\u00bb][\/et_pb_image][\/et_pb_column][\/et_pb_row][et_pb_row _builder_version=\u00a0\u00bb4.16&Prime; custom_padding=\u00a0\u00bb0|0px|27px|0px|false|false\u00a0\u00bb global_colors_info=\u00a0\u00bb{}\u00a0\u00bb][et_pb_column type=\u00a0\u00bb4_4&Prime; _builder_version=\u00a0\u00bb4.16&Prime; custom_padding=\u00a0\u00bb|||\u00a0\u00bb global_colors_info=\u00a0\u00bb{}\u00a0\u00bb custom_padding__hover=\u00a0\u00bb|||\u00a0\u00bb][et_pb_text _builder_version=\u00a0\u00bb4.27.4&Prime; header_font=\u00a0\u00bb||||||||\u00a0\u00bb header_4_font=\u00a0\u00bb||||||||\u00a0\u00bb header_4_text_color=\u00a0\u00bb#aadb24&Prime; hover_enabled=\u00a0\u00bb0&Prime; global_colors_info=\u00a0\u00bb{}\u00a0\u00bb text_font_size=\u00a0\u00bb17px\u00a0\u00bb sticky_enabled=\u00a0\u00bb0&Prime;]<\/p>\n<h4><strong>Assurer un contr\u00f4le qualit\u00e9 de pointe :<\/strong><\/h4>\n<p>Dans le domaine de la production, la culture de microalgues \u00e0 partir d&rsquo;\u00e9tangs, de circuits ferm\u00e9s, de fermenteurs aux photobior\u00e9acteurs peut conduire \u00e0 une h\u00e9t\u00e9rog\u00e9n\u00e9it\u00e9 de lot \u00e0 lot. Les param\u00e8tres-cl\u00e9s du contr\u00f4le qualit\u00e9 et la surveillance de la composition sont des domaines dans lesquels nous pouvons vous apporter un soutien important.<br \/>Nous pouvons vous assister dans la mise en place de votre Contr\u00f4le Qualit\u00e9 et le d\u00e9veloppement de m\u00e9thodes analytiques sp\u00e9cifiques. Nous offrons \u00e9galement la possibilit\u00e9 d&rsquo;optimiser votre production gr\u00e2ce \u00e0 des plans exp\u00e9rimentaux et apporter des solutions et des conseils rentables pour votre organisation.<\/p>\n<h4><strong>Comprendre les activit\u00e9s biologiques :<\/strong><\/h4>\n<p>En tant que producteur et transformateur de mati\u00e8re premi\u00e8re algale, il existe de nombreuses fa\u00e7ons de maximiser la valorisation de votre biomasse. Les algues sauvages ou les algues cultiv\u00e9es contiennent des compos\u00e9s sp\u00e9cifiques \u00e0 fort potentiel qui peuvent \u00eatre analys\u00e9s, isol\u00e9s, caract\u00e9ris\u00e9s puis test\u00e9s sur diverses applications allant de la sant\u00e9 des hommes, des animaux ou des plantes aux applications alimentaires, cosm\u00e9tiques et bien d&rsquo;autres domaines. Les tests peuvent varier de simples tests in vitro jusqu&rsquo;aux essais cliniques. Notre entreprise poss\u00e8de des capacit\u00e9s internes mais travaille \u00e9galement avec divers partenaires et experts pour pleinement identifier le potentiel de votre mati\u00e8re premi\u00e8re.<\/p>\n<p>[\/et_pb_text][\/et_pb_column][\/et_pb_row][\/et_pb_section][et_pb_section fb_built=\u00a0\u00bb1&Prime; _builder_version=\u00a0\u00bb4.16&Prime; custom_padding=\u00a0\u00bb14px|0px|32px|0px|false|false\u00a0\u00bb global_colors_info=\u00a0\u00bb{}\u00a0\u00bb][et_pb_row _builder_version=\u00a0\u00bb4.16&Prime; custom_padding=\u00a0\u00bb5px|0px|0|0px|false|false\u00a0\u00bb global_colors_info=\u00a0\u00bb{}\u00a0\u00bb column_structure=\u00a0\u00bb1_3,1_3,1_3&Prime;][et_pb_column type=\u00a0\u00bb1_3&Prime; _builder_version=\u00a0\u00bb4.16&Prime; custom_padding=\u00a0\u00bb|||\u00a0\u00bb global_colors_info=\u00a0\u00bb{}\u00a0\u00bb custom_padding__hover=\u00a0\u00bb|||\u00a0\u00bb][et_pb_blurb title=\u00a0\u00bbPour les transformateurs d&rsquo;algues\u00a0\u00bb url=\u00a0\u00bbhttps:\/\/www.algaia.com\/index.php\/for-algae-processors\/\u00a0\u00bb url_new_window=\u00a0\u00bbon\u00a0\u00bb image=\u00a0\u00bbhttps:\/\/www.algaia.com\/wp-content\/uploads\/2019\/02\/Algaia-Lannilis-production-web-1.jpg\u00a0\u00bb _builder_version=\u00a0\u00bb4.27.4&Prime; header_font=\u00a0\u00bb&#8211;et_global_heading_font||||||||\u00a0\u00bb header_text_color=\u00a0\u00bb#aadb24&Prime; link_option_url=\u00a0\u00bbhttps:\/\/www.algaia.com\/index.php\/for-algae-processors\/\u00a0\u00bb link_option_url_new_window=\u00a0\u00bbon\u00a0\u00bb hover_enabled=\u00a0\u00bb0&Prime; global_colors_info=\u00a0\u00bb{}\u00a0\u00bb sticky_enabled=\u00a0\u00bb0&Prime;]<\/p>\n<ul>\n<li>Optimiser votre approvisionnement<\/li>\n<li>Am\u00e9liorer votre process de production<\/li>\n<li>Valoriser vos co-produits<br \/><a href=\"https:\/\/www.algaia.com\/index.php\/pour-les-transformateurs-dalgues\/?lang=fr\">PLUS D&rsquo;INFORMATIONS<\/a><\/li>\n<\/ul>\n<p>&nbsp;<\/p>\n<p>[\/et_pb_blurb][\/et_pb_column][et_pb_column type=\u00a0\u00bb1_3&Prime; _builder_version=\u00a0\u00bb4.16&Prime; custom_padding=\u00a0\u00bb|||\u00a0\u00bb global_colors_info=\u00a0\u00bb{}\u00a0\u00bb custom_padding__hover=\u00a0\u00bb|||\u00a0\u00bb][et_pb_blurb title=\u00a0\u00bbPour les acheteurs de produits \u00e0 base d&rsquo;algues\u00a0\u00bb url=\u00a0\u00bbhttps:\/\/www.algaia.com\/index.php\/for-algal-seaweed-customers\/\u00a0\u00bb url_new_window=\u00a0\u00bbon\u00a0\u00bb image=\u00a0\u00bbhttps:\/\/www.algaia.com\/wp-content\/uploads\/2023\/11\/3.jpg\u00a0\u00bb _builder_version=\u00a0\u00bb4.27.4&Prime; header_font=\u00a0\u00bb&#8211;et_global_body_font||||||||\u00a0\u00bb header_text_color=\u00a0\u00bb#aadb24&Prime; link_option_url=\u00a0\u00bbhttps:\/\/www.algaia.com\/index.php\/for-algal-seaweed-customers\/\u00a0\u00bb link_option_url_new_window=\u00a0\u00bbon\u00a0\u00bb hover_enabled=\u00a0\u00bb0&Prime; global_colors_info=\u00a0\u00bb{}\u00a0\u00bb title_text=\u00a0\u00bb3&Prime; sticky_enabled=\u00a0\u00bb0&Prime;]<\/p>\n<ul>\n<li>Stabiliser vos formulations<\/li>\n<li>Faire \u00e9voluer vos bioactivit\u00e9s<\/li>\n<li>Int\u00e9grer les contraintes r\u00e9glementaires et l\u00e9gales<br \/><a href=\"https:\/\/www.algaia.com\/index.php\/pour-les-acheteurs-dalgues\/?lang=fr\">PLUS D&rsquo;INFORMATIONS<\/a><\/li>\n<\/ul>\n<p>&nbsp;<\/p>\n<p>[\/et_pb_blurb][\/et_pb_column][et_pb_column type=\u00a0\u00bb1_3&Prime; _builder_version=\u00a0\u00bb4.16&Prime; custom_padding=\u00a0\u00bb|||\u00a0\u00bb global_colors_info=\u00a0\u00bb{}\u00a0\u00bb custom_padding__hover=\u00a0\u00bb|||\u00a0\u00bb][et_pb_cta title=\u00a0\u00bbBesoin d&rsquo;aide pour optimiser vos pratiques de culture ?\u00a0\u00bb button_url=\u00a0\u00bbhttps:\/\/www.algaia.com\/index.php\/contact\/?lang=fr\u00a0\u00bb url_new_window=\u00a0\u00bbon\u00a0\u00bb button_text=\u00a0\u00bbContactez-nous d\u00e8s aujourd&rsquo;hui\u00a0\u00bb _builder_version=\u00a0\u00bb4.27.4&Prime; header_font=\u00a0\u00bb&#8211;et_global_body_font|700|||||||\u00a0\u00bb header_font_size=\u00a0\u00bb37px\u00a0\u00bb body_font=\u00a0\u00bb|600|||||||\u00a0\u00bb body_font_size=\u00a0\u00bb17px\u00a0\u00bb background_image=\u00a0\u00bbhttps:\/\/www.algaia.com\/wp-content\/uploads\/2019\/02\/IMG_4868.jpg\u00a0\u00bb animation_style=\u00a0\u00bbzoom\u00a0\u00bb hover_enabled=\u00a0\u00bb0&Prime; text_shadow_style=\u00a0\u00bbpreset1&Prime; global_colors_info=\u00a0\u00bb{}\u00a0\u00bb custom_button=\u00a0\u00bbon\u00a0\u00bb button_text_size=\u00a0\u00bb20px\u00a0\u00bb sticky_enabled=\u00a0\u00bb0&Prime;]<\/p>\n<p>Appelez vos experts pour plus d&rsquo;informations ou une assistance technique.<\/p>\n<p>[\/et_pb_cta][\/et_pb_column][\/et_pb_row][\/et_pb_section]<\/p>\n","protected":false},"excerpt":{"rendered":"<p>LES PRODUCTEURS D&rsquo;ALGUES Nous proposons des prestations de R&amp;D \u00e0 un large \u00e9ventail d&rsquo;acteurs de la fili\u00e8re algale : La qualit\u00e9 des mati\u00e8res premi\u00e8res (macro ou micro algues) est \u00e9videmment [&hellip;]<\/p>\n","protected":false},"author":1,"featured_media":0,"parent":0,"menu_order":0,"comment_status":"closed","ping_status":"closed","template":"","meta":{"_et_pb_use_builder":"on","_et_pb_old_content":"","_et_gb_content_width":"","_exactmetrics_skip_tracking":false,"_exactmetrics_sitenote_active":false,"_exactmetrics_sitenote_note":"","_exactmetrics_sitenote_category":0,"footnotes":""},"class_list":["post-3600","page","type-page","status-publish","hentry"],"yoast_head":"<!-- This site is optimized with the Yoast SEO plugin v27.5 - https:\/\/yoast.com\/product\/yoast-seo-wordpress\/ -->\n<title>Pour les producteurs d&#039;algues &#8226; Algaia<\/title>\n<meta name=\"robots\" content=\"index, follow, max-snippet:-1, max-image-preview:large, max-video-preview:-1\" \/>\n<link rel=\"canonical\" href=\"https:\/\/www.algaia.com\/index.php\/pour-les-producteurs-dalgues\/\" \/>\n<meta property=\"og:locale\" content=\"fr_FR\" \/>\n<meta property=\"og:type\" content=\"article\" \/>\n<meta property=\"og:title\" content=\"Pour les producteurs d&#039;algues &#8226; Algaia\" \/>\n<meta property=\"og:description\" content=\"LES PRODUCTEURS D&#039;ALGUES Nous proposons des prestations de R&amp;D \u00e0 un large \u00e9ventail d&#039;acteurs de la fili\u00e8re algale : La qualit\u00e9 des mati\u00e8res premi\u00e8res (macro ou micro algues) est \u00e9videmment [&hellip;]\" \/>\n<meta property=\"og:url\" content=\"https:\/\/www.algaia.com\/index.php\/pour-les-producteurs-dalgues\/\" \/>\n<meta property=\"og:site_name\" content=\"Algaia\" \/>\n<meta property=\"article:modified_time\" content=\"2025-03-17T08:14:35+00:00\" \/>\n<meta property=\"og:image\" content=\"https:\/\/www.algaia.com\/wp-content\/uploads\/2019\/02\/Algues-brunes2-1024x681.jpg\" \/>\n\t<meta property=\"og:image:width\" content=\"1024\" \/>\n\t<meta property=\"og:image:height\" content=\"681\" \/>\n\t<meta property=\"og:image:type\" content=\"image\/jpeg\" \/>\n<meta name=\"twitter:card\" content=\"summary_large_image\" \/>\n<meta name=\"twitter:label1\" content=\"Dur\u00e9e de lecture estim\u00e9e\" \/>\n\t<meta name=\"twitter:data1\" content=\"5 minutes\" \/>\n<script type=\"application\/ld+json\" class=\"yoast-schema-graph\">{\"@context\":\"https:\\\/\\\/schema.org\",\"@graph\":[{\"@type\":\"WebPage\",\"@id\":\"https:\\\/\\\/www.algaia.com\\\/index.php\\\/pour-les-producteurs-dalgues\\\/\",\"url\":\"https:\\\/\\\/www.algaia.com\\\/index.php\\\/pour-les-producteurs-dalgues\\\/\",\"name\":\"Pour les producteurs d'algues &#8226; Algaia\",\"isPartOf\":{\"@id\":\"https:\\\/\\\/www.algaia.com\\\/#website\"},\"datePublished\":\"2021-08-09T12:26:35+00:00\",\"dateModified\":\"2025-03-17T08:14:35+00:00\",\"breadcrumb\":{\"@id\":\"https:\\\/\\\/www.algaia.com\\\/index.php\\\/pour-les-producteurs-dalgues\\\/#breadcrumb\"},\"inLanguage\":\"fr-FR\",\"potentialAction\":[{\"@type\":\"ReadAction\",\"target\":[\"https:\\\/\\\/www.algaia.com\\\/index.php\\\/pour-les-producteurs-dalgues\\\/\"]}]},{\"@type\":\"BreadcrumbList\",\"@id\":\"https:\\\/\\\/www.algaia.com\\\/index.php\\\/pour-les-producteurs-dalgues\\\/#breadcrumb\",\"itemListElement\":[{\"@type\":\"ListItem\",\"position\":1,\"name\":\"Home\",\"item\":\"https:\\\/\\\/www.algaia.com\\\/\"},{\"@type\":\"ListItem\",\"position\":2,\"name\":\"Pour les producteurs d&rsquo;algues\"}]},{\"@type\":\"WebSite\",\"@id\":\"https:\\\/\\\/www.algaia.com\\\/#website\",\"url\":\"https:\\\/\\\/www.algaia.com\\\/\",\"name\":\"Algaia\",\"description\":\"Your Algae Partner\",\"publisher\":{\"@id\":\"https:\\\/\\\/www.algaia.com\\\/#organization\"},\"potentialAction\":[{\"@type\":\"SearchAction\",\"target\":{\"@type\":\"EntryPoint\",\"urlTemplate\":\"https:\\\/\\\/www.algaia.com\\\/?s={search_term_string}\"},\"query-input\":{\"@type\":\"PropertyValueSpecification\",\"valueRequired\":true,\"valueName\":\"search_term_string\"}}],\"inLanguage\":\"fr-FR\"},{\"@type\":\"Organization\",\"@id\":\"https:\\\/\\\/www.algaia.com\\\/#organization\",\"name\":\"algaia\",\"url\":\"https:\\\/\\\/www.algaia.com\\\/\",\"logo\":{\"@type\":\"ImageObject\",\"inLanguage\":\"fr-FR\",\"@id\":\"https:\\\/\\\/www.algaia.com\\\/#\\\/schema\\\/logo\\\/image\\\/\",\"url\":\"https:\\\/\\\/www.algaia.com\\\/wp-content\\\/uploads\\\/2019\\\/03\\\/news.jpg\",\"contentUrl\":\"https:\\\/\\\/www.algaia.com\\\/wp-content\\\/uploads\\\/2019\\\/03\\\/news.jpg\",\"width\":358,\"height\":251,\"caption\":\"algaia\"},\"image\":{\"@id\":\"https:\\\/\\\/www.algaia.com\\\/#\\\/schema\\\/logo\\\/image\\\/\"},\"sameAs\":[\"https:\\\/\\\/www.linkedin.com\\\/company\\\/algaia\\\/\"]}]}<\/script>\n<!-- \/ Yoast SEO plugin. -->","yoast_head_json":{"title":"Pour les producteurs d'algues &#8226; Algaia","robots":{"index":"index","follow":"follow","max-snippet":"max-snippet:-1","max-image-preview":"max-image-preview:large","max-video-preview":"max-video-preview:-1"},"canonical":"https:\/\/www.algaia.com\/index.php\/pour-les-producteurs-dalgues\/","og_locale":"fr_FR","og_type":"article","og_title":"Pour les producteurs d'algues &#8226; Algaia","og_description":"LES PRODUCTEURS D'ALGUES Nous proposons des prestations de R&amp;D \u00e0 un large \u00e9ventail d'acteurs de la fili\u00e8re algale : La qualit\u00e9 des mati\u00e8res premi\u00e8res (macro ou micro algues) est \u00e9videmment [&hellip;]","og_url":"https:\/\/www.algaia.com\/index.php\/pour-les-producteurs-dalgues\/","og_site_name":"Algaia","article_modified_time":"2025-03-17T08:14:35+00:00","og_image":[{"width":1024,"height":681,"url":"https:\/\/www.algaia.com\/wp-content\/uploads\/2019\/02\/Algues-brunes2-1024x681.jpg","type":"image\/jpeg"}],"twitter_card":"summary_large_image","twitter_misc":{"Dur\u00e9e de lecture estim\u00e9e":"5 minutes"},"schema":{"@context":"https:\/\/schema.org","@graph":[{"@type":"WebPage","@id":"https:\/\/www.algaia.com\/index.php\/pour-les-producteurs-dalgues\/","url":"https:\/\/www.algaia.com\/index.php\/pour-les-producteurs-dalgues\/","name":"Pour les producteurs d'algues &#8226; Algaia","isPartOf":{"@id":"https:\/\/www.algaia.com\/#website"},"datePublished":"2021-08-09T12:26:35+00:00","dateModified":"2025-03-17T08:14:35+00:00","breadcrumb":{"@id":"https:\/\/www.algaia.com\/index.php\/pour-les-producteurs-dalgues\/#breadcrumb"},"inLanguage":"fr-FR","potentialAction":[{"@type":"ReadAction","target":["https:\/\/www.algaia.com\/index.php\/pour-les-producteurs-dalgues\/"]}]},{"@type":"BreadcrumbList","@id":"https:\/\/www.algaia.com\/index.php\/pour-les-producteurs-dalgues\/#breadcrumb","itemListElement":[{"@type":"ListItem","position":1,"name":"Home","item":"https:\/\/www.algaia.com\/"},{"@type":"ListItem","position":2,"name":"Pour les producteurs d&rsquo;algues"}]},{"@type":"WebSite","@id":"https:\/\/www.algaia.com\/#website","url":"https:\/\/www.algaia.com\/","name":"Algaia","description":"Your Algae Partner","publisher":{"@id":"https:\/\/www.algaia.com\/#organization"},"potentialAction":[{"@type":"SearchAction","target":{"@type":"EntryPoint","urlTemplate":"https:\/\/www.algaia.com\/?s={search_term_string}"},"query-input":{"@type":"PropertyValueSpecification","valueRequired":true,"valueName":"search_term_string"}}],"inLanguage":"fr-FR"},{"@type":"Organization","@id":"https:\/\/www.algaia.com\/#organization","name":"algaia","url":"https:\/\/www.algaia.com\/","logo":{"@type":"ImageObject","inLanguage":"fr-FR","@id":"https:\/\/www.algaia.com\/#\/schema\/logo\/image\/","url":"https:\/\/www.algaia.com\/wp-content\/uploads\/2019\/03\/news.jpg","contentUrl":"https:\/\/www.algaia.com\/wp-content\/uploads\/2019\/03\/news.jpg","width":358,"height":251,"caption":"algaia"},"image":{"@id":"https:\/\/www.algaia.com\/#\/schema\/logo\/image\/"},"sameAs":["https:\/\/www.linkedin.com\/company\/algaia\/"]}]}},"_links":{"self":[{"href":"https:\/\/www.algaia.com\/index.php\/wp-json\/wp\/v2\/pages\/3600","targetHints":{"allow":["GET"]}}],"collection":[{"href":"https:\/\/www.algaia.com\/index.php\/wp-json\/wp\/v2\/pages"}],"about":[{"href":"https:\/\/www.algaia.com\/index.php\/wp-json\/wp\/v2\/types\/page"}],"author":[{"embeddable":true,"href":"https:\/\/www.algaia.com\/index.php\/wp-json\/wp\/v2\/users\/1"}],"replies":[{"embeddable":true,"href":"https:\/\/www.algaia.com\/index.php\/wp-json\/wp\/v2\/comments?post=3600"}],"version-history":[{"count":4,"href":"https:\/\/www.algaia.com\/index.php\/wp-json\/wp\/v2\/pages\/3600\/revisions"}],"predecessor-version":[{"id":7696,"href":"https:\/\/www.algaia.com\/index.php\/wp-json\/wp\/v2\/pages\/3600\/revisions\/7696"}],"wp:attachment":[{"href":"https:\/\/www.algaia.com\/index.php\/wp-json\/wp\/v2\/media?parent=3600"}],"curies":[{"name":"wp","href":"https:\/\/api.w.org\/{rel}","templated":true}]}}