{"id":3588,"date":"2021-08-09T12:50:06","date_gmt":"2021-08-09T10:50:06","guid":{"rendered":"https:\/\/www.algaia.com\/index.php\/recettes-concepts\/"},"modified":"2023-07-17T16:18:27","modified_gmt":"2023-07-17T14:18:27","slug":"recettes-concepts","status":"publish","type":"page","link":"https:\/\/www.algaia.com\/index.php\/recettes-concepts\/","title":{"rendered":"Recettes &#038; concepts"},"content":{"rendered":"<p>[et_pb_section fb_built=\u00a0\u00bb1&Prime; fullwidth=\u00a0\u00bbon\u00a0\u00bb _builder_version=\u00a0\u00bb4.16&Prime; background_image=\u00a0\u00bbhttps:\/\/www.algaia.com\/wp-content\/uploads\/2020\/10\/AdobeStock_277114441-scaled.jpeg\u00a0\u00bb custom_padding=\u00a0\u00bb0px|0px|31px|0px|false|false\u00a0\u00bb global_colors_info=\u00a0\u00bb{}\u00a0\u00bb][et_pb_fullwidth_header subhead=\u00a0\u00bbRecettes &#038;\u00a0\u00bb _builder_version=\u00a0\u00bb4.16&Prime; title_font=\u00a0\u00bb||||||||\u00a0\u00bb title_text_align=\u00a0\u00bbcenter\u00a0\u00bb content_font=\u00a0\u00bb|600|||||||\u00a0\u00bb content_text_align=\u00a0\u00bbcenter\u00a0\u00bb content_font_size=\u00a0\u00bb30px\u00a0\u00bb subhead_font=\u00a0\u00bb||||||||\u00a0\u00bb subhead_text_align=\u00a0\u00bbcenter\u00a0\u00bb subhead_font_size=\u00a0\u00bb25px\u00a0\u00bb background_color=\u00a0\u00bbrgba(126,190,197,0)\u00a0\u00bb global_colors_info=\u00a0\u00bb{}\u00a0\u00bb]<\/p>\n<p>CONCEPTS<\/p>\n<p>[\/et_pb_fullwidth_header][\/et_pb_section][et_pb_section fb_built=\u00a0\u00bb1&Prime; _builder_version=\u00a0\u00bb4.16&Prime; custom_padding=\u00a0\u00bb0|0px|0|0px|false|false\u00a0\u00bb global_colors_info=\u00a0\u00bb{}\u00a0\u00bb][et_pb_row _builder_version=\u00a0\u00bb4.16&Prime; module_alignment=\u00a0\u00bbcenter\u00a0\u00bb custom_padding=\u00a0\u00bb28px|0px|0|0px|false|false\u00a0\u00bb global_colors_info=\u00a0\u00bb{}\u00a0\u00bb][et_pb_column type=\u00a0\u00bb4_4&Prime; _builder_version=\u00a0\u00bb4.16&Prime; custom_padding=\u00a0\u00bb|||\u00a0\u00bb global_colors_info=\u00a0\u00bb{}\u00a0\u00bb custom_padding__hover=\u00a0\u00bb|||\u00a0\u00bb][et_pb_image align_tablet=\u00a0\u00bbcenter\u00a0\u00bb align_phone=\u00a0\u00bb\u00a0\u00bb align_last_edited=\u00a0\u00bbon|desktop\u00a0\u00bb _builder_version=\u00a0\u00bb4.16&Prime; global_colors_info=\u00a0\u00bb{}\u00a0\u00bb][\/et_pb_image][\/et_pb_column][\/et_pb_row][\/et_pb_section][et_pb_section fb_built=\u00a0\u00bb1&Prime; _builder_version=\u00a0\u00bb4.16&Prime; min_height=\u00a0\u00bb797px\u00a0\u00bb custom_padding=\u00a0\u00bb18px|0px|11px|0px|false|false\u00a0\u00bb global_colors_info=\u00a0\u00bb{}\u00a0\u00bb][et_pb_row column_structure=\u00a0\u00bb3_5,2_5&Prime; use_custom_gutter=\u00a0\u00bbon\u00a0\u00bb _builder_version=\u00a0\u00bb4.16&Prime; width=\u00a0\u00bb78%\u00a0\u00bb module_alignment=\u00a0\u00bbcenter\u00a0\u00bb custom_margin=\u00a0\u00bb||||false|false\u00a0\u00bb custom_padding=\u00a0\u00bb0||3px|0px|false|false\u00a0\u00bb global_colors_info=\u00a0\u00bb{}\u00a0\u00bb][et_pb_column type=\u00a0\u00bb3_5&Prime; _builder_version=\u00a0\u00bb4.16&Prime; custom_padding=\u00a0\u00bb|||\u00a0\u00bb global_colors_info=\u00a0\u00bb{}\u00a0\u00bb custom_padding__hover=\u00a0\u00bb|||\u00a0\u00bb][et_pb_text _builder_version=\u00a0\u00bb4.16&Prime; _module_preset=\u00a0\u00bbdefault\u00a0\u00bb header_text_color=\u00a0\u00bb#94c244&Prime; custom_padding=\u00a0\u00bb4px|||||\u00a0\u00bb global_colors_info=\u00a0\u00bb{}\u00a0\u00bb]<\/p>\n<h1 style=\"text-align: center;\"><span style=\"color: #99cc00;\">\u00a0NOTRE EXPERTISE APPLICATION \u00c0 VOTRE PORT\u00c9E<\/span><\/h1>\n<p>[\/et_pb_text][et_pb_text _builder_version=\u00a0\u00bb4.16&Prime; global_colors_info=\u00a0\u00bb{}\u00a0\u00bb]<\/p>\n<p>Chez Algaia, nous cherchons toujours des moyens d&rsquo;am\u00e9liorer les applications de nos clients, d&rsquo;alimenter leur pipeline d&rsquo;innovations et de contr\u00f4ler leurs co\u00fbts. C&rsquo;est pourquoi nous avons d\u00e9cid\u00e9 de partager des formulations innovantes ou saisonni\u00e8res utilisant nos derniers ingr\u00e9dients texturants. Chaque mois, nous vous donnerons la possibilit\u00e9 de d\u00e9couvrir un nouveau concept utilisant les ingr\u00e9dients d&rsquo;Algaia. Nous vous aiderons \u00e0 r\u00e9pondre aux besoins des consommateurs en produits naturels, \u00e0 recycler vos sous-produits ou \u00e0 imaginer un concept innovant. Alors apprenez \u00e0 conna\u00eetre tous les avantages de nos produits et plongeons ensemble dans un oc\u00e9an de textures !<\/p>\n<p>[\/et_pb_text][\/et_pb_column][et_pb_column type=\u00a0\u00bb2_5&Prime; _builder_version=\u00a0\u00bb4.16&Prime; _module_preset=\u00a0\u00bbdefault\u00a0\u00bb global_colors_info=\u00a0\u00bb{}\u00a0\u00bb][et_pb_image src=\u00a0\u00bbhttps:\/\/www.algaia.com\/wp-content\/uploads\/2023\/07\/Vinaigrette.jpg\u00a0\u00bb _builder_version=\u00a0\u00bb4.17.4&Prime; _module_preset=\u00a0\u00bbdefault\u00a0\u00bb title_text=\u00a0\u00bbVinaigrette\u00a0\u00bb hover_enabled=\u00a0\u00bb0&Prime; sticky_enabled=\u00a0\u00bb0&Prime; url=\u00a0\u00bbhttps:\/\/www.algaia.com\/wp-content\/uploads\/2023\/07\/Vinaigrette.pdf\u00a0\u00bb][\/et_pb_image][et_pb_cta button_url=\u00a0\u00bbhttps:\/\/www.algaia.com\/wp-content\/uploads\/2023\/07\/Vinaigrette.pdff\u00a0\u00bb url_new_window=\u00a0\u00bbon\u00a0\u00bb button_text=\u00a0\u00bbVoir la recette\u00a0\u00bb _builder_version=\u00a0\u00bb4.17.4&Prime; background_color=\u00a0\u00bb#ffffff\u00a0\u00bb custom_button=\u00a0\u00bbon\u00a0\u00bb button_text_size=\u00a0\u00bb20px\u00a0\u00bb button_bg_color=\u00a0\u00bb#277b8a\u00a0\u00bb button_font=\u00a0\u00bb||||||||\u00a0\u00bb button_icon=\u00a0\u00bb&#x45;||divi||400&Prime; button_alignment=\u00a0\u00bbcenter\u00a0\u00bb custom_padding=\u00a0\u00bb1px|||||\u00a0\u00bb link_option_url=\u00a0\u00bbhttps:\/\/www.algaia.com\/wp-content\/uploads\/2023\/07\/Vinaigrette.pdf\u00a0\u00bb hover_enabled=\u00a0\u00bb0&Prime; saved_tabs=\u00a0\u00bball\u00a0\u00bb global_colors_info=\u00a0\u00bb{}\u00a0\u00bb sticky_enabled=\u00a0\u00bb0&Prime;][\/et_pb_cta][\/et_pb_column][\/et_pb_row][et_pb_row column_structure=\u00a0\u00bb1_3,1_3,1_3&Prime; _builder_version=\u00a0\u00bb4.16&Prime; _module_preset=\u00a0\u00bbdefault\u00a0\u00bb global_colors_info=\u00a0\u00bb{}\u00a0\u00bb][et_pb_column type=\u00a0\u00bb1_3&Prime; _builder_version=\u00a0\u00bb4.16&Prime; _module_preset=\u00a0\u00bbdefault\u00a0\u00bb global_colors_info=\u00a0\u00bb{}\u00a0\u00bb][et_pb_image src=\u00a0\u00bbhttps:\/\/www.algaia.com\/wp-content\/uploads\/2023\/05\/Capture-de\u0301cran-2023-05-17-a\u0300-18.35.40.png\u00a0\u00bb title_text=\u00a0\u00bbCapture d\u2019e\u0301cran 2023-05-17 a\u0300 18.35.40&Prime; url=\u00a0\u00bbhttps:\/\/www.algaia.com\/wp-content\/uploads\/2023\/05\/Mayonnaise-FR-1.pdf\u00a0\u00bb _builder_version=\u00a0\u00bb4.17.4&Prime; _module_preset=\u00a0\u00bbdefault\u00a0\u00bb global_colors_info=\u00a0\u00bb{}\u00a0\u00bb][\/et_pb_image][et_pb_image src=\u00a0\u00bbhttps:\/\/www.algaia.com\/wp-content\/uploads\/2023\/04\/Capture-de\u0301cran-2023-04-17-a\u0300-09.46.29.png\u00a0\u00bb title_text=\u00a0\u00bbCapture d\u2019e\u0301cran 2023-04-17 a\u0300 09.46.29&Prime; url=\u00a0\u00bbhttps:\/\/www.algaia.com\/wp-content\/uploads\/2023\/04\/Sauce-tomate.pdf?utm_source=Site&#038;utm_campaign=Tomato+sauce&#038;utm_id=Recipe\u00a0\u00bb _builder_version=\u00a0\u00bb4.17.4&Prime; _module_preset=\u00a0\u00bbdefault\u00a0\u00bb global_colors_info=\u00a0\u00bb{}\u00a0\u00bb][\/et_pb_image][et_pb_image src=\u00a0\u00bbhttps:\/\/www.algaia.com\/wp-content\/uploads\/2022\/12\/Capture-de\u0301cran-2022-12-20-a\u0300-08.51-1.png\u00a0\u00bb title_text=\u00a0\u00bbCapture d\u2019e\u0301cran 2022-12-20 a\u0300 08.51&Prime; url=\u00a0\u00bbhttps:\/\/www.algaia.com\/wp-content\/uploads\/2022\/12\/Artificial-caviar.pdf?utm_source=site&#038;utm_medium=pdf&#038;utm_campaign=artificial+caviar&#038;utm_id=Concept\u00a0\u00bb _builder_version=\u00a0\u00bb4.17.4&Prime; _module_preset=\u00a0\u00bbdefault\u00a0\u00bb global_colors_info=\u00a0\u00bb{}\u00a0\u00bb][\/et_pb_image][et_pb_image src=\u00a0\u00bbhttps:\/\/www.algaia.com\/wp-content\/uploads\/2022\/09\/Capture-de\u0301cran-2022-09-29-a\u0300-14.32.02.png\u00a0\u00bb title_text=\u00a0\u00bbCapture d\u2019e\u0301cran 2022-09-29 a\u0300 14.32.02&Prime; url=\u00a0\u00bbhttps:\/\/share.hsforms.com\/106OjzkyIRhWZP_WUfY8oPA2nu0v\u00a0\u00bb url_new_window=\u00a0\u00bbon\u00a0\u00bb _builder_version=\u00a0\u00bb4.17.4&Prime; _module_preset=\u00a0\u00bbdefault\u00a0\u00bb global_colors_info=\u00a0\u00bb{}\u00a0\u00bb][\/et_pb_image][et_pb_image src=\u00a0\u00bbhttps:\/\/www.algaia.com\/wp-content\/uploads\/2022\/09\/Capture-de\u0301cran-2022-09-29-a\u0300-14.33.52.png\u00a0\u00bb title_text=\u00a0\u00bbCapture d\u2019e\u0301cran 2022-09-29 a\u0300 14.33.52&Prime; url=\u00a0\u00bbhttps:\/\/share.hsforms.com\/1VaTpbgSoRWihZoWGm1L2QA2nu0v\u00a0\u00bb _builder_version=\u00a0\u00bb4.17.4&Prime; _module_preset=\u00a0\u00bbdefault\u00a0\u00bb global_colors_info=\u00a0\u00bb{}\u00a0\u00bb][\/et_pb_image][et_pb_image src=\u00a0\u00bbhttps:\/\/www.algaia.com\/wp-content\/uploads\/2022\/09\/Capture-de\u0301cran-2022-09-29-a\u0300-14.30.56.png\u00a0\u00bb title_text=\u00a0\u00bbCapture d\u2019e\u0301cran 2022-09-29 a\u0300 14.30.56&Prime; url=\u00a0\u00bbhttps:\/\/share.hsforms.com\/1RZmVJrg9Qqav2Kbq11P36g2nu0v\u00a0\u00bb _builder_version=\u00a0\u00bb4.17.4&Prime; _module_preset=\u00a0\u00bbdefault\u00a0\u00bb global_colors_info=\u00a0\u00bb{}\u00a0\u00bb][\/et_pb_image][et_pb_image src=\u00a0\u00bbhttps:\/\/www.algaia.com\/wp-content\/uploads\/2022\/07\/Instant-jams-1.png\u00a0\u00bb title_text=\u00a0\u00bbInstant jams\u00a0\u00bb url=\u00a0\u00bbhttps:\/\/share.hsforms.com\/1yGz26JnBR6SHO3ojWDq7DQ2nu0v\u00a0\u00bb _builder_version=\u00a0\u00bb4.17.4&Prime; _module_preset=\u00a0\u00bbdefault\u00a0\u00bb global_colors_info=\u00a0\u00bb{}\u00a0\u00bb][\/et_pb_image][et_pb_image src=\u00a0\u00bbhttps:\/\/www.algaia.com\/wp-content\/uploads\/2022\/07\/Vegetable-beverages.png\u00a0\u00bb title_text=\u00a0\u00bbVegetable beverages\u00a0\u00bb url=\u00a0\u00bbhttps:\/\/share.hsforms.com\/1MdjEh2qYQ1CkBnN2Pd1Hbw2nu0v\u00a0\u00bb _builder_version=\u00a0\u00bb4.17.4&Prime; _module_preset=\u00a0\u00bbdefault\u00a0\u00bb global_colors_info=\u00a0\u00bb{}\u00a0\u00bb][\/et_pb_image][et_pb_image src=\u00a0\u00bbhttps:\/\/www.algaia.com\/wp-content\/uploads\/2022\/05\/Capture-de\u0301cran-2022-05-21-a\u0300-06.42.25.png\u00a0\u00bb title_text=\u00a0\u00bbCapture d\u2019e\u0301cran 2022-05-21 a\u0300 06.42.25&Prime; url=\u00a0\u00bbhttps:\/\/share.hsforms.com\/1eq6vn4zXQSWUUG4k9TWleg2nu0v\u00a0\u00bb _builder_version=\u00a0\u00bb4.17.1&Prime; _module_preset=\u00a0\u00bbdefault\u00a0\u00bb global_colors_info=\u00a0\u00bb{}\u00a0\u00bb][\/et_pb_image][\/et_pb_column][et_pb_column type=\u00a0\u00bb1_3&Prime; _builder_version=\u00a0\u00bb4.16&Prime; _module_preset=\u00a0\u00bbdefault\u00a0\u00bb global_colors_info=\u00a0\u00bb{}\u00a0\u00bb][et_pb_image src=\u00a0\u00bbhttps:\/\/www.algaia.com\/wp-content\/uploads\/2021\/10\/Miniature-bakery-cream.jpg\u00a0\u00bb title_text=\u00a0\u00bbMiniature-bakery cream\u00a0\u00bb url=\u00a0\u00bbhttps:\/\/youtu.be\/Z30dLc6e86Q\u00a0\u00bb url_new_window=\u00a0\u00bbon\u00a0\u00bb _builder_version=\u00a0\u00bb4.16&Prime; _module_preset=\u00a0\u00bbdefault\u00a0\u00bb global_colors_info=\u00a0\u00bb{}\u00a0\u00bb][\/et_pb_image][et_pb_text _builder_version=\u00a0\u00bb4.16&Prime; _module_preset=\u00a0\u00bbdefault\u00a0\u00bb min_height=\u00a0\u00bb143.4px\u00a0\u00bb custom_margin=\u00a0\u00bb||-6px|||\u00a0\u00bb link_option_url=\u00a0\u00bbhttps:\/\/youtu.be\/Z30dLc6e86Q\u00a0\u00bb link_option_url_new_window=\u00a0\u00bbon\u00a0\u00bb global_colors_info=\u00a0\u00bb{}\u00a0\u00bb]<\/p>\n<h3>TUTO &#8211; CR\u00c8ME PATISSI\u00c8RE MINUTE<\/h3>\n<p>Vous voulez ma\u00eetriser la technique pour r\u00e9aliser une cr\u00e8me p\u00e2tissi\u00e8re instantan\u00e9e ? Suivez Marion, notre experte en applications !<\/p>\n<p>[\/et_pb_text][et_pb_image src=\u00a0\u00bbhttps:\/\/www.algaia.com\/wp-content\/uploads\/2022\/03\/Capture-de\u0301cran-2022-03-08-a\u0300-20.06.49.png\u00a0\u00bb title_text=\u00a0\u00bbCapture d\u2019e\u0301cran 2022-03-08 a\u0300 20.06.49&Prime; url=\u00a0\u00bbhttps:\/\/share.hsforms.com\/1BxjNr0yrT-a0_HSrsP7lUw2nu0v\u00a0\u00bb _builder_version=\u00a0\u00bb4.16&Prime; _module_preset=\u00a0\u00bbdefault\u00a0\u00bb global_colors_info=\u00a0\u00bb{}\u00a0\u00bb][\/et_pb_image][et_pb_image src=\u00a0\u00bbhttps:\/\/www.algaia.com\/wp-content\/uploads\/2022\/04\/Low-fat-vegan-spread.png\u00a0\u00bb title_text=\u00a0\u00bbLow fat vegan spread\u00a0\u00bb url=\u00a0\u00bbhttps:\/\/share.hsforms.com\/1eq6vn4zXQSWUUG4k9TWleg2nu0v\u00a0\u00bb _builder_version=\u00a0\u00bb4.17.1&Prime; _module_preset=\u00a0\u00bbdefault\u00a0\u00bb global_colors_info=\u00a0\u00bb{}\u00a0\u00bb][\/et_pb_image][et_pb_image src=\u00a0\u00bbhttps:\/\/www.algaia.com\/wp-content\/uploads\/2021\/12\/Capture-de\u0301cran-2021-12-15-a\u0300-18.19.56-e1639589198257.png\u00a0\u00bb title_text=\u00a0\u00bbGla\u00e7age vegan\u00a0\u00bb url=\u00a0\u00bbhttps:\/\/www.algaia.com\/wp-content\/uploads\/2021\/12\/Flyer-december-recipe-Xmas-Icing-2.pdf\u00a0\u00bb _builder_version=\u00a0\u00bb4.17.1&Prime; _module_preset=\u00a0\u00bbdefault\u00a0\u00bb global_colors_info=\u00a0\u00bb{}\u00a0\u00bb][\/et_pb_image][et_pb_image src=\u00a0\u00bbhttps:\/\/www.algaia.com\/wp-content\/uploads\/2022\/01\/Capture-de\u0301cran-2022-01-14-a\u0300-12.54.11-1.png\u00a0\u00bb title_text=\u00a0\u00bbCapture d\u2019e\u0301cran 2022-01-14 a\u0300 12.54.11&Prime; url=\u00a0\u00bbhttps:\/\/share.hsforms.com\/1T5KUcf4ERy-IhcY9IqK5QQ2nu0v\u00a0\u00bb _builder_version=\u00a0\u00bb4.17.1&Prime; _module_preset=\u00a0\u00bbdefault\u00a0\u00bb custom_margin=\u00a0\u00bb-24px|||||\u00a0\u00bb global_colors_info=\u00a0\u00bb{}\u00a0\u00bb][\/et_pb_image][\/et_pb_column][et_pb_column type=\u00a0\u00bb1_3&Prime; _builder_version=\u00a0\u00bb4.16&Prime; _module_preset=\u00a0\u00bbdefault\u00a0\u00bb global_colors_info=\u00a0\u00bb{}\u00a0\u00bb][et_pb_image src=\u00a0\u00bbhttps:\/\/www.algaia.com\/wp-content\/uploads\/2021\/10\/Miniature-fat-restructuration.jpg\u00a0\u00bb url=\u00a0\u00bbhttps:\/\/youtu.be\/NCl0ypq7Ujc\u00a0\u00bb _builder_version=\u00a0\u00bb4.16&Prime; _module_preset=\u00a0\u00bbdefault\u00a0\u00bb global_colors_info=\u00a0\u00bb{}\u00a0\u00bb][\/et_pb_image][et_pb_text _builder_version=\u00a0\u00bb4.16&Prime; _module_preset=\u00a0\u00bbdefault\u00a0\u00bb link_option_url=\u00a0\u00bbhttps:\/\/youtu.be\/NCl0ypq7Ujc\u00a0\u00bb link_option_url_new_window=\u00a0\u00bbon\u00a0\u00bb global_colors_info=\u00a0\u00bb{}\u00a0\u00bb]<\/p>\n<h3>TUTORIAL &#8211; GRAS RECONSTITU\u00c9<\/h3>\n<p>Vous voulez incorporer du gras reconstitu\u00e9 \u00e0 votre application, comment y parvenir ? D\u00e9couvrez pas \u00e0 pas la recette avec Marion, notre experte en applications !<\/p>\n<p>[\/et_pb_text][et_pb_image src=\u00a0\u00bbhttps:\/\/www.algaia.com\/wp-content\/uploads\/2022\/06\/Capture-de\u0301cran-2022-06-27-a\u0300-10.53.14.png\u00a0\u00bb title_text=\u00a0\u00bbCapture d\u2019e\u0301cran 2022-06-27 a\u0300 10.53.14&Prime; url=\u00a0\u00bbhttps:\/\/share.hsforms.com\/16GP2hoMZRyybAqQ_3nMN9A2nu0v\u00a0\u00bb _builder_version=\u00a0\u00bb4.17.4&Prime; _module_preset=\u00a0\u00bbdefault\u00a0\u00bb global_colors_info=\u00a0\u00bb{}\u00a0\u00bb][\/et_pb_image][et_pb_image src=\u00a0\u00bbhttps:\/\/www.algaia.com\/wp-content\/uploads\/2022\/02\/Instant-noodles-Algaia-February-recipe.png\u00a0\u00bb title_text=\u00a0\u00bbInstant noodles &#8211; Algaia &#8211; February recipe\u00a0\u00bb url=\u00a0\u00bbhttps:\/\/share.hsforms.com\/1P5s3mY3uRy6W-PwhKUiaog2nu0v\u00a0\u00bb _builder_version=\u00a0\u00bb4.16&Prime; _module_preset=\u00a0\u00bbdefault\u00a0\u00bb global_colors_info=\u00a0\u00bb{}\u00a0\u00bb][\/et_pb_image][et_pb_image src=\u00a0\u00bbhttps:\/\/www.algaia.com\/wp-content\/uploads\/2020\/10\/Reformed-mushrooms-recipe-concept-month-Algaia.png\u00a0\u00bb title_text=\u00a0\u00bbReformed-mushrooms-recipe-concept-month-Algaia\u00a0\u00bb url=\u00a0\u00bbhttps:\/\/share.hsforms.com\/1e3DrqFWTSt-5WSOcIiBdAw2nu0v\u00a0\u00bb _builder_version=\u00a0\u00bb4.16&Prime; _module_preset=\u00a0\u00bbdefault\u00a0\u00bb global_colors_info=\u00a0\u00bb{}\u00a0\u00bb][\/et_pb_image][et_pb_image src=\u00a0\u00bbhttps:\/\/www.algaia.com\/wp-content\/uploads\/2020\/11\/Fruit-filling-recipe-november-algaia-Insta.png\u00a0\u00bb title_text=\u00a0\u00bbFruit filling recipe &#8211; november &#8211; algaia &#8211; Insta\u00a0\u00bb url=\u00a0\u00bbhttps:\/\/share.hsforms.com\/1VRsCuTo9T0ypNNtl2-9cSw2nu0v\u00a0\u00bb _builder_version=\u00a0\u00bb4.16&Prime; _module_preset=\u00a0\u00bbdefault\u00a0\u00bb global_colors_info=\u00a0\u00bb{}\u00a0\u00bb][\/et_pb_image][\/et_pb_column][\/et_pb_row][\/et_pb_section]<\/p>\n","protected":false},"excerpt":{"rendered":"<p>CONCEPTS\u00a0NOTRE EXPERTISE APPLICATION \u00c0 VOTRE PORT\u00c9EChez Algaia, nous cherchons toujours des moyens d&rsquo;am\u00e9liorer les applications de nos clients, d&rsquo;alimenter leur pipeline d&rsquo;innovations et de contr\u00f4ler leurs co\u00fbts. C&rsquo;est pourquoi nous [&hellip;]<\/p>\n","protected":false},"author":1,"featured_media":0,"parent":0,"menu_order":0,"comment_status":"closed","ping_status":"closed","template":"","meta":{"_et_pb_use_builder":"on","_et_pb_old_content":"","_et_gb_content_width":"","_exactmetrics_skip_tracking":false,"_exactmetrics_sitenote_active":false,"_exactmetrics_sitenote_note":"","_exactmetrics_sitenote_category":0,"footnotes":""},"class_list":["post-3588","page","type-page","status-publish","hentry"],"yoast_head":"<!-- This site is optimized with the Yoast SEO plugin v27.5 - https:\/\/yoast.com\/product\/yoast-seo-wordpress\/ -->\n<title>Recettes &amp; concepts &#8226; Algaia<\/title>\n<meta name=\"robots\" content=\"index, follow, max-snippet:-1, max-image-preview:large, max-video-preview:-1\" \/>\n<link rel=\"canonical\" href=\"https:\/\/www.algaia.com\/index.php\/recettes-concepts\/\" \/>\n<meta property=\"og:locale\" content=\"fr_FR\" \/>\n<meta property=\"og:type\" content=\"article\" \/>\n<meta property=\"og:title\" content=\"Recettes &amp; concepts &#8226; Algaia\" \/>\n<meta property=\"og:description\" content=\"CONCEPTS\u00a0NOTRE EXPERTISE APPLICATION \u00c0 VOTRE PORT\u00c9EChez Algaia, nous cherchons toujours des moyens d&#039;am\u00e9liorer les applications de nos clients, d&#039;alimenter leur pipeline d&#039;innovations et de contr\u00f4ler leurs co\u00fbts. C&#039;est pourquoi nous [&hellip;]\" \/>\n<meta property=\"og:url\" content=\"https:\/\/www.algaia.com\/index.php\/recettes-concepts\/\" \/>\n<meta property=\"og:site_name\" content=\"Algaia\" \/>\n<meta property=\"article:modified_time\" content=\"2023-07-17T14:18:27+00:00\" \/>\n<meta property=\"og:image\" content=\"https:\/\/www.algaia.com\/wp-content\/uploads\/2019\/02\/Algues-brunes2-1024x681.jpg\" \/>\n\t<meta property=\"og:image:width\" content=\"1024\" \/>\n\t<meta property=\"og:image:height\" content=\"681\" \/>\n\t<meta property=\"og:image:type\" content=\"image\/jpeg\" \/>\n<meta name=\"twitter:card\" content=\"summary_large_image\" \/>\n<meta name=\"twitter:label1\" content=\"Dur\u00e9e de lecture estim\u00e9e\" \/>\n\t<meta name=\"twitter:data1\" content=\"8 minutes\" \/>\n<script type=\"application\/ld+json\" class=\"yoast-schema-graph\">{\"@context\":\"https:\\\/\\\/schema.org\",\"@graph\":[{\"@type\":\"WebPage\",\"@id\":\"https:\\\/\\\/www.algaia.com\\\/index.php\\\/recettes-concepts\\\/\",\"url\":\"https:\\\/\\\/www.algaia.com\\\/index.php\\\/recettes-concepts\\\/\",\"name\":\"Recettes & concepts &#8226; Algaia\",\"isPartOf\":{\"@id\":\"https:\\\/\\\/www.algaia.com\\\/#website\"},\"datePublished\":\"2021-08-09T10:50:06+00:00\",\"dateModified\":\"2023-07-17T14:18:27+00:00\",\"breadcrumb\":{\"@id\":\"https:\\\/\\\/www.algaia.com\\\/index.php\\\/recettes-concepts\\\/#breadcrumb\"},\"inLanguage\":\"fr-FR\",\"potentialAction\":[{\"@type\":\"ReadAction\",\"target\":[\"https:\\\/\\\/www.algaia.com\\\/index.php\\\/recettes-concepts\\\/\"]}]},{\"@type\":\"BreadcrumbList\",\"@id\":\"https:\\\/\\\/www.algaia.com\\\/index.php\\\/recettes-concepts\\\/#breadcrumb\",\"itemListElement\":[{\"@type\":\"ListItem\",\"position\":1,\"name\":\"Home\",\"item\":\"https:\\\/\\\/www.algaia.com\\\/\"},{\"@type\":\"ListItem\",\"position\":2,\"name\":\"Recettes &#038; concepts\"}]},{\"@type\":\"WebSite\",\"@id\":\"https:\\\/\\\/www.algaia.com\\\/#website\",\"url\":\"https:\\\/\\\/www.algaia.com\\\/\",\"name\":\"Algaia\",\"description\":\"Your Algae Partner\",\"publisher\":{\"@id\":\"https:\\\/\\\/www.algaia.com\\\/#organization\"},\"potentialAction\":[{\"@type\":\"SearchAction\",\"target\":{\"@type\":\"EntryPoint\",\"urlTemplate\":\"https:\\\/\\\/www.algaia.com\\\/?s={search_term_string}\"},\"query-input\":{\"@type\":\"PropertyValueSpecification\",\"valueRequired\":true,\"valueName\":\"search_term_string\"}}],\"inLanguage\":\"fr-FR\"},{\"@type\":\"Organization\",\"@id\":\"https:\\\/\\\/www.algaia.com\\\/#organization\",\"name\":\"algaia\",\"url\":\"https:\\\/\\\/www.algaia.com\\\/\",\"logo\":{\"@type\":\"ImageObject\",\"inLanguage\":\"fr-FR\",\"@id\":\"https:\\\/\\\/www.algaia.com\\\/#\\\/schema\\\/logo\\\/image\\\/\",\"url\":\"https:\\\/\\\/www.algaia.com\\\/wp-content\\\/uploads\\\/2019\\\/03\\\/news.jpg\",\"contentUrl\":\"https:\\\/\\\/www.algaia.com\\\/wp-content\\\/uploads\\\/2019\\\/03\\\/news.jpg\",\"width\":358,\"height\":251,\"caption\":\"algaia\"},\"image\":{\"@id\":\"https:\\\/\\\/www.algaia.com\\\/#\\\/schema\\\/logo\\\/image\\\/\"},\"sameAs\":[\"https:\\\/\\\/www.linkedin.com\\\/company\\\/algaia\\\/\"]}]}<\/script>\n<!-- \/ Yoast SEO plugin. -->","yoast_head_json":{"title":"Recettes & concepts &#8226; Algaia","robots":{"index":"index","follow":"follow","max-snippet":"max-snippet:-1","max-image-preview":"max-image-preview:large","max-video-preview":"max-video-preview:-1"},"canonical":"https:\/\/www.algaia.com\/index.php\/recettes-concepts\/","og_locale":"fr_FR","og_type":"article","og_title":"Recettes & concepts &#8226; Algaia","og_description":"CONCEPTS\u00a0NOTRE EXPERTISE APPLICATION \u00c0 VOTRE PORT\u00c9EChez Algaia, nous cherchons toujours des moyens d'am\u00e9liorer les applications de nos clients, d'alimenter leur pipeline d'innovations et de contr\u00f4ler leurs co\u00fbts. C'est pourquoi nous [&hellip;]","og_url":"https:\/\/www.algaia.com\/index.php\/recettes-concepts\/","og_site_name":"Algaia","article_modified_time":"2023-07-17T14:18:27+00:00","og_image":[{"width":1024,"height":681,"url":"https:\/\/www.algaia.com\/wp-content\/uploads\/2019\/02\/Algues-brunes2-1024x681.jpg","type":"image\/jpeg"}],"twitter_card":"summary_large_image","twitter_misc":{"Dur\u00e9e de lecture estim\u00e9e":"8 minutes"},"schema":{"@context":"https:\/\/schema.org","@graph":[{"@type":"WebPage","@id":"https:\/\/www.algaia.com\/index.php\/recettes-concepts\/","url":"https:\/\/www.algaia.com\/index.php\/recettes-concepts\/","name":"Recettes & concepts &#8226; Algaia","isPartOf":{"@id":"https:\/\/www.algaia.com\/#website"},"datePublished":"2021-08-09T10:50:06+00:00","dateModified":"2023-07-17T14:18:27+00:00","breadcrumb":{"@id":"https:\/\/www.algaia.com\/index.php\/recettes-concepts\/#breadcrumb"},"inLanguage":"fr-FR","potentialAction":[{"@type":"ReadAction","target":["https:\/\/www.algaia.com\/index.php\/recettes-concepts\/"]}]},{"@type":"BreadcrumbList","@id":"https:\/\/www.algaia.com\/index.php\/recettes-concepts\/#breadcrumb","itemListElement":[{"@type":"ListItem","position":1,"name":"Home","item":"https:\/\/www.algaia.com\/"},{"@type":"ListItem","position":2,"name":"Recettes &#038; concepts"}]},{"@type":"WebSite","@id":"https:\/\/www.algaia.com\/#website","url":"https:\/\/www.algaia.com\/","name":"Algaia","description":"Your Algae Partner","publisher":{"@id":"https:\/\/www.algaia.com\/#organization"},"potentialAction":[{"@type":"SearchAction","target":{"@type":"EntryPoint","urlTemplate":"https:\/\/www.algaia.com\/?s={search_term_string}"},"query-input":{"@type":"PropertyValueSpecification","valueRequired":true,"valueName":"search_term_string"}}],"inLanguage":"fr-FR"},{"@type":"Organization","@id":"https:\/\/www.algaia.com\/#organization","name":"algaia","url":"https:\/\/www.algaia.com\/","logo":{"@type":"ImageObject","inLanguage":"fr-FR","@id":"https:\/\/www.algaia.com\/#\/schema\/logo\/image\/","url":"https:\/\/www.algaia.com\/wp-content\/uploads\/2019\/03\/news.jpg","contentUrl":"https:\/\/www.algaia.com\/wp-content\/uploads\/2019\/03\/news.jpg","width":358,"height":251,"caption":"algaia"},"image":{"@id":"https:\/\/www.algaia.com\/#\/schema\/logo\/image\/"},"sameAs":["https:\/\/www.linkedin.com\/company\/algaia\/"]}]}},"_links":{"self":[{"href":"https:\/\/www.algaia.com\/index.php\/wp-json\/wp\/v2\/pages\/3588","targetHints":{"allow":["GET"]}}],"collection":[{"href":"https:\/\/www.algaia.com\/index.php\/wp-json\/wp\/v2\/pages"}],"about":[{"href":"https:\/\/www.algaia.com\/index.php\/wp-json\/wp\/v2\/types\/page"}],"author":[{"embeddable":true,"href":"https:\/\/www.algaia.com\/index.php\/wp-json\/wp\/v2\/users\/1"}],"replies":[{"embeddable":true,"href":"https:\/\/www.algaia.com\/index.php\/wp-json\/wp\/v2\/comments?post=3588"}],"version-history":[{"count":28,"href":"https:\/\/www.algaia.com\/index.php\/wp-json\/wp\/v2\/pages\/3588\/revisions"}],"predecessor-version":[{"id":6122,"href":"https:\/\/www.algaia.com\/index.php\/wp-json\/wp\/v2\/pages\/3588\/revisions\/6122"}],"wp:attachment":[{"href":"https:\/\/www.algaia.com\/index.php\/wp-json\/wp\/v2\/media?parent=3588"}],"curies":[{"name":"wp","href":"https:\/\/api.w.org\/{rel}","templated":true}]}}