{"id":3573,"date":"2021-08-09T12:06:27","date_gmt":"2021-08-09T10:06:27","guid":{"rendered":"https:\/\/www.algaia.com\/index.php\/produits\/"},"modified":"2023-05-31T11:05:13","modified_gmt":"2023-05-31T09:05:13","slug":"produits","status":"publish","type":"page","link":"https:\/\/www.algaia.com\/index.php\/produits\/","title":{"rendered":"Produits"},"content":{"rendered":"<p>[et_pb_section fb_built=\u00a0\u00bb1&Prime; fullwidth=\u00a0\u00bbon\u00a0\u00bb _builder_version=\u00a0\u00bb4.16&Prime; background_image=\u00a0\u00bbhttps:\/\/www.algaia.com\/wp-content\/uploads\/2019\/02\/Algas.png\u00a0\u00bb custom_padding=\u00a0\u00bb0px|0px|27px|0px|false|false\u00a0\u00bb saved_tabs=\u00a0\u00bball\u00a0\u00bb global_colors_info=\u00a0\u00bb{}\u00a0\u00bb][et_pb_fullwidth_header subhead=\u00a0\u00bbNOS\u00a0\u00bb _builder_version=\u00a0\u00bb4.16&Prime; title_font=\u00a0\u00bb||||||||\u00a0\u00bb title_text_align=\u00a0\u00bbcenter\u00a0\u00bb content_font=\u00a0\u00bb|600|||||||\u00a0\u00bb content_text_align=\u00a0\u00bbcenter\u00a0\u00bb content_font_size=\u00a0\u00bb30px\u00a0\u00bb subhead_font=\u00a0\u00bb||||||||\u00a0\u00bb subhead_text_align=\u00a0\u00bbcenter\u00a0\u00bb background_color=\u00a0\u00bbrgba(126,190,197,0)\u00a0\u00bb global_colors_info=\u00a0\u00bb{}\u00a0\u00bb]<\/p>\n<p>PRODUITS<\/p>\n<p>[\/et_pb_fullwidth_header][\/et_pb_section][et_pb_section fb_built=\u00a0\u00bb1&Prime; _builder_version=\u00a0\u00bb4.16&Prime; global_colors_info=\u00a0\u00bb{}\u00a0\u00bb][et_pb_row column_structure=\u00a0\u00bb1_3,1_3,1_3&Prime; _builder_version=\u00a0\u00bb4.16&Prime; global_colors_info=\u00a0\u00bb{}\u00a0\u00bb][et_pb_column type=\u00a0\u00bb1_3&Prime; _builder_version=\u00a0\u00bb4.16&Prime; custom_padding=\u00a0\u00bb|||\u00a0\u00bb global_colors_info=\u00a0\u00bb{}\u00a0\u00bb custom_padding__hover=\u00a0\u00bb|||\u00a0\u00bb][et_pb_image src=\u00a0\u00bbhttps:\/\/www.algaia.com\/wp-content\/uploads\/2019\/01\/Eclate\u0301-algues.jpg\u00a0\u00bb title_text=\u00a0\u00bbEclate\u0301 algues\u00a0\u00bb align_tablet=\u00a0\u00bbcenter\u00a0\u00bb align_phone=\u00a0\u00bb\u00a0\u00bb align_last_edited=\u00a0\u00bbon|desktop\u00a0\u00bb _builder_version=\u00a0\u00bb4.16&Prime; global_colors_info=\u00a0\u00bb{}\u00a0\u00bb][\/et_pb_image][\/et_pb_column][et_pb_column type=\u00a0\u00bb1_3&Prime; _builder_version=\u00a0\u00bb4.16&Prime; custom_padding=\u00a0\u00bb|||\u00a0\u00bb global_colors_info=\u00a0\u00bb{}\u00a0\u00bb custom_padding__hover=\u00a0\u00bb|||\u00a0\u00bb][et_pb_text _builder_version=\u00a0\u00bb4.17.4&Prime; hover_enabled=\u00a0\u00bb0&Prime; global_colors_info=\u00a0\u00bb{}\u00a0\u00bb sticky_enabled=\u00a0\u00bb0&Prime;]<\/p>\n<ul>\n<li>ALGAIA propose un large portefeuille de solutions texturantes et d&rsquo;extraits d&rsquo;algues de sp\u00e9cialit\u00e9 ainsi qu&rsquo;une \u00e9quipe exp\u00e9riment\u00e9e d&rsquo;experts en applications pour vous accompagner dans le d\u00e9veloppement de vos produits. Notre \u00e9quipe d&rsquo;application optimisera votre formulation et vous apportera des solutions alternatives et innovantes pour vous aider \u00e0 garder une longueur d&rsquo;avance sur votre march\u00e9.\n<ul>\n<li><a href=\"https:\/\/www.algaia.com\/index.php\/carraghenanes\/?lang=fr\">Carragh\u00e9nanes<\/a><\/li>\n<li><a href=\"https:\/\/www.algaia.com\/index.php\/alginates\/?lang=fr\">Alginates<\/a><\/li>\n<li><a href=\"https:\/\/www.algaia.com\/index.php\/biostimulants-vegetaux\/?lang=fr\">Agri-ingr\u00e9dients<\/a><\/li>\n<li><a href=\"https:\/\/www.algaia.com\/index.php\/extraits-dalgues-de-specialites\/?lang=fr\">Extraits d&rsquo;algues de sp\u00e9cialit\u00e9<\/a><\/li>\n<li>Solutions \u00e0 fa\u00e7on<\/li>\n<\/ul>\n<\/li>\n<li style=\"list-style-type: none;\"><\/li>\n<\/ul>\n<p>[\/et_pb_text][\/et_pb_column][et_pb_column type=\u00a0\u00bb1_3&Prime; _builder_version=\u00a0\u00bb4.16&Prime; custom_padding=\u00a0\u00bb|||\u00a0\u00bb global_colors_info=\u00a0\u00bb{}\u00a0\u00bb custom_padding__hover=\u00a0\u00bb|||\u00a0\u00bb][et_pb_text _builder_version=\u00a0\u00bb4.16&Prime; text_font=\u00a0\u00bbrenogare||||||||\u00a0\u00bb text_text_color=\u00a0\u00bb#aadb24&Prime; text_font_size=\u00a0\u00bb18px\u00a0\u00bb background_color=\u00a0\u00bbrgba(0,0,0,0.03)\u00a0\u00bb custom_margin=\u00a0\u00bb0px||0px\u00a0\u00bb custom_padding=\u00a0\u00bb||10px\u00a0\u00bb global_colors_info=\u00a0\u00bb{}\u00a0\u00bb]<\/p>\n<p>INFOS R\u00c9CENTES<\/p>\n<p>[\/et_pb_text][et_pb_blog posts_number=\u00a0\u00bb3&Prime; include_categories=\u00a0\u00bb51,58,56&Prime; show_author=\u00a0\u00bboff\u00a0\u00bb show_categories=\u00a0\u00bboff\u00a0\u00bb _builder_version=\u00a0\u00bb4.16&Prime; global_colors_info=\u00a0\u00bb{}\u00a0\u00bb][\/et_pb_blog][\/et_pb_column][\/et_pb_row][\/et_pb_section]<\/p>\n","protected":false},"excerpt":{"rendered":"<p>PRODUITS ALGAIA propose un large portefeuille de solutions texturantes et d&rsquo;extraits d&rsquo;algues de sp\u00e9cialit\u00e9 ainsi qu&rsquo;une \u00e9quipe exp\u00e9riment\u00e9e d&rsquo;experts en applications pour vous accompagner dans le d\u00e9veloppement de vos produits. [&hellip;]<\/p>\n","protected":false},"author":1,"featured_media":0,"parent":0,"menu_order":0,"comment_status":"closed","ping_status":"closed","template":"","meta":{"_et_pb_use_builder":"on","_et_pb_old_content":"","_et_gb_content_width":"","_exactmetrics_skip_tracking":false,"_exactmetrics_sitenote_active":false,"_exactmetrics_sitenote_note":"","_exactmetrics_sitenote_category":0,"footnotes":""},"class_list":["post-3573","page","type-page","status-publish","hentry"],"yoast_head":"<!-- This site is optimized with the Yoast SEO plugin v27.5 - https:\/\/yoast.com\/product\/yoast-seo-wordpress\/ -->\n<title>Produits &#8226; Algaia<\/title>\n<meta name=\"robots\" content=\"index, follow, max-snippet:-1, max-image-preview:large, max-video-preview:-1\" \/>\n<link rel=\"canonical\" href=\"https:\/\/www.algaia.com\/index.php\/produits\/\" \/>\n<meta property=\"og:locale\" content=\"fr_FR\" \/>\n<meta property=\"og:type\" content=\"article\" \/>\n<meta property=\"og:title\" content=\"Produits &#8226; Algaia\" \/>\n<meta property=\"og:description\" content=\"PRODUITS ALGAIA propose un large portefeuille de solutions texturantes et d&#039;extraits d&#039;algues de sp\u00e9cialit\u00e9 ainsi qu&#039;une \u00e9quipe exp\u00e9riment\u00e9e d&#039;experts en applications pour vous accompagner dans le d\u00e9veloppement de vos produits. [&hellip;]\" \/>\n<meta property=\"og:url\" content=\"https:\/\/www.algaia.com\/index.php\/produits\/\" \/>\n<meta property=\"og:site_name\" content=\"Algaia\" \/>\n<meta property=\"article:modified_time\" content=\"2023-05-31T09:05:13+00:00\" \/>\n<meta property=\"og:image\" content=\"https:\/\/www.algaia.com\/wp-content\/uploads\/2019\/02\/Algues-brunes2-1024x681.jpg\" \/>\n\t<meta property=\"og:image:width\" content=\"1024\" \/>\n\t<meta property=\"og:image:height\" content=\"681\" \/>\n\t<meta property=\"og:image:type\" content=\"image\/jpeg\" \/>\n<meta name=\"twitter:card\" content=\"summary_large_image\" \/>\n<meta name=\"twitter:label1\" content=\"Dur\u00e9e de lecture estim\u00e9e\" \/>\n\t<meta name=\"twitter:data1\" content=\"2 minutes\" \/>\n<script type=\"application\/ld+json\" class=\"yoast-schema-graph\">{\"@context\":\"https:\\\/\\\/schema.org\",\"@graph\":[{\"@type\":\"WebPage\",\"@id\":\"https:\\\/\\\/www.algaia.com\\\/index.php\\\/produits\\\/\",\"url\":\"https:\\\/\\\/www.algaia.com\\\/index.php\\\/produits\\\/\",\"name\":\"Produits &#8226; Algaia\",\"isPartOf\":{\"@id\":\"https:\\\/\\\/www.algaia.com\\\/#website\"},\"datePublished\":\"2021-08-09T10:06:27+00:00\",\"dateModified\":\"2023-05-31T09:05:13+00:00\",\"breadcrumb\":{\"@id\":\"https:\\\/\\\/www.algaia.com\\\/index.php\\\/produits\\\/#breadcrumb\"},\"inLanguage\":\"fr-FR\",\"potentialAction\":[{\"@type\":\"ReadAction\",\"target\":[\"https:\\\/\\\/www.algaia.com\\\/index.php\\\/produits\\\/\"]}]},{\"@type\":\"BreadcrumbList\",\"@id\":\"https:\\\/\\\/www.algaia.com\\\/index.php\\\/produits\\\/#breadcrumb\",\"itemListElement\":[{\"@type\":\"ListItem\",\"position\":1,\"name\":\"Home\",\"item\":\"https:\\\/\\\/www.algaia.com\\\/\"},{\"@type\":\"ListItem\",\"position\":2,\"name\":\"Produits\"}]},{\"@type\":\"WebSite\",\"@id\":\"https:\\\/\\\/www.algaia.com\\\/#website\",\"url\":\"https:\\\/\\\/www.algaia.com\\\/\",\"name\":\"Algaia\",\"description\":\"Your Algae Partner\",\"publisher\":{\"@id\":\"https:\\\/\\\/www.algaia.com\\\/#organization\"},\"potentialAction\":[{\"@type\":\"SearchAction\",\"target\":{\"@type\":\"EntryPoint\",\"urlTemplate\":\"https:\\\/\\\/www.algaia.com\\\/?s={search_term_string}\"},\"query-input\":{\"@type\":\"PropertyValueSpecification\",\"valueRequired\":true,\"valueName\":\"search_term_string\"}}],\"inLanguage\":\"fr-FR\"},{\"@type\":\"Organization\",\"@id\":\"https:\\\/\\\/www.algaia.com\\\/#organization\",\"name\":\"algaia\",\"url\":\"https:\\\/\\\/www.algaia.com\\\/\",\"logo\":{\"@type\":\"ImageObject\",\"inLanguage\":\"fr-FR\",\"@id\":\"https:\\\/\\\/www.algaia.com\\\/#\\\/schema\\\/logo\\\/image\\\/\",\"url\":\"https:\\\/\\\/www.algaia.com\\\/wp-content\\\/uploads\\\/2019\\\/03\\\/news.jpg\",\"contentUrl\":\"https:\\\/\\\/www.algaia.com\\\/wp-content\\\/uploads\\\/2019\\\/03\\\/news.jpg\",\"width\":358,\"height\":251,\"caption\":\"algaia\"},\"image\":{\"@id\":\"https:\\\/\\\/www.algaia.com\\\/#\\\/schema\\\/logo\\\/image\\\/\"},\"sameAs\":[\"https:\\\/\\\/www.linkedin.com\\\/company\\\/algaia\\\/\"]}]}<\/script>\n<!-- \/ Yoast SEO plugin. -->","yoast_head_json":{"title":"Produits &#8226; Algaia","robots":{"index":"index","follow":"follow","max-snippet":"max-snippet:-1","max-image-preview":"max-image-preview:large","max-video-preview":"max-video-preview:-1"},"canonical":"https:\/\/www.algaia.com\/index.php\/produits\/","og_locale":"fr_FR","og_type":"article","og_title":"Produits &#8226; Algaia","og_description":"PRODUITS ALGAIA propose un large portefeuille de solutions texturantes et d'extraits d'algues de sp\u00e9cialit\u00e9 ainsi qu'une \u00e9quipe exp\u00e9riment\u00e9e d'experts en applications pour vous accompagner dans le d\u00e9veloppement de vos produits. [&hellip;]","og_url":"https:\/\/www.algaia.com\/index.php\/produits\/","og_site_name":"Algaia","article_modified_time":"2023-05-31T09:05:13+00:00","og_image":[{"width":1024,"height":681,"url":"https:\/\/www.algaia.com\/wp-content\/uploads\/2019\/02\/Algues-brunes2-1024x681.jpg","type":"image\/jpeg"}],"twitter_card":"summary_large_image","twitter_misc":{"Dur\u00e9e de lecture estim\u00e9e":"2 minutes"},"schema":{"@context":"https:\/\/schema.org","@graph":[{"@type":"WebPage","@id":"https:\/\/www.algaia.com\/index.php\/produits\/","url":"https:\/\/www.algaia.com\/index.php\/produits\/","name":"Produits &#8226; Algaia","isPartOf":{"@id":"https:\/\/www.algaia.com\/#website"},"datePublished":"2021-08-09T10:06:27+00:00","dateModified":"2023-05-31T09:05:13+00:00","breadcrumb":{"@id":"https:\/\/www.algaia.com\/index.php\/produits\/#breadcrumb"},"inLanguage":"fr-FR","potentialAction":[{"@type":"ReadAction","target":["https:\/\/www.algaia.com\/index.php\/produits\/"]}]},{"@type":"BreadcrumbList","@id":"https:\/\/www.algaia.com\/index.php\/produits\/#breadcrumb","itemListElement":[{"@type":"ListItem","position":1,"name":"Home","item":"https:\/\/www.algaia.com\/"},{"@type":"ListItem","position":2,"name":"Produits"}]},{"@type":"WebSite","@id":"https:\/\/www.algaia.com\/#website","url":"https:\/\/www.algaia.com\/","name":"Algaia","description":"Your Algae Partner","publisher":{"@id":"https:\/\/www.algaia.com\/#organization"},"potentialAction":[{"@type":"SearchAction","target":{"@type":"EntryPoint","urlTemplate":"https:\/\/www.algaia.com\/?s={search_term_string}"},"query-input":{"@type":"PropertyValueSpecification","valueRequired":true,"valueName":"search_term_string"}}],"inLanguage":"fr-FR"},{"@type":"Organization","@id":"https:\/\/www.algaia.com\/#organization","name":"algaia","url":"https:\/\/www.algaia.com\/","logo":{"@type":"ImageObject","inLanguage":"fr-FR","@id":"https:\/\/www.algaia.com\/#\/schema\/logo\/image\/","url":"https:\/\/www.algaia.com\/wp-content\/uploads\/2019\/03\/news.jpg","contentUrl":"https:\/\/www.algaia.com\/wp-content\/uploads\/2019\/03\/news.jpg","width":358,"height":251,"caption":"algaia"},"image":{"@id":"https:\/\/www.algaia.com\/#\/schema\/logo\/image\/"},"sameAs":["https:\/\/www.linkedin.com\/company\/algaia\/"]}]}},"_links":{"self":[{"href":"https:\/\/www.algaia.com\/index.php\/wp-json\/wp\/v2\/pages\/3573","targetHints":{"allow":["GET"]}}],"collection":[{"href":"https:\/\/www.algaia.com\/index.php\/wp-json\/wp\/v2\/pages"}],"about":[{"href":"https:\/\/www.algaia.com\/index.php\/wp-json\/wp\/v2\/types\/page"}],"author":[{"embeddable":true,"href":"https:\/\/www.algaia.com\/index.php\/wp-json\/wp\/v2\/users\/1"}],"replies":[{"embeddable":true,"href":"https:\/\/www.algaia.com\/index.php\/wp-json\/wp\/v2\/comments?post=3573"}],"version-history":[{"count":5,"href":"https:\/\/www.algaia.com\/index.php\/wp-json\/wp\/v2\/pages\/3573\/revisions"}],"predecessor-version":[{"id":6001,"href":"https:\/\/www.algaia.com\/index.php\/wp-json\/wp\/v2\/pages\/3573\/revisions\/6001"}],"wp:attachment":[{"href":"https:\/\/www.algaia.com\/index.php\/wp-json\/wp\/v2\/media?parent=3573"}],"curies":[{"name":"wp","href":"https:\/\/api.w.org\/{rel}","templated":true}]}}