{"id":3561,"date":"2021-08-09T10:44:17","date_gmt":"2021-08-09T08:44:17","guid":{"rendered":"https:\/\/www.algaia.com\/index.php\/nos-investisseurs\/"},"modified":"2025-05-25T17:03:11","modified_gmt":"2025-05-25T15:03:11","slug":"nos-investisseurs","status":"publish","type":"page","link":"https:\/\/www.algaia.com\/index.php\/nos-investisseurs\/","title":{"rendered":"Nos investisseurs"},"content":{"rendered":"<p>[et_pb_section fb_built=\u00a0\u00bb1&Prime; fullwidth=\u00a0\u00bbon\u00a0\u00bb _builder_version=\u00a0\u00bb4.27.4&Prime; background_image=\u00a0\u00bbhttps:\/\/www.algaia.com\/wp-content\/uploads\/2025\/03\/Bandeau-JRS-.jpg\u00a0\u00bb background_position=\u00a0\u00bbtop_left\u00a0\u00bb custom_margin=\u00a0\u00bb||||false|false\u00a0\u00bb custom_padding=\u00a0\u00bb53px|0px|78px|0px|false|false\u00a0\u00bb global_colors_info=\u00a0\u00bb{}\u00a0\u00bb][et_pb_fullwidth_header subhead=\u00a0\u00bbLE GROUPE\u00a0\u00bb _builder_version=\u00a0\u00bb4.27.4&Prime; title_font=\u00a0\u00bb||||||||\u00a0\u00bb title_text_align=\u00a0\u00bbcenter\u00a0\u00bb content_font=\u00a0\u00bb|600|||||||\u00a0\u00bb content_text_align=\u00a0\u00bbcenter\u00a0\u00bb content_font_size=\u00a0\u00bb30px\u00a0\u00bb subhead_font=\u00a0\u00bb||||||||\u00a0\u00bb subhead_text_align=\u00a0\u00bbcenter\u00a0\u00bb background_color=\u00a0\u00bbrgba(126,190,197,0)\u00a0\u00bb custom_margin=\u00a0\u00bb||||false|false\u00a0\u00bb custom_padding=\u00a0\u00bb||||false|false\u00a0\u00bb global_colors_info=\u00a0\u00bb{}\u00a0\u00bb]<\/p>\n<p>JRS<\/p>\n<p>[\/et_pb_fullwidth_header][\/et_pb_section][et_pb_section fb_built=\u00a0\u00bb1&Prime; _builder_version=\u00a0\u00bb4.16&Prime; custom_padding=\u00a0\u00bb0|0px|3px|0px|false|false\u00a0\u00bb global_colors_info=\u00a0\u00bb{}\u00a0\u00bb][et_pb_row _builder_version=\u00a0\u00bb4.16&Prime; module_alignment=\u00a0\u00bbcenter\u00a0\u00bb custom_padding=\u00a0\u00bb0|0px|0|0px|false|false\u00a0\u00bb global_colors_info=\u00a0\u00bb{}\u00a0\u00bb][et_pb_column type=\u00a0\u00bb4_4&Prime; _builder_version=\u00a0\u00bb4.16&Prime; custom_padding=\u00a0\u00bb|||\u00a0\u00bb global_colors_info=\u00a0\u00bb{}\u00a0\u00bb custom_padding__hover=\u00a0\u00bb|||\u00a0\u00bb][et_pb_image align_tablet=\u00a0\u00bbcenter\u00a0\u00bb align_phone=\u00a0\u00bbcenter\u00a0\u00bb align_last_edited=\u00a0\u00bbon|desktop\u00a0\u00bb _builder_version=\u00a0\u00bb4.16&Prime; global_colors_info=\u00a0\u00bb{}\u00a0\u00bb][\/et_pb_image][\/et_pb_column][\/et_pb_row][\/et_pb_section][et_pb_section fb_built=\u00a0\u00bb1&Prime; _builder_version=\u00a0\u00bb4.16&Prime; global_colors_info=\u00a0\u00bb{}\u00a0\u00bb][et_pb_row column_structure=\u00a0\u00bb2_5,3_5&Prime; _builder_version=\u00a0\u00bb4.16&Prime; custom_padding=\u00a0\u00bb2px|0px|0|0px|false|false\u00a0\u00bb global_colors_info=\u00a0\u00bb{}\u00a0\u00bb][et_pb_column type=\u00a0\u00bb2_5&Prime; _builder_version=\u00a0\u00bb4.16&Prime; custom_padding=\u00a0\u00bb|||\u00a0\u00bb global_colors_info=\u00a0\u00bb{}\u00a0\u00bb custom_padding__hover=\u00a0\u00bb|||\u00a0\u00bb][et_pb_image src=\u00a0\u00bbhttps:\/\/www.algaia.com\/wp-content\/uploads\/2025\/03\/JRS-Logo-Claim-22-01-RGB.png\u00a0\u00bb title_text=\u00a0\u00bbJRS Logo Claim 22-01 RGB\u00a0\u00bb url=\u00a0\u00bbhttps:\/\/www.jrsfr.com\/fr\/a-propos-du-jrs.php\u00a0\u00bb url_new_window=\u00a0\u00bbon\u00a0\u00bb align=\u00a0\u00bbcenter\u00a0\u00bb align_tablet=\u00a0\u00bbcenter\u00a0\u00bb align_phone=\u00a0\u00bbcenter\u00a0\u00bb align_last_edited=\u00a0\u00bbon|desktop\u00a0\u00bb _builder_version=\u00a0\u00bb4.27.4&Prime; animation_style=\u00a0\u00bbslide\u00a0\u00bb global_colors_info=\u00a0\u00bb{}\u00a0\u00bb][\/et_pb_image][\/et_pb_column][et_pb_column type=\u00a0\u00bb3_5&Prime; _builder_version=\u00a0\u00bb4.16&Prime; custom_padding=\u00a0\u00bb|||\u00a0\u00bb global_colors_info=\u00a0\u00bb{}\u00a0\u00bb custom_padding__hover=\u00a0\u00bb|||\u00a0\u00bb][et_pb_text _builder_version=\u00a0\u00bb4.27.4&Prime; text_font_size=\u00a0\u00bb18px\u00a0\u00bb header_font=\u00a0\u00bb||||||||\u00a0\u00bb header_text_color=\u00a0\u00bb#aadb24&Prime; link_option_url=\u00a0\u00bbhttps:\/\/www.jrsfr.com\/fr\/a-propos-du-jrs.php\u00a0\u00bb link_option_url_new_window=\u00a0\u00bbon\u00a0\u00bb global_colors_info=\u00a0\u00bb{}\u00a0\u00bb]<\/p>\n<h1><\/h1>\n<p>Le groupe JRS est une entreprise familiale avec des activit\u00e9s mondiales dans le domaine des additifs fonctionnels pour l&rsquo;alimentation, les aliments pour animaux de compagnie, la pharmacie, les soins personnels et divers domaines d&rsquo;applications techniques. JRS fabrique et commercialise des produits \u00e0 base de mati\u00e8res premi\u00e8res v\u00e9g\u00e9tales avec plus de 3 000 employ\u00e9s dans le monde. Avec plus de 20 soci\u00e9t\u00e9s commerciales internationales, 7 centres de R&amp;D et plus de 50 usines de production, le groupe JRS est un fournisseur de solutions orient\u00e9 client avec une pr\u00e9sence dans tous les principaux pays du monde.<\/p>\n<p>En savoir plus : <a href=\"https:\/\/www.jrsfr.com\/fr\/\" target=\"_blank\" rel=\"noopener\" title=\"Site JRS\">Site JRS<\/a><\/p>\n<p>[\/et_pb_text][\/et_pb_column][\/et_pb_row][\/et_pb_section]<\/p>\n","protected":false},"excerpt":{"rendered":"<p>JRS Le groupe JRS est une entreprise familiale avec des activit\u00e9s mondiales dans le domaine des additifs fonctionnels pour l&rsquo;alimentation, les aliments pour animaux de compagnie, la pharmacie, les soins [&hellip;]<\/p>\n","protected":false},"author":1,"featured_media":0,"parent":0,"menu_order":0,"comment_status":"closed","ping_status":"closed","template":"","meta":{"_et_pb_use_builder":"on","_et_pb_old_content":"","_et_gb_content_width":"","_exactmetrics_skip_tracking":false,"_exactmetrics_sitenote_active":false,"_exactmetrics_sitenote_note":"","_exactmetrics_sitenote_category":0,"footnotes":""},"class_list":["post-3561","page","type-page","status-publish","hentry"],"yoast_head":"<!-- This site is optimized with the Yoast SEO plugin v27.5 - https:\/\/yoast.com\/product\/yoast-seo-wordpress\/ -->\n<title>Nos investisseurs &#8226; Algaia<\/title>\n<meta name=\"robots\" content=\"index, follow, max-snippet:-1, max-image-preview:large, max-video-preview:-1\" \/>\n<link rel=\"canonical\" href=\"https:\/\/www.algaia.com\/index.php\/nos-investisseurs\/\" \/>\n<meta property=\"og:locale\" content=\"fr_FR\" \/>\n<meta property=\"og:type\" content=\"article\" \/>\n<meta property=\"og:title\" content=\"Nos investisseurs &#8226; Algaia\" \/>\n<meta property=\"og:description\" content=\"JRS Le groupe JRS est une entreprise familiale avec des activit\u00e9s mondiales dans le domaine des additifs fonctionnels pour l&#039;alimentation, les aliments pour animaux de compagnie, la pharmacie, les soins [&hellip;]\" \/>\n<meta property=\"og:url\" content=\"https:\/\/www.algaia.com\/index.php\/nos-investisseurs\/\" \/>\n<meta property=\"og:site_name\" content=\"Algaia\" \/>\n<meta property=\"article:modified_time\" content=\"2025-05-25T15:03:11+00:00\" \/>\n<meta property=\"og:image\" content=\"https:\/\/www.algaia.com\/wp-content\/uploads\/2019\/02\/Algues-brunes2-1024x681.jpg\" \/>\n\t<meta property=\"og:image:width\" content=\"1024\" \/>\n\t<meta property=\"og:image:height\" content=\"681\" \/>\n\t<meta property=\"og:image:type\" content=\"image\/jpeg\" \/>\n<meta name=\"twitter:card\" content=\"summary_large_image\" \/>\n<meta name=\"twitter:label1\" content=\"Dur\u00e9e de lecture estim\u00e9e\" \/>\n\t<meta name=\"twitter:data1\" content=\"2 minutes\" \/>\n<script type=\"application\/ld+json\" class=\"yoast-schema-graph\">{\"@context\":\"https:\\\/\\\/schema.org\",\"@graph\":[{\"@type\":\"WebPage\",\"@id\":\"https:\\\/\\\/www.algaia.com\\\/index.php\\\/nos-investisseurs\\\/\",\"url\":\"https:\\\/\\\/www.algaia.com\\\/index.php\\\/nos-investisseurs\\\/\",\"name\":\"Nos investisseurs &#8226; Algaia\",\"isPartOf\":{\"@id\":\"https:\\\/\\\/www.algaia.com\\\/#website\"},\"datePublished\":\"2021-08-09T08:44:17+00:00\",\"dateModified\":\"2025-05-25T15:03:11+00:00\",\"breadcrumb\":{\"@id\":\"https:\\\/\\\/www.algaia.com\\\/index.php\\\/nos-investisseurs\\\/#breadcrumb\"},\"inLanguage\":\"fr-FR\",\"potentialAction\":[{\"@type\":\"ReadAction\",\"target\":[\"https:\\\/\\\/www.algaia.com\\\/index.php\\\/nos-investisseurs\\\/\"]}]},{\"@type\":\"BreadcrumbList\",\"@id\":\"https:\\\/\\\/www.algaia.com\\\/index.php\\\/nos-investisseurs\\\/#breadcrumb\",\"itemListElement\":[{\"@type\":\"ListItem\",\"position\":1,\"name\":\"Home\",\"item\":\"https:\\\/\\\/www.algaia.com\\\/\"},{\"@type\":\"ListItem\",\"position\":2,\"name\":\"Nos investisseurs\"}]},{\"@type\":\"WebSite\",\"@id\":\"https:\\\/\\\/www.algaia.com\\\/#website\",\"url\":\"https:\\\/\\\/www.algaia.com\\\/\",\"name\":\"Algaia\",\"description\":\"Your Algae Partner\",\"publisher\":{\"@id\":\"https:\\\/\\\/www.algaia.com\\\/#organization\"},\"potentialAction\":[{\"@type\":\"SearchAction\",\"target\":{\"@type\":\"EntryPoint\",\"urlTemplate\":\"https:\\\/\\\/www.algaia.com\\\/?s={search_term_string}\"},\"query-input\":{\"@type\":\"PropertyValueSpecification\",\"valueRequired\":true,\"valueName\":\"search_term_string\"}}],\"inLanguage\":\"fr-FR\"},{\"@type\":\"Organization\",\"@id\":\"https:\\\/\\\/www.algaia.com\\\/#organization\",\"name\":\"algaia\",\"url\":\"https:\\\/\\\/www.algaia.com\\\/\",\"logo\":{\"@type\":\"ImageObject\",\"inLanguage\":\"fr-FR\",\"@id\":\"https:\\\/\\\/www.algaia.com\\\/#\\\/schema\\\/logo\\\/image\\\/\",\"url\":\"https:\\\/\\\/www.algaia.com\\\/wp-content\\\/uploads\\\/2019\\\/03\\\/news.jpg\",\"contentUrl\":\"https:\\\/\\\/www.algaia.com\\\/wp-content\\\/uploads\\\/2019\\\/03\\\/news.jpg\",\"width\":358,\"height\":251,\"caption\":\"algaia\"},\"image\":{\"@id\":\"https:\\\/\\\/www.algaia.com\\\/#\\\/schema\\\/logo\\\/image\\\/\"},\"sameAs\":[\"https:\\\/\\\/www.linkedin.com\\\/company\\\/algaia\\\/\"]}]}<\/script>\n<!-- \/ Yoast SEO plugin. -->","yoast_head_json":{"title":"Nos investisseurs &#8226; Algaia","robots":{"index":"index","follow":"follow","max-snippet":"max-snippet:-1","max-image-preview":"max-image-preview:large","max-video-preview":"max-video-preview:-1"},"canonical":"https:\/\/www.algaia.com\/index.php\/nos-investisseurs\/","og_locale":"fr_FR","og_type":"article","og_title":"Nos investisseurs &#8226; Algaia","og_description":"JRS Le groupe JRS est une entreprise familiale avec des activit\u00e9s mondiales dans le domaine des additifs fonctionnels pour l'alimentation, les aliments pour animaux de compagnie, la pharmacie, les soins [&hellip;]","og_url":"https:\/\/www.algaia.com\/index.php\/nos-investisseurs\/","og_site_name":"Algaia","article_modified_time":"2025-05-25T15:03:11+00:00","og_image":[{"width":1024,"height":681,"url":"https:\/\/www.algaia.com\/wp-content\/uploads\/2019\/02\/Algues-brunes2-1024x681.jpg","type":"image\/jpeg"}],"twitter_card":"summary_large_image","twitter_misc":{"Dur\u00e9e de lecture estim\u00e9e":"2 minutes"},"schema":{"@context":"https:\/\/schema.org","@graph":[{"@type":"WebPage","@id":"https:\/\/www.algaia.com\/index.php\/nos-investisseurs\/","url":"https:\/\/www.algaia.com\/index.php\/nos-investisseurs\/","name":"Nos investisseurs &#8226; Algaia","isPartOf":{"@id":"https:\/\/www.algaia.com\/#website"},"datePublished":"2021-08-09T08:44:17+00:00","dateModified":"2025-05-25T15:03:11+00:00","breadcrumb":{"@id":"https:\/\/www.algaia.com\/index.php\/nos-investisseurs\/#breadcrumb"},"inLanguage":"fr-FR","potentialAction":[{"@type":"ReadAction","target":["https:\/\/www.algaia.com\/index.php\/nos-investisseurs\/"]}]},{"@type":"BreadcrumbList","@id":"https:\/\/www.algaia.com\/index.php\/nos-investisseurs\/#breadcrumb","itemListElement":[{"@type":"ListItem","position":1,"name":"Home","item":"https:\/\/www.algaia.com\/"},{"@type":"ListItem","position":2,"name":"Nos investisseurs"}]},{"@type":"WebSite","@id":"https:\/\/www.algaia.com\/#website","url":"https:\/\/www.algaia.com\/","name":"Algaia","description":"Your Algae Partner","publisher":{"@id":"https:\/\/www.algaia.com\/#organization"},"potentialAction":[{"@type":"SearchAction","target":{"@type":"EntryPoint","urlTemplate":"https:\/\/www.algaia.com\/?s={search_term_string}"},"query-input":{"@type":"PropertyValueSpecification","valueRequired":true,"valueName":"search_term_string"}}],"inLanguage":"fr-FR"},{"@type":"Organization","@id":"https:\/\/www.algaia.com\/#organization","name":"algaia","url":"https:\/\/www.algaia.com\/","logo":{"@type":"ImageObject","inLanguage":"fr-FR","@id":"https:\/\/www.algaia.com\/#\/schema\/logo\/image\/","url":"https:\/\/www.algaia.com\/wp-content\/uploads\/2019\/03\/news.jpg","contentUrl":"https:\/\/www.algaia.com\/wp-content\/uploads\/2019\/03\/news.jpg","width":358,"height":251,"caption":"algaia"},"image":{"@id":"https:\/\/www.algaia.com\/#\/schema\/logo\/image\/"},"sameAs":["https:\/\/www.linkedin.com\/company\/algaia\/"]}]}},"_links":{"self":[{"href":"https:\/\/www.algaia.com\/index.php\/wp-json\/wp\/v2\/pages\/3561","targetHints":{"allow":["GET"]}}],"collection":[{"href":"https:\/\/www.algaia.com\/index.php\/wp-json\/wp\/v2\/pages"}],"about":[{"href":"https:\/\/www.algaia.com\/index.php\/wp-json\/wp\/v2\/types\/page"}],"author":[{"embeddable":true,"href":"https:\/\/www.algaia.com\/index.php\/wp-json\/wp\/v2\/users\/1"}],"replies":[{"embeddable":true,"href":"https:\/\/www.algaia.com\/index.php\/wp-json\/wp\/v2\/comments?post=3561"}],"version-history":[{"count":8,"href":"https:\/\/www.algaia.com\/index.php\/wp-json\/wp\/v2\/pages\/3561\/revisions"}],"predecessor-version":[{"id":7944,"href":"https:\/\/www.algaia.com\/index.php\/wp-json\/wp\/v2\/pages\/3561\/revisions\/7944"}],"wp:attachment":[{"href":"https:\/\/www.algaia.com\/index.php\/wp-json\/wp\/v2\/media?parent=3561"}],"curies":[{"name":"wp","href":"https:\/\/api.w.org\/{rel}","templated":true}]}}