{"id":3491,"date":"2021-07-29T12:42:01","date_gmt":"2021-07-29T10:42:01","guid":{"rendered":"https:\/\/www.algaia.com\/index.php\/activites-pour-les-enfants-fr\/"},"modified":"2021-07-29T12:42:01","modified_gmt":"2021-07-29T10:42:01","slug":"activites-pour-les-enfants-fr","status":"publish","type":"page","link":"https:\/\/www.algaia.com\/index.php\/activites-pour-les-enfants-fr\/","title":{"rendered":"ACTIVITES POUR LES ENFANTS -FR"},"content":{"rendered":"<p>[et_pb_section fb_built=\u00a0\u00bb1&Prime; fullwidth=\u00a0\u00bbon\u00a0\u00bb _builder_version=\u00a0\u00bb4.4.2&Prime; background_image=\u00a0\u00bbhttps:\/\/www.algaia.com\/wp-content\/uploads\/2020\/04\/greyson-joralemon-9IBqihqhuHc-unsplash-scaled.jpg\u00a0\u00bb custom_padding=\u00a0\u00bb0px|0px|31px|0px|false|false\u00a0\u00bb][et_pb_fullwidth_header subhead=\u00a0\u00bbActivit\u00e9s\u00a0\u00bb _builder_version=\u00a0\u00bb4.4.2&Prime; title_font=\u00a0\u00bb||||||||\u00a0\u00bb title_text_align=\u00a0\u00bbcenter\u00a0\u00bb title_font_size=\u00a0\u00bb29px\u00a0\u00bb content_font=\u00a0\u00bb|600|||||||\u00a0\u00bb content_text_align=\u00a0\u00bbcenter\u00a0\u00bb content_font_size=\u00a0\u00bb30px\u00a0\u00bb subhead_font=\u00a0\u00bb||||||||\u00a0\u00bb subhead_text_align=\u00a0\u00bbcenter\u00a0\u00bb subhead_font_size=\u00a0\u00bb22px\u00a0\u00bb background_color=\u00a0\u00bbrgba(126,190,197,0)\u00a0\u00bb]<\/p>\n<p>POUR LES ENFANTS<\/p>\n<p>[\/et_pb_fullwidth_header][\/et_pb_section][et_pb_section fb_built=\u00a0\u00bb1&Prime; _builder_version=\u00a0\u00bb3.22.3&Prime; custom_padding=\u00a0\u00bb0|0px|0|0px|false|false\u00a0\u00bb][et_pb_row _builder_version=\u00a0\u00bb3.25&Prime; module_alignment=\u00a0\u00bbcenter\u00a0\u00bb custom_padding=\u00a0\u00bb28px|0px|0|0px|false|false\u00a0\u00bb][et_pb_column type=\u00a0\u00bb4_4&Prime; _builder_version=\u00a0\u00bb3.25&Prime; custom_padding=\u00a0\u00bb|||\u00a0\u00bb custom_padding__hover=\u00a0\u00bb|||\u00a0\u00bb][et_pb_image align_tablet=\u00a0\u00bbcenter\u00a0\u00bb align_phone=\u00a0\u00bb\u00a0\u00bb align_last_edited=\u00a0\u00bbon|desktop\u00a0\u00bb _builder_version=\u00a0\u00bb3.23&Prime;][\/et_pb_image][\/et_pb_column][\/et_pb_row][\/et_pb_section][et_pb_section fb_built=\u00a0\u00bb1&Prime; _builder_version=\u00a0\u00bb3.22.3&Prime; custom_padding=\u00a0\u00bb18px|0px|11px|0px|false|false\u00a0\u00bb][et_pb_row column_structure=\u00a0\u00bb3_5,2_5&Prime; _builder_version=\u00a0\u00bb3.25&Prime; custom_margin=\u00a0\u00bb|-14px||61px||\u00a0\u00bb custom_padding=\u00a0\u00bb0|69px|9px|0px|false|false\u00a0\u00bb][et_pb_column type=\u00a0\u00bb3_5&Prime; _builder_version=\u00a0\u00bb3.25&Prime; custom_padding=\u00a0\u00bb|||\u00a0\u00bb custom_padding__hover=\u00a0\u00bb|||\u00a0\u00bb][et_pb_image src=\u00a0\u00bbhttps:\/\/www.algaia.com\/wp-content\/uploads\/2020\/04\/ope\u0301ration-manu-gulu.jpg\u00a0\u00bb _builder_version=\u00a0\u00bb4.4.2&Prime;][\/et_pb_image][et_pb_text _builder_version=\u00a0\u00bb4.4.2&Prime;]<\/p>\n<p>Vous vous demandez comment occuper vos enfants avec des activit\u00e9s \u00e0 la fois ludiques et \u00e9ducatives ?\u00a0Vous recherchez une activit\u00e9 diff\u00e9rente pour un anniversaire ou une f\u00eate ?<\/p>\n<p>Gr\u00e2ce \u00e0 Manu et Gulu, faites leur d\u00e9couvrir le monde des alginates, un ingr\u00e9dient alimentaire extrait des algues brunes de Bretagne qui va les amuser et les instruire en m\u00eame temps.<\/p>\n<p>Et r\u00e9alisez de chouettes vid\u00e9os Operation Manu et Gulu avec vos enfants !<\/p>\n<p>Inscrivez-vous ci-dessous pour commander votre<span style=\"font-size: 14px;\">\u00a0kit\u00a0\u00ab\u00a0vers de terre aromatis\u00e9s\u00a0\u00bb et t\u00e9l\u00e9charger la recette.\u00a0En bonus, vous pouvez aussi participer \u00e0 l&rsquo;op\u00e9ration Manu &amp; Gulu en filmant leur cr\u00e9ations et en nous envoyant vos vid\u00e9os \u00e0 cbo@algaia.com.\u00a0<\/span><\/p>\n<p>[\/et_pb_text][\/et_pb_column][et_pb_column type=\u00a0\u00bb2_5&Prime; _builder_version=\u00a0\u00bb4.4.2&Prime;][et_pb_image src=\u00a0\u00bbhttps:\/\/www.algaia.com\/wp-content\/uploads\/2020\/04\/Enfant-activite\u0301-alginate.jpg\u00a0\u00bb url=\u00a0\u00bbhttps:\/\/youtu.be\/f2MbrZtUk74&Prime; url_new_window=\u00a0\u00bbon\u00a0\u00bb align=\u00a0\u00bbright\u00a0\u00bb align_tablet=\u00a0\u00bbcenter\u00a0\u00bb align_phone=\u00a0\u00bb\u00a0\u00bb align_last_edited=\u00a0\u00bbon|desktop\u00a0\u00bb _builder_version=\u00a0\u00bb4.4.2&Prime;][\/et_pb_image][et_pb_text _builder_version=\u00a0\u00bb4.4.2&Prime;]<\/p>\n<p style=\"text-align: left;\">Regardez la vid\u00e9o de d\u00e9monstration de l&rsquo;activit\u00e9 et commandez vite votre kit !<\/p>\n<p>[\/et_pb_text][\/et_pb_column][\/et_pb_row][et_pb_row _builder_version=\u00a0\u00bb4.4.2&Prime; column_structure=\u00a0\u00bb1_3,1_3,1_3&Prime;][et_pb_column _builder_version=\u00a0\u00bb4.4.2&Prime; type=\u00a0\u00bb1_3&Prime;][et_pb_cta button_url=\u00a0\u00bbhttps:\/\/share.hsforms.com\/1pEXC0uO8TzKpPbuYi3jChg2nu0v\u00a0\u00bb url_new_window=\u00a0\u00bbon\u00a0\u00bb button_text=\u00a0\u00bbInscrivez-vous\u00a0\u00bb _builder_version=\u00a0\u00bb4.4.2&Prime; background_color=\u00a0\u00bb#ffffff\u00a0\u00bb custom_button=\u00a0\u00bbon\u00a0\u00bb button_text_size=\u00a0\u00bb20px\u00a0\u00bb button_bg_color=\u00a0\u00bb#aadb24&Prime; button_font=\u00a0\u00bb||||||||\u00a0\u00bb button_icon=\u00a0\u00bb%%36%%\u00a0\u00bb button_alignment=\u00a0\u00bbleft\u00a0\u00bb custom_padding=\u00a0\u00bb2px|||||\u00a0\u00bb link_option_url=\u00a0\u00bbhttps:\/\/share.hsforms.com\/1pEXC0uO8TzKpPbuYi3jChg2nu0v\u00a0\u00bb link_option_url_new_window=\u00a0\u00bbon\u00a0\u00bb][\/et_pb_cta][\/et_pb_column][et_pb_column _builder_version=\u00a0\u00bb4.4.2&Prime; type=\u00a0\u00bb1_3&Prime;][et_pb_cta button_url=\u00a0\u00bbhttps:\/\/youtu.be\/pRI5SkHn92U\u00a0\u00bb url_new_window=\u00a0\u00bbon\u00a0\u00bb button_text=\u00a0\u00bbVoir le tuto\u00a0\u00bb _builder_version=\u00a0\u00bb4.4.2&Prime; background_color=\u00a0\u00bb#ffffff\u00a0\u00bb custom_button=\u00a0\u00bbon\u00a0\u00bb button_text_size=\u00a0\u00bb20px\u00a0\u00bb button_bg_color=\u00a0\u00bb#aadb24&Prime; button_font=\u00a0\u00bb||||||||\u00a0\u00bb button_icon=\u00a0\u00bb%%36%%\u00a0\u00bb button_alignment=\u00a0\u00bbleft\u00a0\u00bb custom_padding=\u00a0\u00bb2px|||||\u00a0\u00bb link_option_url=\u00a0\u00bbhttps:\/\/youtu.be\/pRI5SkHn92U\u00a0\u00bb link_option_url_new_window=\u00a0\u00bbon\u00a0\u00bb hover_enabled=\u00a0\u00bb0&Prime;][\/et_pb_cta][\/et_pb_column][et_pb_column _builder_version=\u00a0\u00bb4.4.2&Prime; type=\u00a0\u00bb1_3&Prime;][\/et_pb_column][\/et_pb_row][\/et_pb_section]<\/p>\n","protected":false},"excerpt":{"rendered":"<p>POUR LES ENFANTSVous vous demandez comment occuper vos enfants avec des activit\u00e9s \u00e0 la fois ludiques et \u00e9ducatives ?\u00a0Vous recherchez une activit\u00e9 diff\u00e9rente pour un anniversaire ou une f\u00eate ? [&hellip;]<\/p>\n","protected":false},"author":1,"featured_media":0,"parent":0,"menu_order":0,"comment_status":"closed","ping_status":"closed","template":"","meta":{"_et_pb_use_builder":"on","_et_pb_old_content":"","_et_gb_content_width":"","_exactmetrics_skip_tracking":false,"_exactmetrics_sitenote_active":false,"_exactmetrics_sitenote_note":"","_exactmetrics_sitenote_category":0,"footnotes":""},"class_list":["post-3491","page","type-page","status-publish","hentry"],"yoast_head":"<!-- This site is optimized with the Yoast SEO plugin v27.5 - https:\/\/yoast.com\/product\/yoast-seo-wordpress\/ -->\n<title>ACTIVITES POUR LES ENFANTS -FR &#8226; Algaia<\/title>\n<meta name=\"robots\" content=\"index, follow, max-snippet:-1, max-image-preview:large, max-video-preview:-1\" \/>\n<link rel=\"canonical\" href=\"https:\/\/www.algaia.com\/index.php\/activites-pour-les-enfants-fr\/\" \/>\n<meta property=\"og:locale\" content=\"fr_FR\" \/>\n<meta property=\"og:type\" content=\"article\" \/>\n<meta property=\"og:title\" content=\"ACTIVITES POUR LES ENFANTS -FR &#8226; Algaia\" \/>\n<meta property=\"og:description\" content=\"POUR LES ENFANTSVous vous demandez comment occuper vos enfants avec des activit\u00e9s \u00e0 la fois ludiques et \u00e9ducatives ?\u00a0Vous recherchez une activit\u00e9 diff\u00e9rente pour un anniversaire ou une f\u00eate ? [&hellip;]\" \/>\n<meta property=\"og:url\" content=\"https:\/\/www.algaia.com\/index.php\/activites-pour-les-enfants-fr\/\" \/>\n<meta property=\"og:site_name\" content=\"Algaia\" \/>\n<meta property=\"og:image\" content=\"https:\/\/www.algaia.com\/wp-content\/uploads\/2019\/02\/Algues-brunes2-1024x681.jpg\" \/>\n\t<meta property=\"og:image:width\" content=\"1024\" \/>\n\t<meta property=\"og:image:height\" content=\"681\" \/>\n\t<meta property=\"og:image:type\" content=\"image\/jpeg\" \/>\n<meta name=\"twitter:card\" content=\"summary_large_image\" \/>\n<meta name=\"twitter:label1\" content=\"Dur\u00e9e de lecture estim\u00e9e\" \/>\n\t<meta name=\"twitter:data1\" content=\"3 minutes\" \/>\n<script type=\"application\/ld+json\" class=\"yoast-schema-graph\">{\"@context\":\"https:\\\/\\\/schema.org\",\"@graph\":[{\"@type\":\"WebPage\",\"@id\":\"https:\\\/\\\/www.algaia.com\\\/index.php\\\/activites-pour-les-enfants-fr\\\/\",\"url\":\"https:\\\/\\\/www.algaia.com\\\/index.php\\\/activites-pour-les-enfants-fr\\\/\",\"name\":\"ACTIVITES POUR LES ENFANTS -FR &#8226; Algaia\",\"isPartOf\":{\"@id\":\"https:\\\/\\\/www.algaia.com\\\/#website\"},\"datePublished\":\"2021-07-29T10:42:01+00:00\",\"breadcrumb\":{\"@id\":\"https:\\\/\\\/www.algaia.com\\\/index.php\\\/activites-pour-les-enfants-fr\\\/#breadcrumb\"},\"inLanguage\":\"fr-FR\",\"potentialAction\":[{\"@type\":\"ReadAction\",\"target\":[\"https:\\\/\\\/www.algaia.com\\\/index.php\\\/activites-pour-les-enfants-fr\\\/\"]}]},{\"@type\":\"BreadcrumbList\",\"@id\":\"https:\\\/\\\/www.algaia.com\\\/index.php\\\/activites-pour-les-enfants-fr\\\/#breadcrumb\",\"itemListElement\":[{\"@type\":\"ListItem\",\"position\":1,\"name\":\"Home\",\"item\":\"https:\\\/\\\/www.algaia.com\\\/\"},{\"@type\":\"ListItem\",\"position\":2,\"name\":\"ACTIVITES POUR LES ENFANTS -FR\"}]},{\"@type\":\"WebSite\",\"@id\":\"https:\\\/\\\/www.algaia.com\\\/#website\",\"url\":\"https:\\\/\\\/www.algaia.com\\\/\",\"name\":\"Algaia\",\"description\":\"Your Algae Partner\",\"publisher\":{\"@id\":\"https:\\\/\\\/www.algaia.com\\\/#organization\"},\"potentialAction\":[{\"@type\":\"SearchAction\",\"target\":{\"@type\":\"EntryPoint\",\"urlTemplate\":\"https:\\\/\\\/www.algaia.com\\\/?s={search_term_string}\"},\"query-input\":{\"@type\":\"PropertyValueSpecification\",\"valueRequired\":true,\"valueName\":\"search_term_string\"}}],\"inLanguage\":\"fr-FR\"},{\"@type\":\"Organization\",\"@id\":\"https:\\\/\\\/www.algaia.com\\\/#organization\",\"name\":\"algaia\",\"url\":\"https:\\\/\\\/www.algaia.com\\\/\",\"logo\":{\"@type\":\"ImageObject\",\"inLanguage\":\"fr-FR\",\"@id\":\"https:\\\/\\\/www.algaia.com\\\/#\\\/schema\\\/logo\\\/image\\\/\",\"url\":\"https:\\\/\\\/www.algaia.com\\\/wp-content\\\/uploads\\\/2019\\\/03\\\/news.jpg\",\"contentUrl\":\"https:\\\/\\\/www.algaia.com\\\/wp-content\\\/uploads\\\/2019\\\/03\\\/news.jpg\",\"width\":358,\"height\":251,\"caption\":\"algaia\"},\"image\":{\"@id\":\"https:\\\/\\\/www.algaia.com\\\/#\\\/schema\\\/logo\\\/image\\\/\"},\"sameAs\":[\"https:\\\/\\\/www.linkedin.com\\\/company\\\/algaia\\\/\"]}]}<\/script>\n<!-- \/ Yoast SEO plugin. -->","yoast_head_json":{"title":"ACTIVITES POUR LES ENFANTS -FR &#8226; Algaia","robots":{"index":"index","follow":"follow","max-snippet":"max-snippet:-1","max-image-preview":"max-image-preview:large","max-video-preview":"max-video-preview:-1"},"canonical":"https:\/\/www.algaia.com\/index.php\/activites-pour-les-enfants-fr\/","og_locale":"fr_FR","og_type":"article","og_title":"ACTIVITES POUR LES ENFANTS -FR &#8226; Algaia","og_description":"POUR LES ENFANTSVous vous demandez comment occuper vos enfants avec des activit\u00e9s \u00e0 la fois ludiques et \u00e9ducatives ?\u00a0Vous recherchez une activit\u00e9 diff\u00e9rente pour un anniversaire ou une f\u00eate ? [&hellip;]","og_url":"https:\/\/www.algaia.com\/index.php\/activites-pour-les-enfants-fr\/","og_site_name":"Algaia","og_image":[{"width":1024,"height":681,"url":"https:\/\/www.algaia.com\/wp-content\/uploads\/2019\/02\/Algues-brunes2-1024x681.jpg","type":"image\/jpeg"}],"twitter_card":"summary_large_image","twitter_misc":{"Dur\u00e9e de lecture estim\u00e9e":"3 minutes"},"schema":{"@context":"https:\/\/schema.org","@graph":[{"@type":"WebPage","@id":"https:\/\/www.algaia.com\/index.php\/activites-pour-les-enfants-fr\/","url":"https:\/\/www.algaia.com\/index.php\/activites-pour-les-enfants-fr\/","name":"ACTIVITES POUR LES ENFANTS -FR &#8226; Algaia","isPartOf":{"@id":"https:\/\/www.algaia.com\/#website"},"datePublished":"2021-07-29T10:42:01+00:00","breadcrumb":{"@id":"https:\/\/www.algaia.com\/index.php\/activites-pour-les-enfants-fr\/#breadcrumb"},"inLanguage":"fr-FR","potentialAction":[{"@type":"ReadAction","target":["https:\/\/www.algaia.com\/index.php\/activites-pour-les-enfants-fr\/"]}]},{"@type":"BreadcrumbList","@id":"https:\/\/www.algaia.com\/index.php\/activites-pour-les-enfants-fr\/#breadcrumb","itemListElement":[{"@type":"ListItem","position":1,"name":"Home","item":"https:\/\/www.algaia.com\/"},{"@type":"ListItem","position":2,"name":"ACTIVITES POUR LES ENFANTS -FR"}]},{"@type":"WebSite","@id":"https:\/\/www.algaia.com\/#website","url":"https:\/\/www.algaia.com\/","name":"Algaia","description":"Your Algae Partner","publisher":{"@id":"https:\/\/www.algaia.com\/#organization"},"potentialAction":[{"@type":"SearchAction","target":{"@type":"EntryPoint","urlTemplate":"https:\/\/www.algaia.com\/?s={search_term_string}"},"query-input":{"@type":"PropertyValueSpecification","valueRequired":true,"valueName":"search_term_string"}}],"inLanguage":"fr-FR"},{"@type":"Organization","@id":"https:\/\/www.algaia.com\/#organization","name":"algaia","url":"https:\/\/www.algaia.com\/","logo":{"@type":"ImageObject","inLanguage":"fr-FR","@id":"https:\/\/www.algaia.com\/#\/schema\/logo\/image\/","url":"https:\/\/www.algaia.com\/wp-content\/uploads\/2019\/03\/news.jpg","contentUrl":"https:\/\/www.algaia.com\/wp-content\/uploads\/2019\/03\/news.jpg","width":358,"height":251,"caption":"algaia"},"image":{"@id":"https:\/\/www.algaia.com\/#\/schema\/logo\/image\/"},"sameAs":["https:\/\/www.linkedin.com\/company\/algaia\/"]}]}},"_links":{"self":[{"href":"https:\/\/www.algaia.com\/index.php\/wp-json\/wp\/v2\/pages\/3491","targetHints":{"allow":["GET"]}}],"collection":[{"href":"https:\/\/www.algaia.com\/index.php\/wp-json\/wp\/v2\/pages"}],"about":[{"href":"https:\/\/www.algaia.com\/index.php\/wp-json\/wp\/v2\/types\/page"}],"author":[{"embeddable":true,"href":"https:\/\/www.algaia.com\/index.php\/wp-json\/wp\/v2\/users\/1"}],"replies":[{"embeddable":true,"href":"https:\/\/www.algaia.com\/index.php\/wp-json\/wp\/v2\/comments?post=3491"}],"version-history":[{"count":2,"href":"https:\/\/www.algaia.com\/index.php\/wp-json\/wp\/v2\/pages\/3491\/revisions"}],"predecessor-version":[{"id":3493,"href":"https:\/\/www.algaia.com\/index.php\/wp-json\/wp\/v2\/pages\/3491\/revisions\/3493"}],"wp:attachment":[{"href":"https:\/\/www.algaia.com\/index.php\/wp-json\/wp\/v2\/media?parent=3491"}],"curies":[{"name":"wp","href":"https:\/\/api.w.org\/{rel}","templated":true}]}}