{"id":3379,"date":"2021-06-22T09:48:31","date_gmt":"2021-06-22T07:48:31","guid":{"rendered":"https:\/\/www.algaia.com\/?page_id=3379"},"modified":"2021-06-22T10:48:04","modified_gmt":"2021-06-22T08:48:04","slug":"webinars","status":"publish","type":"page","link":"https:\/\/www.algaia.com\/en\/index.php\/webinars\/","title":{"rendered":"Webinars"},"content":{"rendered":"<p>[et_pb_section fb_built=&#8221;1&#8243; fullwidth=&#8221;on&#8221; _builder_version=&#8221;4.9.4&#8243; background_image=&#8221;https:\/\/www.algaia.com\/wp-content\/uploads\/2021\/06\/bandeau-webinar-copie.jpg&#8221; min_height=&#8221;280px&#8221; custom_padding=&#8221;0px|0px|0px|0px|false|false&#8221;][et_pb_fullwidth_header _builder_version=&#8221;4.9.4&#8243; title_font=&#8221;||||||||&#8221; title_text_align=&#8221;center&#8221; content_font=&#8221;|600|||||||&#8221; content_text_align=&#8221;center&#8221; content_font_size=&#8221;30px&#8221; subhead_font=&#8221;||||||||&#8221; subhead_text_align=&#8221;center&#8221; subhead_font_size=&#8221;25px&#8221; background_color=&#8221;rgba(126,190,197,0)&#8221; custom_padding=&#8221;||0px|||&#8221;]<\/p>\n<p>WEBINARS<\/p>\n<p>[\/et_pb_fullwidth_header][\/et_pb_section][et_pb_section fb_built=&#8221;1&#8243; _builder_version=&#8221;3.22.3&#8243; min_height=&#8221;784px&#8221; custom_padding=&#8221;56px|0px|11px|0px|false|false&#8221;][et_pb_row column_structure=&#8221;1_2,1_2&#8243; use_custom_gutter=&#8221;on&#8221; _builder_version=&#8221;4.9.4&#8243; width=&#8221;78%&#8221; module_alignment=&#8221;center&#8221; custom_margin=&#8221;||||false|false&#8221; custom_padding=&#8221;0|||0px|false|false&#8221;][et_pb_column type=&#8221;1_2&#8243; _builder_version=&#8221;3.25&#8243; custom_padding=&#8221;|||&#8221; custom_padding__hover=&#8221;|||&#8221;][et_pb_image src=&#8221;https:\/\/www.algaia.com\/wp-content\/uploads\/2021\/06\/capture-ecran.jpg&#8221; title_text=&#8221;capture-ecran&#8221; url=&#8221;https:\/\/share.hsforms.com\/1VRsCuTo9T0ypNNtl2-9cSw2nu0v&#8221; _builder_version=&#8221;4.9.4&#8243; _module_preset=&#8221;default&#8221;][\/et_pb_image][et_pb_text _builder_version=&#8221;4.9.4&#8243; _module_preset=&#8221;default&#8221;]<\/p>\n<p align=\"justify\">Comment proposer des produits sur le pouce qui correspondent au besoin des consommateurs de manger \u00e0 la fois<span>\u00a0<\/span><span>pratique, sain et \u00e9thique tout en restant gourmand ?<\/span><\/p>\n<p align=\"justify\">L&#8217;\u00e9quipe Applications d&#8217;Algaia a relev\u00e9 le challenge avec l&#8217;aide des<span>\u00a0<\/span><span>algues bretonnes<\/span><span>\u00a0<\/span>: concevoir de nouveaux concepts v\u00e9g\u00e9tariens de snacking surprenants en jouant avec les textures et les go\u00fbts. Au menu :<\/p>\n<ul>\n<li align=\"left\">Tartinades<\/li>\n<li align=\"left\">Burrata v\u00e9g\u00e9tale<\/li>\n<li align=\"left\">Perles de sauces v\u00e9g\u00e9tales<\/li>\n<li align=\"left\">Falafels<\/li>\n<li align=\"left\">Fromalg<\/li>\n<\/ul>\n<p>Venez d\u00e9couvrir nos nouveaux concepts !<\/p>\n<p>&nbsp;<\/p>\n<p>[\/et_pb_text][\/et_pb_column][et_pb_column type=&#8221;1_2&#8243; _builder_version=&#8221;4.9.4&#8243; _module_preset=&#8221;default&#8221;][et_pb_text _builder_version=&#8221;4.9.4&#8243; _module_preset=&#8221;default&#8221;]<\/p>\n<h2 style=\"text-align: center;\"><strong><span style=\"color: #99cc00;\">ACC\u00c9DEZ \u00c0 LA VID\u00c9O<\/span><\/strong><\/h2>\n<p>[\/et_pb_text][et_pb_code _builder_version=&#8221;4.9.4&#8243; _module_preset=&#8221;default&#8221;]<!--[if lte IE 8]><!-- [et_pb_line_break_holder] --><script charset=\"utf-8\" type=\"text\/javascript\" src=\"\/\/js.hsforms.net\/forms\/v2-legacy.js\"><\/script><!-- [et_pb_line_break_holder] --><![endif]--><!-- [et_pb_line_break_holder] --><script charset=\"utf-8\" type=\"text\/javascript\" src=\"\/\/js.hsforms.net\/forms\/v2.js\"><\/script><!-- [et_pb_line_break_holder] --><script><!-- [et_pb_line_break_holder] -->  hbspt.forms.create({<!-- [et_pb_line_break_holder] -->\tregion: \"na1\",<!-- [et_pb_line_break_holder] -->\tportalId: \"4471231\",<!-- [et_pb_line_break_holder] -->\tformId: \"1bd65be0-2327-4b72-9583-b86645dd6792\"<!-- [et_pb_line_break_holder] -->});<!-- [et_pb_line_break_holder] --><\/script>[\/et_pb_code][et_pb_code _builder_version=&#8221;4.9.4&#8243; _module_preset=&#8221;default&#8221;][\/et_pb_code][\/et_pb_column][\/et_pb_row][\/et_pb_section]<\/p>\n","protected":false},"excerpt":{"rendered":"<p>WEBINARSComment proposer des produits sur le pouce qui correspondent au besoin des consommateurs de manger \u00e0 la fois\u00a0pratique, sain et \u00e9thique tout en restant gourmand ? L&#8217;\u00e9quipe Applications d&#8217;Algaia a [&hellip;]<\/p>\n","protected":false},"author":1,"featured_media":0,"parent":0,"menu_order":0,"comment_status":"closed","ping_status":"closed","template":"","meta":{"_et_pb_use_builder":"on","_et_pb_old_content":"","_et_gb_content_width":"","_exactmetrics_skip_tracking":false,"_exactmetrics_sitenote_active":false,"_exactmetrics_sitenote_note":"","_exactmetrics_sitenote_category":0,"footnotes":""},"class_list":["post-3379","page","type-page","status-publish","hentry"],"yoast_head":"<!-- This site is optimized with the Yoast SEO plugin v27.5 - https:\/\/yoast.com\/product\/yoast-seo-wordpress\/ -->\n<title>Webinars &#8226; Algaia<\/title>\n<meta name=\"robots\" content=\"index, follow, max-snippet:-1, max-image-preview:large, max-video-preview:-1\" \/>\n<link rel=\"canonical\" href=\"https:\/\/www.algaia.com\/en\/index.php\/webinars\/\" \/>\n<meta property=\"og:locale\" content=\"en_US\" \/>\n<meta property=\"og:type\" content=\"article\" \/>\n<meta property=\"og:title\" content=\"Webinars &#8226; Algaia\" \/>\n<meta property=\"og:description\" content=\"WEBINARSComment proposer des produits sur le pouce qui correspondent au besoin des consommateurs de manger \u00e0 la fois\u00a0pratique, sain et \u00e9thique tout en restant gourmand ? L&#039;\u00e9quipe Applications d&#039;Algaia a [&hellip;]\" \/>\n<meta property=\"og:url\" content=\"https:\/\/www.algaia.com\/en\/index.php\/webinars\/\" \/>\n<meta property=\"og:site_name\" content=\"Algaia\" \/>\n<meta property=\"article:modified_time\" content=\"2021-06-22T08:48:04+00:00\" \/>\n<meta property=\"og:image\" content=\"https:\/\/www.algaia.com\/wp-content\/uploads\/2019\/02\/Algues-brunes2-1024x681.jpg\" \/>\n\t<meta property=\"og:image:width\" content=\"1024\" \/>\n\t<meta property=\"og:image:height\" content=\"681\" \/>\n\t<meta property=\"og:image:type\" content=\"image\/jpeg\" \/>\n<meta name=\"twitter:card\" content=\"summary_large_image\" \/>\n<meta name=\"twitter:label1\" content=\"Est. reading time\" \/>\n\t<meta name=\"twitter:data1\" content=\"2 minutes\" \/>\n<script type=\"application\/ld+json\" class=\"yoast-schema-graph\">{\"@context\":\"https:\\\/\\\/schema.org\",\"@graph\":[{\"@type\":\"WebPage\",\"@id\":\"https:\\\/\\\/www.algaia.com\\\/en\\\/index.php\\\/webinars\\\/\",\"url\":\"https:\\\/\\\/www.algaia.com\\\/en\\\/index.php\\\/webinars\\\/\",\"name\":\"Webinars &#8226; Algaia\",\"isPartOf\":{\"@id\":\"https:\\\/\\\/www.algaia.com\\\/en\\\/#website\"},\"datePublished\":\"2021-06-22T07:48:31+00:00\",\"dateModified\":\"2021-06-22T08:48:04+00:00\",\"breadcrumb\":{\"@id\":\"https:\\\/\\\/www.algaia.com\\\/en\\\/index.php\\\/webinars\\\/#breadcrumb\"},\"inLanguage\":\"en-US\",\"potentialAction\":[{\"@type\":\"ReadAction\",\"target\":[\"https:\\\/\\\/www.algaia.com\\\/en\\\/index.php\\\/webinars\\\/\"]}]},{\"@type\":\"BreadcrumbList\",\"@id\":\"https:\\\/\\\/www.algaia.com\\\/en\\\/index.php\\\/webinars\\\/#breadcrumb\",\"itemListElement\":[{\"@type\":\"ListItem\",\"position\":1,\"name\":\"Home\",\"item\":\"https:\\\/\\\/www.algaia.com\\\/en\\\/\"},{\"@type\":\"ListItem\",\"position\":2,\"name\":\"Webinars\"}]},{\"@type\":\"WebSite\",\"@id\":\"https:\\\/\\\/www.algaia.com\\\/en\\\/#website\",\"url\":\"https:\\\/\\\/www.algaia.com\\\/en\\\/\",\"name\":\"Algaia\",\"description\":\"Your Natural Partner\",\"publisher\":{\"@id\":\"https:\\\/\\\/www.algaia.com\\\/en\\\/#organization\"},\"potentialAction\":[{\"@type\":\"SearchAction\",\"target\":{\"@type\":\"EntryPoint\",\"urlTemplate\":\"https:\\\/\\\/www.algaia.com\\\/en\\\/?s={search_term_string}\"},\"query-input\":{\"@type\":\"PropertyValueSpecification\",\"valueRequired\":true,\"valueName\":\"search_term_string\"}}],\"inLanguage\":\"en-US\"},{\"@type\":\"Organization\",\"@id\":\"https:\\\/\\\/www.algaia.com\\\/en\\\/#organization\",\"name\":\"algaia\",\"url\":\"https:\\\/\\\/www.algaia.com\\\/en\\\/\",\"logo\":{\"@type\":\"ImageObject\",\"inLanguage\":\"en-US\",\"@id\":\"https:\\\/\\\/www.algaia.com\\\/en\\\/#\\\/schema\\\/logo\\\/image\\\/\",\"url\":\"https:\\\/\\\/www.algaia.com\\\/wp-content\\\/uploads\\\/2019\\\/03\\\/news.jpg\",\"contentUrl\":\"https:\\\/\\\/www.algaia.com\\\/wp-content\\\/uploads\\\/2019\\\/03\\\/news.jpg\",\"width\":358,\"height\":251,\"caption\":\"algaia\"},\"image\":{\"@id\":\"https:\\\/\\\/www.algaia.com\\\/en\\\/#\\\/schema\\\/logo\\\/image\\\/\"},\"sameAs\":[\"https:\\\/\\\/www.linkedin.com\\\/company\\\/algaia\\\/\"]}]}<\/script>\n<!-- \/ Yoast SEO plugin. -->","yoast_head_json":{"title":"Webinars &#8226; Algaia","robots":{"index":"index","follow":"follow","max-snippet":"max-snippet:-1","max-image-preview":"max-image-preview:large","max-video-preview":"max-video-preview:-1"},"canonical":"https:\/\/www.algaia.com\/en\/index.php\/webinars\/","og_locale":"en_US","og_type":"article","og_title":"Webinars &#8226; Algaia","og_description":"WEBINARSComment proposer des produits sur le pouce qui correspondent au besoin des consommateurs de manger \u00e0 la fois\u00a0pratique, sain et \u00e9thique tout en restant gourmand ? L'\u00e9quipe Applications d'Algaia a [&hellip;]","og_url":"https:\/\/www.algaia.com\/en\/index.php\/webinars\/","og_site_name":"Algaia","article_modified_time":"2021-06-22T08:48:04+00:00","og_image":[{"width":1024,"height":681,"url":"https:\/\/www.algaia.com\/wp-content\/uploads\/2019\/02\/Algues-brunes2-1024x681.jpg","type":"image\/jpeg"}],"twitter_card":"summary_large_image","twitter_misc":{"Est. reading time":"2 minutes"},"schema":{"@context":"https:\/\/schema.org","@graph":[{"@type":"WebPage","@id":"https:\/\/www.algaia.com\/en\/index.php\/webinars\/","url":"https:\/\/www.algaia.com\/en\/index.php\/webinars\/","name":"Webinars &#8226; Algaia","isPartOf":{"@id":"https:\/\/www.algaia.com\/en\/#website"},"datePublished":"2021-06-22T07:48:31+00:00","dateModified":"2021-06-22T08:48:04+00:00","breadcrumb":{"@id":"https:\/\/www.algaia.com\/en\/index.php\/webinars\/#breadcrumb"},"inLanguage":"en-US","potentialAction":[{"@type":"ReadAction","target":["https:\/\/www.algaia.com\/en\/index.php\/webinars\/"]}]},{"@type":"BreadcrumbList","@id":"https:\/\/www.algaia.com\/en\/index.php\/webinars\/#breadcrumb","itemListElement":[{"@type":"ListItem","position":1,"name":"Home","item":"https:\/\/www.algaia.com\/en\/"},{"@type":"ListItem","position":2,"name":"Webinars"}]},{"@type":"WebSite","@id":"https:\/\/www.algaia.com\/en\/#website","url":"https:\/\/www.algaia.com\/en\/","name":"Algaia","description":"Your Natural Partner","publisher":{"@id":"https:\/\/www.algaia.com\/en\/#organization"},"potentialAction":[{"@type":"SearchAction","target":{"@type":"EntryPoint","urlTemplate":"https:\/\/www.algaia.com\/en\/?s={search_term_string}"},"query-input":{"@type":"PropertyValueSpecification","valueRequired":true,"valueName":"search_term_string"}}],"inLanguage":"en-US"},{"@type":"Organization","@id":"https:\/\/www.algaia.com\/en\/#organization","name":"algaia","url":"https:\/\/www.algaia.com\/en\/","logo":{"@type":"ImageObject","inLanguage":"en-US","@id":"https:\/\/www.algaia.com\/en\/#\/schema\/logo\/image\/","url":"https:\/\/www.algaia.com\/wp-content\/uploads\/2019\/03\/news.jpg","contentUrl":"https:\/\/www.algaia.com\/wp-content\/uploads\/2019\/03\/news.jpg","width":358,"height":251,"caption":"algaia"},"image":{"@id":"https:\/\/www.algaia.com\/en\/#\/schema\/logo\/image\/"},"sameAs":["https:\/\/www.linkedin.com\/company\/algaia\/"]}]}},"_links":{"self":[{"href":"https:\/\/www.algaia.com\/en\/index.php\/wp-json\/wp\/v2\/pages\/3379","targetHints":{"allow":["GET"]}}],"collection":[{"href":"https:\/\/www.algaia.com\/en\/index.php\/wp-json\/wp\/v2\/pages"}],"about":[{"href":"https:\/\/www.algaia.com\/en\/index.php\/wp-json\/wp\/v2\/types\/page"}],"author":[{"embeddable":true,"href":"https:\/\/www.algaia.com\/en\/index.php\/wp-json\/wp\/v2\/users\/1"}],"replies":[{"embeddable":true,"href":"https:\/\/www.algaia.com\/en\/index.php\/wp-json\/wp\/v2\/comments?post=3379"}],"version-history":[{"count":11,"href":"https:\/\/www.algaia.com\/en\/index.php\/wp-json\/wp\/v2\/pages\/3379\/revisions"}],"predecessor-version":[{"id":3407,"href":"https:\/\/www.algaia.com\/en\/index.php\/wp-json\/wp\/v2\/pages\/3379\/revisions\/3407"}],"wp:attachment":[{"href":"https:\/\/www.algaia.com\/en\/index.php\/wp-json\/wp\/v2\/media?parent=3379"}],"curies":[{"name":"wp","href":"https:\/\/api.w.org\/{rel}","templated":true}]}}