{"id":2653,"date":"2020-04-03T11:52:43","date_gmt":"2020-04-03T09:52:43","guid":{"rendered":"https:\/\/www.algaia.com\/?page_id=2653"},"modified":"2020-04-23T17:51:11","modified_gmt":"2020-04-23T15:51:11","slug":"activites-pour-les-enfants-2","status":"publish","type":"page","link":"https:\/\/www.algaia.com\/en\/index.php\/activites-pour-les-enfants-2\/","title":{"rendered":"ACTIVITES POUR LES ENFANTS -FR"},"content":{"rendered":"<p>[et_pb_section fb_built=&#8221;1&#8243; fullwidth=&#8221;on&#8221; _builder_version=&#8221;4.4.2&#8243; background_image=&#8221;https:\/\/www.algaia.com\/wp-content\/uploads\/2020\/04\/greyson-joralemon-9IBqihqhuHc-unsplash-scaled.jpg&#8221; custom_padding=&#8221;0px|0px|31px|0px|false|false&#8221;][et_pb_fullwidth_header subhead=&#8221;Activit\u00e9s&#8221; _builder_version=&#8221;4.4.2&#8243; title_font=&#8221;||||||||&#8221; title_text_align=&#8221;center&#8221; title_font_size=&#8221;29px&#8221; content_font=&#8221;|600|||||||&#8221; content_text_align=&#8221;center&#8221; content_font_size=&#8221;30px&#8221; subhead_font=&#8221;||||||||&#8221; subhead_text_align=&#8221;center&#8221; subhead_font_size=&#8221;22px&#8221; background_color=&#8221;rgba(126,190,197,0)&#8221;]<\/p>\n<p>POUR LES ENFANTS<\/p>\n<p>[\/et_pb_fullwidth_header][\/et_pb_section][et_pb_section fb_built=&#8221;1&#8243; _builder_version=&#8221;3.22.3&#8243; custom_padding=&#8221;0|0px|0|0px|false|false&#8221;][et_pb_row _builder_version=&#8221;3.25&#8243; module_alignment=&#8221;center&#8221; custom_padding=&#8221;28px|0px|0|0px|false|false&#8221;][et_pb_column type=&#8221;4_4&#8243; _builder_version=&#8221;3.25&#8243; custom_padding=&#8221;|||&#8221; custom_padding__hover=&#8221;|||&#8221;][et_pb_image align_tablet=&#8221;center&#8221; align_phone=&#8221;&#8221; align_last_edited=&#8221;on|desktop&#8221; _builder_version=&#8221;3.23&#8243;][\/et_pb_image][\/et_pb_column][\/et_pb_row][\/et_pb_section][et_pb_section fb_built=&#8221;1&#8243; _builder_version=&#8221;3.22.3&#8243; custom_padding=&#8221;18px|0px|11px|0px|false|false&#8221;][et_pb_row column_structure=&#8221;3_5,2_5&#8243; _builder_version=&#8221;3.25&#8243; custom_margin=&#8221;|-14px||61px||&#8221; custom_padding=&#8221;0|69px|9px|0px|false|false&#8221;][et_pb_column type=&#8221;3_5&#8243; _builder_version=&#8221;3.25&#8243; custom_padding=&#8221;|||&#8221; custom_padding__hover=&#8221;|||&#8221;][et_pb_image src=&#8221;https:\/\/www.algaia.com\/wp-content\/uploads\/2020\/04\/ope\u0301ration-manu-gulu.jpg&#8221; _builder_version=&#8221;4.4.2&#8243;][\/et_pb_image][et_pb_text _builder_version=&#8221;4.4.2&#8243;]<\/p>\n<p>Vous vous demandez comment occuper vos enfants avec des activit\u00e9s \u00e0 la fois ludiques et \u00e9ducatives ?\u00a0Vous recherchez une activit\u00e9 diff\u00e9rente pour un anniversaire ou une f\u00eate ?<\/p>\n<p>Gr\u00e2ce \u00e0 Manu et Gulu, faites leur d\u00e9couvrir le monde des alginates, un ingr\u00e9dient alimentaire extrait des algues brunes de Bretagne qui va les amuser et les instruire en m\u00eame temps.<\/p>\n<p>Et r\u00e9alisez de chouettes vid\u00e9os Operation Manu et Gulu avec vos enfants !<\/p>\n<p>Inscrivez-vous ci-dessous pour commander votre<span style=\"font-size: 14px;\">\u00a0kit\u00a0&#8220;vers de terre aromatis\u00e9s&#8221; et t\u00e9l\u00e9charger la recette.\u00a0En bonus, vous pouvez aussi participer \u00e0 l&#8217;op\u00e9ration Manu &amp; Gulu en filmant leur cr\u00e9ations et en nous envoyant vos vid\u00e9os \u00e0 cbo@algaia.com.\u00a0<\/span><\/p>\n<p>[\/et_pb_text][\/et_pb_column][et_pb_column type=&#8221;2_5&#8243; _builder_version=&#8221;4.4.2&#8243;][et_pb_image src=&#8221;https:\/\/www.algaia.com\/wp-content\/uploads\/2020\/04\/Enfant-activite\u0301-alginate.jpg&#8221; url=&#8221;https:\/\/youtu.be\/f2MbrZtUk74&#8243; url_new_window=&#8221;on&#8221; align=&#8221;right&#8221; align_tablet=&#8221;center&#8221; align_phone=&#8221;&#8221; align_last_edited=&#8221;on|desktop&#8221; _builder_version=&#8221;4.4.2&#8243;][\/et_pb_image][et_pb_text _builder_version=&#8221;4.4.2&#8243;]<\/p>\n<p style=\"text-align: left;\">Regardez la vid\u00e9o de d\u00e9monstration de l&#8217;activit\u00e9 et commandez vite votre kit !<\/p>\n<p>[\/et_pb_text][\/et_pb_column][\/et_pb_row][et_pb_row _builder_version=&#8221;4.4.2&#8243; column_structure=&#8221;1_3,1_3,1_3&#8243;][et_pb_column _builder_version=&#8221;4.4.2&#8243; type=&#8221;1_3&#8243;][et_pb_cta button_url=&#8221;https:\/\/share.hsforms.com\/1pEXC0uO8TzKpPbuYi3jChg2nu0v&#8221; url_new_window=&#8221;on&#8221; button_text=&#8221;Inscrivez-vous&#8221; _builder_version=&#8221;4.4.2&#8243; background_color=&#8221;#ffffff&#8221; custom_button=&#8221;on&#8221; button_text_size=&#8221;20px&#8221; button_bg_color=&#8221;#aadb24&#8243; button_font=&#8221;||||||||&#8221; button_icon=&#8221;%%36%%&#8221; button_alignment=&#8221;left&#8221; custom_padding=&#8221;2px|||||&#8221; link_option_url=&#8221;https:\/\/share.hsforms.com\/1pEXC0uO8TzKpPbuYi3jChg2nu0v&#8221; link_option_url_new_window=&#8221;on&#8221;][\/et_pb_cta][\/et_pb_column][et_pb_column _builder_version=&#8221;4.4.2&#8243; type=&#8221;1_3&#8243;][et_pb_cta button_url=&#8221;https:\/\/youtu.be\/pRI5SkHn92U&#8221; url_new_window=&#8221;on&#8221; button_text=&#8221;Voir le tuto&#8221; _builder_version=&#8221;4.4.2&#8243; background_color=&#8221;#ffffff&#8221; custom_button=&#8221;on&#8221; button_text_size=&#8221;20px&#8221; button_bg_color=&#8221;#aadb24&#8243; button_font=&#8221;||||||||&#8221; button_icon=&#8221;%%36%%&#8221; button_alignment=&#8221;left&#8221; custom_padding=&#8221;2px|||||&#8221; link_option_url=&#8221;https:\/\/youtu.be\/pRI5SkHn92U&#8221; link_option_url_new_window=&#8221;on&#8221; hover_enabled=&#8221;0&#8243;][\/et_pb_cta][\/et_pb_column][et_pb_column _builder_version=&#8221;4.4.2&#8243; type=&#8221;1_3&#8243;][\/et_pb_column][\/et_pb_row][\/et_pb_section]<\/p>\n","protected":false},"excerpt":{"rendered":"<p>POUR LES ENFANTSVous vous demandez comment occuper vos enfants avec des activit\u00e9s \u00e0 la fois ludiques et \u00e9ducatives ?\u00a0Vous recherchez une activit\u00e9 diff\u00e9rente pour un anniversaire ou une f\u00eate ? [&hellip;]<\/p>\n","protected":false},"author":1,"featured_media":0,"parent":0,"menu_order":0,"comment_status":"closed","ping_status":"closed","template":"","meta":{"_et_pb_use_builder":"on","_et_pb_old_content":"","_et_gb_content_width":"","_exactmetrics_skip_tracking":false,"_exactmetrics_sitenote_active":false,"_exactmetrics_sitenote_note":"","_exactmetrics_sitenote_category":0,"footnotes":""},"class_list":["post-2653","page","type-page","status-publish","hentry"],"yoast_head":"<!-- This site is optimized with the Yoast SEO plugin v27.5 - https:\/\/yoast.com\/product\/yoast-seo-wordpress\/ -->\n<title>ACTIVITES POUR LES ENFANTS -FR &#8226; Algaia<\/title>\n<meta name=\"robots\" content=\"index, follow, max-snippet:-1, max-image-preview:large, max-video-preview:-1\" \/>\n<link rel=\"canonical\" href=\"https:\/\/www.algaia.com\/en\/index.php\/activites-pour-les-enfants-2\/\" \/>\n<meta property=\"og:locale\" content=\"en_US\" \/>\n<meta property=\"og:type\" content=\"article\" \/>\n<meta property=\"og:title\" content=\"ACTIVITES POUR LES ENFANTS -FR &#8226; Algaia\" \/>\n<meta property=\"og:description\" content=\"POUR LES ENFANTSVous vous demandez comment occuper vos enfants avec des activit\u00e9s \u00e0 la fois ludiques et \u00e9ducatives ?\u00a0Vous recherchez une activit\u00e9 diff\u00e9rente pour un anniversaire ou une f\u00eate ? [&hellip;]\" \/>\n<meta property=\"og:url\" content=\"https:\/\/www.algaia.com\/en\/index.php\/activites-pour-les-enfants-2\/\" \/>\n<meta property=\"og:site_name\" content=\"Algaia\" \/>\n<meta property=\"article:modified_time\" content=\"2020-04-23T15:51:11+00:00\" \/>\n<meta property=\"og:image\" content=\"https:\/\/www.algaia.com\/wp-content\/uploads\/2019\/02\/Algues-brunes2-1024x681.jpg\" \/>\n\t<meta property=\"og:image:width\" content=\"1024\" \/>\n\t<meta property=\"og:image:height\" content=\"681\" \/>\n\t<meta property=\"og:image:type\" content=\"image\/jpeg\" \/>\n<meta name=\"twitter:card\" content=\"summary_large_image\" \/>\n<meta name=\"twitter:label1\" content=\"Est. reading time\" \/>\n\t<meta name=\"twitter:data1\" content=\"3 minutes\" \/>\n<script type=\"application\/ld+json\" class=\"yoast-schema-graph\">{\"@context\":\"https:\\\/\\\/schema.org\",\"@graph\":[{\"@type\":\"WebPage\",\"@id\":\"https:\\\/\\\/www.algaia.com\\\/en\\\/index.php\\\/activites-pour-les-enfants-2\\\/\",\"url\":\"https:\\\/\\\/www.algaia.com\\\/en\\\/index.php\\\/activites-pour-les-enfants-2\\\/\",\"name\":\"ACTIVITES POUR LES ENFANTS -FR &#8226; Algaia\",\"isPartOf\":{\"@id\":\"https:\\\/\\\/www.algaia.com\\\/en\\\/#website\"},\"datePublished\":\"2020-04-03T09:52:43+00:00\",\"dateModified\":\"2020-04-23T15:51:11+00:00\",\"breadcrumb\":{\"@id\":\"https:\\\/\\\/www.algaia.com\\\/en\\\/index.php\\\/activites-pour-les-enfants-2\\\/#breadcrumb\"},\"inLanguage\":\"en-US\",\"potentialAction\":[{\"@type\":\"ReadAction\",\"target\":[\"https:\\\/\\\/www.algaia.com\\\/en\\\/index.php\\\/activites-pour-les-enfants-2\\\/\"]}]},{\"@type\":\"BreadcrumbList\",\"@id\":\"https:\\\/\\\/www.algaia.com\\\/en\\\/index.php\\\/activites-pour-les-enfants-2\\\/#breadcrumb\",\"itemListElement\":[{\"@type\":\"ListItem\",\"position\":1,\"name\":\"Home\",\"item\":\"https:\\\/\\\/www.algaia.com\\\/en\\\/\"},{\"@type\":\"ListItem\",\"position\":2,\"name\":\"ACTIVITES POUR LES ENFANTS -FR\"}]},{\"@type\":\"WebSite\",\"@id\":\"https:\\\/\\\/www.algaia.com\\\/en\\\/#website\",\"url\":\"https:\\\/\\\/www.algaia.com\\\/en\\\/\",\"name\":\"Algaia\",\"description\":\"Your Natural Partner\",\"publisher\":{\"@id\":\"https:\\\/\\\/www.algaia.com\\\/en\\\/#organization\"},\"potentialAction\":[{\"@type\":\"SearchAction\",\"target\":{\"@type\":\"EntryPoint\",\"urlTemplate\":\"https:\\\/\\\/www.algaia.com\\\/en\\\/?s={search_term_string}\"},\"query-input\":{\"@type\":\"PropertyValueSpecification\",\"valueRequired\":true,\"valueName\":\"search_term_string\"}}],\"inLanguage\":\"en-US\"},{\"@type\":\"Organization\",\"@id\":\"https:\\\/\\\/www.algaia.com\\\/en\\\/#organization\",\"name\":\"algaia\",\"url\":\"https:\\\/\\\/www.algaia.com\\\/en\\\/\",\"logo\":{\"@type\":\"ImageObject\",\"inLanguage\":\"en-US\",\"@id\":\"https:\\\/\\\/www.algaia.com\\\/en\\\/#\\\/schema\\\/logo\\\/image\\\/\",\"url\":\"https:\\\/\\\/www.algaia.com\\\/wp-content\\\/uploads\\\/2019\\\/03\\\/news.jpg\",\"contentUrl\":\"https:\\\/\\\/www.algaia.com\\\/wp-content\\\/uploads\\\/2019\\\/03\\\/news.jpg\",\"width\":358,\"height\":251,\"caption\":\"algaia\"},\"image\":{\"@id\":\"https:\\\/\\\/www.algaia.com\\\/en\\\/#\\\/schema\\\/logo\\\/image\\\/\"},\"sameAs\":[\"https:\\\/\\\/www.linkedin.com\\\/company\\\/algaia\\\/\"]}]}<\/script>\n<!-- \/ Yoast SEO plugin. -->","yoast_head_json":{"title":"ACTIVITES POUR LES ENFANTS -FR &#8226; Algaia","robots":{"index":"index","follow":"follow","max-snippet":"max-snippet:-1","max-image-preview":"max-image-preview:large","max-video-preview":"max-video-preview:-1"},"canonical":"https:\/\/www.algaia.com\/en\/index.php\/activites-pour-les-enfants-2\/","og_locale":"en_US","og_type":"article","og_title":"ACTIVITES POUR LES ENFANTS -FR &#8226; Algaia","og_description":"POUR LES ENFANTSVous vous demandez comment occuper vos enfants avec des activit\u00e9s \u00e0 la fois ludiques et \u00e9ducatives ?\u00a0Vous recherchez une activit\u00e9 diff\u00e9rente pour un anniversaire ou une f\u00eate ? [&hellip;]","og_url":"https:\/\/www.algaia.com\/en\/index.php\/activites-pour-les-enfants-2\/","og_site_name":"Algaia","article_modified_time":"2020-04-23T15:51:11+00:00","og_image":[{"width":1024,"height":681,"url":"https:\/\/www.algaia.com\/wp-content\/uploads\/2019\/02\/Algues-brunes2-1024x681.jpg","type":"image\/jpeg"}],"twitter_card":"summary_large_image","twitter_misc":{"Est. reading time":"3 minutes"},"schema":{"@context":"https:\/\/schema.org","@graph":[{"@type":"WebPage","@id":"https:\/\/www.algaia.com\/en\/index.php\/activites-pour-les-enfants-2\/","url":"https:\/\/www.algaia.com\/en\/index.php\/activites-pour-les-enfants-2\/","name":"ACTIVITES POUR LES ENFANTS -FR &#8226; Algaia","isPartOf":{"@id":"https:\/\/www.algaia.com\/en\/#website"},"datePublished":"2020-04-03T09:52:43+00:00","dateModified":"2020-04-23T15:51:11+00:00","breadcrumb":{"@id":"https:\/\/www.algaia.com\/en\/index.php\/activites-pour-les-enfants-2\/#breadcrumb"},"inLanguage":"en-US","potentialAction":[{"@type":"ReadAction","target":["https:\/\/www.algaia.com\/en\/index.php\/activites-pour-les-enfants-2\/"]}]},{"@type":"BreadcrumbList","@id":"https:\/\/www.algaia.com\/en\/index.php\/activites-pour-les-enfants-2\/#breadcrumb","itemListElement":[{"@type":"ListItem","position":1,"name":"Home","item":"https:\/\/www.algaia.com\/en\/"},{"@type":"ListItem","position":2,"name":"ACTIVITES POUR LES ENFANTS -FR"}]},{"@type":"WebSite","@id":"https:\/\/www.algaia.com\/en\/#website","url":"https:\/\/www.algaia.com\/en\/","name":"Algaia","description":"Your Natural Partner","publisher":{"@id":"https:\/\/www.algaia.com\/en\/#organization"},"potentialAction":[{"@type":"SearchAction","target":{"@type":"EntryPoint","urlTemplate":"https:\/\/www.algaia.com\/en\/?s={search_term_string}"},"query-input":{"@type":"PropertyValueSpecification","valueRequired":true,"valueName":"search_term_string"}}],"inLanguage":"en-US"},{"@type":"Organization","@id":"https:\/\/www.algaia.com\/en\/#organization","name":"algaia","url":"https:\/\/www.algaia.com\/en\/","logo":{"@type":"ImageObject","inLanguage":"en-US","@id":"https:\/\/www.algaia.com\/en\/#\/schema\/logo\/image\/","url":"https:\/\/www.algaia.com\/wp-content\/uploads\/2019\/03\/news.jpg","contentUrl":"https:\/\/www.algaia.com\/wp-content\/uploads\/2019\/03\/news.jpg","width":358,"height":251,"caption":"algaia"},"image":{"@id":"https:\/\/www.algaia.com\/en\/#\/schema\/logo\/image\/"},"sameAs":["https:\/\/www.linkedin.com\/company\/algaia\/"]}]}},"_links":{"self":[{"href":"https:\/\/www.algaia.com\/en\/index.php\/wp-json\/wp\/v2\/pages\/2653","targetHints":{"allow":["GET"]}}],"collection":[{"href":"https:\/\/www.algaia.com\/en\/index.php\/wp-json\/wp\/v2\/pages"}],"about":[{"href":"https:\/\/www.algaia.com\/en\/index.php\/wp-json\/wp\/v2\/types\/page"}],"author":[{"embeddable":true,"href":"https:\/\/www.algaia.com\/en\/index.php\/wp-json\/wp\/v2\/users\/1"}],"replies":[{"embeddable":true,"href":"https:\/\/www.algaia.com\/en\/index.php\/wp-json\/wp\/v2\/comments?post=2653"}],"version-history":[{"count":4,"href":"https:\/\/www.algaia.com\/en\/index.php\/wp-json\/wp\/v2\/pages\/2653\/revisions"}],"predecessor-version":[{"id":2706,"href":"https:\/\/www.algaia.com\/en\/index.php\/wp-json\/wp\/v2\/pages\/2653\/revisions\/2706"}],"wp:attachment":[{"href":"https:\/\/www.algaia.com\/en\/index.php\/wp-json\/wp\/v2\/media?parent=2653"}],"curies":[{"name":"wp","href":"https:\/\/api.w.org\/{rel}","templated":true}]}}