{"id":2276,"date":"2020-01-22T20:29:10","date_gmt":"2020-01-22T19:29:10","guid":{"rendered":"https:\/\/www.algaia.com\/?page_id=2276"},"modified":"2020-01-23T09:47:42","modified_gmt":"2020-01-23T08:47:42","slug":"stagiaire-rd-formulation-cosmetique-et-naturalite-h-f","status":"publish","type":"page","link":"https:\/\/www.algaia.com\/en\/index.php\/stagiaire-rd-formulation-cosmetique-et-naturalite-h-f\/","title":{"rendered":"STAGIAIRE R&#038;D FORMULATION COSMETIQUE ET NATURALITE H\/F"},"content":{"rendered":"\n[et_pb_section fb_built=&#8221;1&#8243; _builder_version=&#8221;3.25.2&#8243; custom_padding=&#8221;11px|||||&#8221;][et_pb_row column_structure=&#8221;2_5,3_5&#8243; _builder_version=&#8221;3.25.2&#8243; custom_padding=&#8221;||12px|||&#8221;][et_pb_column type=&#8221;2_5&#8243; _builder_version=&#8221;3.25.2&#8243;][et_pb_image src=&#8221;https:\/\/www.algaia.com\/wp-content\/uploads\/2020\/01\/amplitude-magazin-srXbJ1TAdhI-unsplash.jpg&#8221; _builder_version=&#8221;4.0.9&#8243; hover_enabled=&#8221;0&#8243;][\/et_pb_image][\/et_pb_column][et_pb_column type=&#8221;3_5&#8243; _builder_version=&#8221;3.25.2&#8243;][et_pb_text _builder_version=&#8221;4.0.9&#8243; text_font=&#8221;renogare|700|||||||&#8221; text_text_color=&#8221;#277b8a&#8221; text_font_size=&#8221;28px&#8221; text_letter_spacing=&#8221;2px&#8221; text_line_height=&#8221;1.8em&#8221; header_font=&#8221;||||||||&#8221; custom_margin=&#8221;0px||&#8221; custom_margin_tablet=&#8221;&#8221; custom_margin_phone=&#8221;-58px||&#8221; custom_margin_last_edited=&#8221;on|desktop&#8221; hover_enabled=&#8221;0&#8243; text_font_size_tablet=&#8221;&#8221; text_font_size_phone=&#8221;18px&#8221; text_font_size_last_edited=&#8221;on|phone&#8221; text_line_height_tablet=&#8221;1.7em&#8221; text_line_height_phone=&#8221;1.6em&#8221; text_line_height_last_edited=&#8221;on|phone&#8221;]<p>STAGIAIRE R&amp;D FORMULATION COSMETIQUE ET NATURALITE H\/F<\/p>\n[\/et_pb_text][et_pb_cta button_url=&#8221;mailto:fabien.canivet@algaia.com&#8221; url_new_window=&#8221;on&#8221; button_text=&#8221;Envoyez votre candidature&#8221; _builder_version=&#8221;4.0.9&#8243; background_color=&#8221;#ffffff&#8221; custom_button=&#8221;on&#8221; button_text_size=&#8221;20px&#8221; button_text_color=&#8221;#ffffff&#8221; button_bg_color=&#8221;#277b8a&#8221; button_font=&#8221;||||||||&#8221; button_icon=&#8221;%%36%%&#8221; button_alignment=&#8221;left&#8221; custom_padding=&#8221;0px||3px|||&#8221; hover_enabled=&#8221;0&#8243; button_text_size_tablet=&#8221;&#8221; button_text_size_phone=&#8221;17px&#8221; button_text_size_last_edited=&#8221;on|desktop&#8221;][\/et_pb_cta][\/et_pb_column][\/et_pb_row][et_pb_row _builder_version=&#8221;3.25.2&#8243;][et_pb_column type=&#8221;4_4&#8243; _builder_version=&#8221;3.25.2&#8243;][et_pb_text _builder_version=&#8221;3.27.4&#8243; header_font=&#8221;||||||||&#8221; header_2_font=&#8221;||||||||&#8221; header_2_font_size=&#8221;15px&#8221; custom_margin=&#8221;-19px||0px|||&#8221; custom_padding=&#8221;11px|||||&#8221;]<p>&nbsp;<\/p>\n<ul><\/ul>\n<ul>\n<li>\n<p>Contrat\u00a0: Stage 6 mois<\/p>\n<\/li>\n<li>\n<p>Localisation\u00a0: Le Havre \u2013 Une courte p\u00e9riode de ce stage se d\u00e9roulera sur le site R&amp;D de Saint-L\u00f4. Durant cette p\u00e9riode, quelques jours sur le site de Lannilis seront planifi\u00e9s afin de pr\u00e9senter au stagiaire la production des alginates.<\/p>\n<\/li>\n<li>Indemnit\u00e9 : selon r\u00e9glementation en vigueur<\/li>\n<li>\n<p>Date de cl\u00f4ture des candidatures : 7 f\u00e9vrier 2020<\/p>\n<\/li>\n<\/ul>\n<p>&nbsp;<\/p>\n<h3>MISSIONS GENERALES<\/h3>\n<p>La soci\u00e9t\u00e9 ALGAIA, entreprise en pleine croissance sp\u00e9cialis\u00e9e dans les extraits naturels d\u2019algues et situ\u00e9e \u00e0 Saint-L\u00f4 (50), produit et commercialise des extraits marins (alginates, carragh\u00e9nanes,\u2026) pour le secteur alimentaire, cosm\u00e9tique et pharmaceutique. Ces extraits naturels et biosourc\u00e9s sont couramment utilis\u00e9s notamment comme \u00e9paississants et g\u00e9lifiants dans l\u2019industrie agroalimentaire. L\u2019objectif de l\u2019entreprise est d\u2019\u00e9largir son catalogue d\u2019application de ces extraits pour le secteur cosm\u00e9tique. Le projet vise \u00e0 \u00e9tudier les propri\u00e9t\u00e9s apport\u00e9es par ces extraits sur les propri\u00e9t\u00e9s de texture d\u2019\u00e9mulsions cosm\u00e9tiques. Pour mener \u00e0 bien ce projet, nous recherchons un(e) stagiaire pour une dur\u00e9e de 6 mois. Le travail du stagiaire sera r\u00e9alis\u00e9 dans le cadre d\u2019une collaboration entre l\u2019entreprise ALGAIA et le laboratoire URCOM de l\u2019Universit\u00e9 Le Havre Normandie (membre du Tremplin Carnot I2C).<\/p>\n<ul>\n<li>Recherche bibliographique (bonne ma\u00eetrise de l\u2019anglais),<\/li>\n<li>Formulation cosm\u00e9tique,<\/li>\n<li>Analyses physicochimiques et sensorielles,<\/li>\n<li>Analyse et synth\u00e8se des donn\u00e9es,<\/li>\n<li>Traitements statistiques,<\/li>\n<li>Suivi de projet,<\/li>\n<li>Pr\u00e9sentations scientifiques et r\u00e9daction de rapports et d\u2019articles.<\/li>\n<\/ul>\n<p><a href=\"http:\/\/natureplast.eu\/\"><\/a><\/p>\n<p><em><\/em><\/p>\n<h3>PROFIL &amp; QUALIFICATIONS:<\/h3>\n<ul>\n<li>Niveau Master 2 \/ 3\u00e8me ann\u00e9e d\u2019\u00e9cole d\u2019Ing\u00e9nieur avec une sp\u00e9cialit\u00e9 en Chimie et\/ou Physico-chimie des syst\u00e8mes collo\u00efdaux-<\/li>\n<li>Des exp\u00e9riences ou connaissances en formulation et\/ou rh\u00e9ologie et\/ou Analyse sensorielle seront appr\u00e9ci\u00e9es<\/li>\n<\/ul>\n<h3>QUALITES &amp; APTITUDES:<\/h3>\n<p>Autonomie, curiosit\u00e9, rigueur et implication- Ayant un bon contact humain et sachant travailler en \u00e9quipe- \u00catre force de proposition, prise d\u2019initiatives<\/p>\n<h3>INTERESSE ?<\/h3>[\/et_pb_text][et_pb_cta button_url=&#8221;mailto:fabien.canivet@algaia.com&#8221; url_new_window=&#8221;on&#8221; button_text=&#8221;Envoyez votre candidature&#8221; _builder_version=&#8221;4.0.9&#8243; background_color=&#8221;#ffffff&#8221; custom_button=&#8221;on&#8221; button_text_size=&#8221;20px&#8221; button_text_color=&#8221;#ffffff&#8221; button_bg_color=&#8221;#277b8a&#8221; button_font=&#8221;||||||||&#8221; button_icon=&#8221;%%36%%&#8221; button_alignment=&#8221;left&#8221; custom_padding=&#8221;0px||3px|||&#8221; hover_enabled=&#8221;0&#8243; button_text_size_tablet=&#8221;&#8221; button_text_size_phone=&#8221;17px&#8221; button_text_size_last_edited=&#8221;on|desktop&#8221;][\/et_pb_cta][\/et_pb_column][\/et_pb_row][\/et_pb_section]\n","protected":false},"excerpt":{"rendered":"<p>STAGIAIRE R&amp;D FORMULATION COSMETIQUE ET NATURALITE H\/F &nbsp; Contrat\u00a0: Stage 6 mois Localisation\u00a0: Le Havre \u2013 Une courte p\u00e9riode de ce stage se d\u00e9roulera sur le site R&amp;D de Saint-L\u00f4. [&hellip;]<\/p>\n","protected":false},"author":1,"featured_media":0,"parent":0,"menu_order":0,"comment_status":"closed","ping_status":"closed","template":"","meta":{"_et_pb_use_builder":"on","_et_pb_old_content":"","_et_gb_content_width":"","_exactmetrics_skip_tracking":false,"_exactmetrics_sitenote_active":false,"_exactmetrics_sitenote_note":"","_exactmetrics_sitenote_category":0,"footnotes":""},"class_list":["post-2276","page","type-page","status-publish","hentry"],"yoast_head":"<!-- This site is optimized with the Yoast SEO plugin v27.3 - https:\/\/yoast.com\/product\/yoast-seo-wordpress\/ -->\n<title>STAGIAIRE R&amp;D FORMULATION COSMETIQUE ET NATURALITE H\/F &#8226; Algaia<\/title>\n<meta name=\"description\" content=\"Poste \u00e0 pouvoir imm\u00e9diatement- Rejoignez une entreprise de biotechnologie leader !\" \/>\n<meta name=\"robots\" content=\"index, follow, max-snippet:-1, max-image-preview:large, max-video-preview:-1\" \/>\n<link rel=\"canonical\" href=\"https:\/\/www.algaia.com\/en\/index.php\/stagiaire-rd-formulation-cosmetique-et-naturalite-h-f\/\" \/>\n<meta property=\"og:locale\" content=\"en_US\" \/>\n<meta property=\"og:type\" content=\"article\" \/>\n<meta property=\"og:title\" content=\"STAGIAIRE R&amp;D FORMULATION COSMETIQUE ET NATURALITE H\/F\" \/>\n<meta property=\"og:description\" content=\"Algaia recherche 1 stagiaire ing\u00e9nieur en formulation cosm\u00e9tique et naturalit\u00e9 pour une dur\u00e9e de 6 mois.\" \/>\n<meta property=\"og:url\" content=\"https:\/\/www.algaia.com\/en\/index.php\/stagiaire-rd-formulation-cosmetique-et-naturalite-h-f\/\" \/>\n<meta property=\"og:site_name\" content=\"Algaia\" \/>\n<meta property=\"article:modified_time\" content=\"2020-01-23T08:47:42+00:00\" \/>\n<meta property=\"og:image\" content=\"https:\/\/www.algaia.com\/wp-content\/uploads\/2020\/01\/amplitude-magazin-srXbJ1TAdhI-unsplash.jpg\" \/>\n\t<meta property=\"og:image:width\" content=\"600\" \/>\n\t<meta property=\"og:image:height\" content=\"375\" \/>\n\t<meta property=\"og:image:type\" content=\"image\/jpeg\" \/>\n<meta name=\"twitter:card\" content=\"summary_large_image\" \/>\n<meta name=\"twitter:title\" content=\"STAGIAIRE R&amp;D FORMULATION COSMETIQUE ET NATURALITE H\/F\" \/>\n<meta name=\"twitter:description\" content=\"Algaia recherche 1 stagiaire ing\u00e9nieur en formulation cosm\u00e9tique et naturalit\u00e9 pour une dur\u00e9e de 6 mois.\" \/>\n<meta name=\"twitter:image\" content=\"https:\/\/www.algaia.com\/wp-content\/uploads\/2020\/01\/amplitude-magazin-srXbJ1TAdhI-unsplash.jpg\" \/>\n<meta name=\"twitter:label1\" content=\"Est. reading time\" \/>\n\t<meta name=\"twitter:data1\" content=\"3 minutes\" \/>\n<script type=\"application\/ld+json\" class=\"yoast-schema-graph\">{\"@context\":\"https:\\\/\\\/schema.org\",\"@graph\":[{\"@type\":\"WebPage\",\"@id\":\"https:\\\/\\\/www.algaia.com\\\/en\\\/index.php\\\/stagiaire-rd-formulation-cosmetique-et-naturalite-h-f\\\/\",\"url\":\"https:\\\/\\\/www.algaia.com\\\/en\\\/index.php\\\/stagiaire-rd-formulation-cosmetique-et-naturalite-h-f\\\/\",\"name\":\"STAGIAIRE R&D FORMULATION COSMETIQUE ET NATURALITE H\\\/F &#8226; Algaia\",\"isPartOf\":{\"@id\":\"https:\\\/\\\/www.algaia.com\\\/en\\\/#website\"},\"datePublished\":\"2020-01-22T19:29:10+00:00\",\"dateModified\":\"2020-01-23T08:47:42+00:00\",\"description\":\"Poste \u00e0 pouvoir imm\u00e9diatement- Rejoignez une entreprise de biotechnologie leader !\",\"breadcrumb\":{\"@id\":\"https:\\\/\\\/www.algaia.com\\\/en\\\/index.php\\\/stagiaire-rd-formulation-cosmetique-et-naturalite-h-f\\\/#breadcrumb\"},\"inLanguage\":\"en-US\",\"potentialAction\":[{\"@type\":\"ReadAction\",\"target\":[\"https:\\\/\\\/www.algaia.com\\\/en\\\/index.php\\\/stagiaire-rd-formulation-cosmetique-et-naturalite-h-f\\\/\"]}]},{\"@type\":\"BreadcrumbList\",\"@id\":\"https:\\\/\\\/www.algaia.com\\\/en\\\/index.php\\\/stagiaire-rd-formulation-cosmetique-et-naturalite-h-f\\\/#breadcrumb\",\"itemListElement\":[{\"@type\":\"ListItem\",\"position\":1,\"name\":\"Home\",\"item\":\"https:\\\/\\\/www.algaia.com\\\/en\\\/\"},{\"@type\":\"ListItem\",\"position\":2,\"name\":\"STAGIAIRE R&#038;D FORMULATION COSMETIQUE ET NATURALITE H\\\/F\"}]},{\"@type\":\"WebSite\",\"@id\":\"https:\\\/\\\/www.algaia.com\\\/en\\\/#website\",\"url\":\"https:\\\/\\\/www.algaia.com\\\/en\\\/\",\"name\":\"Algaia\",\"description\":\"Your Natural Partner\",\"publisher\":{\"@id\":\"https:\\\/\\\/www.algaia.com\\\/en\\\/#organization\"},\"potentialAction\":[{\"@type\":\"SearchAction\",\"target\":{\"@type\":\"EntryPoint\",\"urlTemplate\":\"https:\\\/\\\/www.algaia.com\\\/en\\\/?s={search_term_string}\"},\"query-input\":{\"@type\":\"PropertyValueSpecification\",\"valueRequired\":true,\"valueName\":\"search_term_string\"}}],\"inLanguage\":\"en-US\"},{\"@type\":\"Organization\",\"@id\":\"https:\\\/\\\/www.algaia.com\\\/en\\\/#organization\",\"name\":\"algaia\",\"url\":\"https:\\\/\\\/www.algaia.com\\\/en\\\/\",\"logo\":{\"@type\":\"ImageObject\",\"inLanguage\":\"en-US\",\"@id\":\"https:\\\/\\\/www.algaia.com\\\/en\\\/#\\\/schema\\\/logo\\\/image\\\/\",\"url\":\"https:\\\/\\\/www.algaia.com\\\/wp-content\\\/uploads\\\/2019\\\/03\\\/news.jpg\",\"contentUrl\":\"https:\\\/\\\/www.algaia.com\\\/wp-content\\\/uploads\\\/2019\\\/03\\\/news.jpg\",\"width\":358,\"height\":251,\"caption\":\"algaia\"},\"image\":{\"@id\":\"https:\\\/\\\/www.algaia.com\\\/en\\\/#\\\/schema\\\/logo\\\/image\\\/\"},\"sameAs\":[\"https:\\\/\\\/www.linkedin.com\\\/company\\\/algaia\\\/\"]}]}<\/script>\n<!-- \/ Yoast SEO plugin. -->","yoast_head_json":{"title":"STAGIAIRE R&D FORMULATION COSMETIQUE ET NATURALITE H\/F &#8226; Algaia","description":"Poste \u00e0 pouvoir imm\u00e9diatement- Rejoignez une entreprise de biotechnologie leader !","robots":{"index":"index","follow":"follow","max-snippet":"max-snippet:-1","max-image-preview":"max-image-preview:large","max-video-preview":"max-video-preview:-1"},"canonical":"https:\/\/www.algaia.com\/en\/index.php\/stagiaire-rd-formulation-cosmetique-et-naturalite-h-f\/","og_locale":"en_US","og_type":"article","og_title":"STAGIAIRE R&D FORMULATION COSMETIQUE ET NATURALITE H\/F","og_description":"Algaia recherche 1 stagiaire ing\u00e9nieur en formulation cosm\u00e9tique et naturalit\u00e9 pour une dur\u00e9e de 6 mois.","og_url":"https:\/\/www.algaia.com\/en\/index.php\/stagiaire-rd-formulation-cosmetique-et-naturalite-h-f\/","og_site_name":"Algaia","article_modified_time":"2020-01-23T08:47:42+00:00","og_image":[{"width":600,"height":375,"url":"https:\/\/www.algaia.com\/wp-content\/uploads\/2020\/01\/amplitude-magazin-srXbJ1TAdhI-unsplash.jpg","type":"image\/jpeg"}],"twitter_card":"summary_large_image","twitter_title":"STAGIAIRE R&D FORMULATION COSMETIQUE ET NATURALITE H\/F","twitter_description":"Algaia recherche 1 stagiaire ing\u00e9nieur en formulation cosm\u00e9tique et naturalit\u00e9 pour une dur\u00e9e de 6 mois.","twitter_image":"https:\/\/www.algaia.com\/wp-content\/uploads\/2020\/01\/amplitude-magazin-srXbJ1TAdhI-unsplash.jpg","twitter_misc":{"Est. reading time":"3 minutes"},"schema":{"@context":"https:\/\/schema.org","@graph":[{"@type":"WebPage","@id":"https:\/\/www.algaia.com\/en\/index.php\/stagiaire-rd-formulation-cosmetique-et-naturalite-h-f\/","url":"https:\/\/www.algaia.com\/en\/index.php\/stagiaire-rd-formulation-cosmetique-et-naturalite-h-f\/","name":"STAGIAIRE R&D FORMULATION COSMETIQUE ET NATURALITE H\/F &#8226; Algaia","isPartOf":{"@id":"https:\/\/www.algaia.com\/en\/#website"},"datePublished":"2020-01-22T19:29:10+00:00","dateModified":"2020-01-23T08:47:42+00:00","description":"Poste \u00e0 pouvoir imm\u00e9diatement- Rejoignez une entreprise de biotechnologie leader !","breadcrumb":{"@id":"https:\/\/www.algaia.com\/en\/index.php\/stagiaire-rd-formulation-cosmetique-et-naturalite-h-f\/#breadcrumb"},"inLanguage":"en-US","potentialAction":[{"@type":"ReadAction","target":["https:\/\/www.algaia.com\/en\/index.php\/stagiaire-rd-formulation-cosmetique-et-naturalite-h-f\/"]}]},{"@type":"BreadcrumbList","@id":"https:\/\/www.algaia.com\/en\/index.php\/stagiaire-rd-formulation-cosmetique-et-naturalite-h-f\/#breadcrumb","itemListElement":[{"@type":"ListItem","position":1,"name":"Home","item":"https:\/\/www.algaia.com\/en\/"},{"@type":"ListItem","position":2,"name":"STAGIAIRE R&#038;D FORMULATION COSMETIQUE ET NATURALITE H\/F"}]},{"@type":"WebSite","@id":"https:\/\/www.algaia.com\/en\/#website","url":"https:\/\/www.algaia.com\/en\/","name":"Algaia","description":"Your Natural Partner","publisher":{"@id":"https:\/\/www.algaia.com\/en\/#organization"},"potentialAction":[{"@type":"SearchAction","target":{"@type":"EntryPoint","urlTemplate":"https:\/\/www.algaia.com\/en\/?s={search_term_string}"},"query-input":{"@type":"PropertyValueSpecification","valueRequired":true,"valueName":"search_term_string"}}],"inLanguage":"en-US"},{"@type":"Organization","@id":"https:\/\/www.algaia.com\/en\/#organization","name":"algaia","url":"https:\/\/www.algaia.com\/en\/","logo":{"@type":"ImageObject","inLanguage":"en-US","@id":"https:\/\/www.algaia.com\/en\/#\/schema\/logo\/image\/","url":"https:\/\/www.algaia.com\/wp-content\/uploads\/2019\/03\/news.jpg","contentUrl":"https:\/\/www.algaia.com\/wp-content\/uploads\/2019\/03\/news.jpg","width":358,"height":251,"caption":"algaia"},"image":{"@id":"https:\/\/www.algaia.com\/en\/#\/schema\/logo\/image\/"},"sameAs":["https:\/\/www.linkedin.com\/company\/algaia\/"]}]}},"_links":{"self":[{"href":"https:\/\/www.algaia.com\/en\/index.php\/wp-json\/wp\/v2\/pages\/2276","targetHints":{"allow":["GET"]}}],"collection":[{"href":"https:\/\/www.algaia.com\/en\/index.php\/wp-json\/wp\/v2\/pages"}],"about":[{"href":"https:\/\/www.algaia.com\/en\/index.php\/wp-json\/wp\/v2\/types\/page"}],"author":[{"embeddable":true,"href":"https:\/\/www.algaia.com\/en\/index.php\/wp-json\/wp\/v2\/users\/1"}],"replies":[{"embeddable":true,"href":"https:\/\/www.algaia.com\/en\/index.php\/wp-json\/wp\/v2\/comments?post=2276"}],"version-history":[{"count":3,"href":"https:\/\/www.algaia.com\/en\/index.php\/wp-json\/wp\/v2\/pages\/2276\/revisions"}],"predecessor-version":[{"id":2284,"href":"https:\/\/www.algaia.com\/en\/index.php\/wp-json\/wp\/v2\/pages\/2276\/revisions\/2284"}],"wp:attachment":[{"href":"https:\/\/www.algaia.com\/en\/index.php\/wp-json\/wp\/v2\/media?parent=2276"}],"curies":[{"name":"wp","href":"https:\/\/api.w.org\/{rel}","templated":true}]}}